{"id":29361,"date":"2016-07-06T10:47:34","date_gmt":"2016-07-06T08:47:34","guid":{"rendered":"https:\/\/www.soleum.de\/shop\/Bez%20kategorije\/dvostruki-okrugli-tus-izraden-od-eps-a\/"},"modified":"2024-02-23T16:40:29","modified_gmt":"2024-02-23T15:40:29","slug":"dvokruzni-tus-off-eps","status":"publish","type":"product","link":"https:\/\/www.soleum.de\/hr\/shop\/okrugli-tus\/dvokruzni-tus-off-eps\/","title":{"rendered":"DVOSTRUKI okrugli tu\u0161 izra\u0111en od EPS-a"},"content":{"rendered":"<div class=\"module-wrapper no-cnt mod-product-longdesc\">\n<h1>DVOSTRUKI okrugli tu\u0161 izra\u0111en od EPS-a<\/h1>\n<p>Promjer=100cm iznutra<\/p>\n<p>sa sustavom jezika i utora<br \/>\nDebljina stijenke 10cm<\/p>\n<p>Dvodijelna visina do 240 cm<\/p>\n<p>BEZ izreza vodovodnih cijevi &#8211; mo\u017eemo ih uzeti u obzir uz nadoplatu od 80 EUR,&#8211; do \u017eeljenog polo\u017eaja! Da biste to u\u010dinili, odaberite ovu stavku prilikom online naru\u010divanja i po\u0161aljite nam svoja mjerenja e-po\u0161tom.<\/p>\n<\/div>\n","protected":false},"excerpt":{"rendered":"<p>Dvostruki okrugli tu\u0161 izra\u0111en od EPS-a, promjera = 100 cm iznutra<\/p>\n<p>Ovaj okrugli komplet za tu\u0161iranje \u0161aljemo \u0161pediterom.<\/p>\n","protected":false},"featured_media":10665,"template":"","meta":[],"product_brand":[],"product_cat":[3833],"product_tag":[3895,3897,3896,3836,3837,3835,3899,3898],"class_list":{"0":"post-29361","1":"product","2":"type-product","3":"status-publish","4":"has-post-thumbnail","6":"product_cat-okrugli-tus","7":"product_tag-dvostruki-okrugli-tus","8":"product_tag-dvostruki-okrugli-tus-hr","9":"product_tag-dvostruki-tus","10":"product_tag-izgradite-vlastiti-okrugli-tus","11":"product_tag-okrugli-komplet-za-tusiranje","12":"product_tag-okrugli-tus-izraden-od-eps-a","13":"product_tag-okrugli-tus-od-stirodura","14":"product_tag-okrugli-tus-za-hotel","15":"product_shipping_class-glomazna-roba","17":"first","18":"instock","19":"sold-individually","20":"purchasable","21":"product-type-simple"},"_links":{"self":[{"href":"https:\/\/www.soleum.de\/hr\/wp-json\/wp\/v2\/product\/29361","targetHints":{"allow":["GET"]}}],"collection":[{"href":"https:\/\/www.soleum.de\/hr\/wp-json\/wp\/v2\/product"}],"about":[{"href":"https:\/\/www.soleum.de\/hr\/wp-json\/wp\/v2\/types\/product"}],"wp:featuredmedia":[{"embeddable":true,"href":"https:\/\/www.soleum.de\/hr\/wp-json\/wp\/v2\/media\/10665"}],"wp:attachment":[{"href":"https:\/\/www.soleum.de\/hr\/wp-json\/wp\/v2\/media?parent=29361"}],"wp:term":[{"taxonomy":"product_brand","embeddable":true,"href":"https:\/\/www.soleum.de\/hr\/wp-json\/wp\/v2\/product_brand?post=29361"},{"taxonomy":"product_cat","embeddable":true,"href":"https:\/\/www.soleum.de\/hr\/wp-json\/wp\/v2\/product_cat?post=29361"},{"taxonomy":"product_tag","embeddable":true,"href":"https:\/\/www.soleum.de\/hr\/wp-json\/wp\/v2\/product_tag?post=29361"}],"curies":[{"name":"wp","href":"https:\/\/api.w.org\/{rel}","templated":true}]}}