{"id":29368,"date":"2016-07-06T10:47:43","date_gmt":"2016-07-06T08:47:43","guid":{"rendered":"https:\/\/www.soleum.de\/shop\/Bez%20kategorije\/izgradite-vlastiti-tus-s-puzem\/"},"modified":"2024-02-23T16:40:31","modified_gmt":"2024-02-23T15:40:31","slug":"izgradite-vlastiti-tus-s-puzem","status":"publish","type":"product","link":"https:\/\/www.soleum.de\/hr\/shop\/tus-puza\/izgradite-vlastiti-tus-s-puzem\/","title":{"rendered":"Izgradite vlastiti tu\u0161 s pu\u017eem"},"content":{"rendered":"<h1>Izgradnja vlastitog tu\u0161a pu\u017eeva vrlo je jednostavna!<\/h1>\n<p>S na\u0161im kompletom za tu\u0161iranje pu\u017eeva to se mo\u017ee u\u010diniti brzo i jeftino!<\/p>\n<p>Dimenzije do cca 200\/200cm, visina do 240cm &#8211; Proizvodimo bilo koju veli\u010dinu za vas po <strong>ovoj cijeni<\/strong> <strong>do ovih dimenzija<\/strong> ! Po\u0161aljite nam svoj plan i \u017eelje ovdje.<\/p>\n<p>Komplet koji se vrlo lako lijepi na licu mjesta (u usporedbi s tu\u0161em pu\u017ea od gaziranog betona)<\/p>\n<p>Me\u0111utim, tako\u0111er proizvodimo tu\u0161 pu\u017eeva u svim drugim zamislivim varijantama i dimenzijama &#8211; obratite nam se.<\/p>\n<p>Materijal je EPS debljine 10 cm, koji se zatim mora navla\u017eiti s obje strane.<\/p>\n","protected":false},"excerpt":{"rendered":"<p>Komplet za tu\u0161iranje pu\u017eeva izra\u0111en od EPS-a do cca 200\/200cm, visine do 240 cm,<\/p>\n<p>Opremu \u0161aljemo \u0161pediteru!<\/p>\n","protected":false},"featured_media":10644,"template":"","meta":[],"product_brand":[],"product_cat":[3938],"product_tag":[3943,3944,3939,3942,3940,3941],"class_list":{"0":"post-29368","1":"product","2":"type-product","3":"status-publish","4":"has-post-thumbnail","6":"product_cat-tus-puza","7":"product_tag-izgradite-vlastiti-tus-s-puzem","8":"product_tag-komplet-za-tusiranje-puzeva","9":"product_tag-puz-okrugli-tus","10":"product_tag-puz-tus-gazirani-beton","11":"product_tag-tus-puza","12":"product_tag-tus-s-puzem-od-eps-a","13":"product_shipping_class-glomazna-roba","15":"first","16":"instock","17":"sold-individually","18":"purchasable","19":"product-type-simple"},"_links":{"self":[{"href":"https:\/\/www.soleum.de\/hr\/wp-json\/wp\/v2\/product\/29368","targetHints":{"allow":["GET"]}}],"collection":[{"href":"https:\/\/www.soleum.de\/hr\/wp-json\/wp\/v2\/product"}],"about":[{"href":"https:\/\/www.soleum.de\/hr\/wp-json\/wp\/v2\/types\/product"}],"wp:featuredmedia":[{"embeddable":true,"href":"https:\/\/www.soleum.de\/hr\/wp-json\/wp\/v2\/media\/10644"}],"wp:attachment":[{"href":"https:\/\/www.soleum.de\/hr\/wp-json\/wp\/v2\/media?parent=29368"}],"wp:term":[{"taxonomy":"product_brand","embeddable":true,"href":"https:\/\/www.soleum.de\/hr\/wp-json\/wp\/v2\/product_brand?post=29368"},{"taxonomy":"product_cat","embeddable":true,"href":"https:\/\/www.soleum.de\/hr\/wp-json\/wp\/v2\/product_cat?post=29368"},{"taxonomy":"product_tag","embeddable":true,"href":"https:\/\/www.soleum.de\/hr\/wp-json\/wp\/v2\/product_tag?post=29368"}],"curies":[{"name":"wp","href":"https:\/\/api.w.org\/{rel}","templated":true}]}}