{"id":29383,"date":"2016-07-06T10:48:01","date_gmt":"2016-07-06T08:48:01","guid":{"rendered":"https:\/\/www.soleum.de\/shop\/Bez%20kategorije\/dvostruki-okrugli-tus-izraden-od-eps-a\/"},"modified":"2024-02-23T16:43:16","modified_gmt":"2024-02-23T15:43:16","slug":"dvostruki-okrugli-tus-off-eps","status":"publish","type":"product","link":"https:\/\/www.soleum.de\/hr\/shop\/letvice-za-parne-kupelji\/dvostruki-okrugli-tus-off-eps\/","title":{"rendered":"Dvostruki okrugli tu\u0161 izra\u0111en od EPS-a"},"content":{"rendered":"<p>Dvostruki okrugli tu\u0161 izra\u0111en od EPS-a, promjera = 100 cm iznutra, cca 275cm x 190cm<\/p>\n<p>Set se sastoji od nekoliko dijelova koji se jednostavno moraju zalijepiti na licu mjesta.<\/p>\n<p>CIJENE PREUZIMANJA! Tro\u0161kovi dostave moraju se zatra\u017eiti od brodarske tvrtke<\/p>\n","protected":false},"excerpt":{"rendered":"<p>DVOSTRUKI okrugli tu\u0161 izra\u0111en od EPS-a, promjera = 100 cm iznutra, cca 275cm x 190cm<\/p>\n<p>Set se sastoji od nekoliko dijelova koji se jednostavno moraju zalijepiti na licu mjesta.<\/p>\n<p><strong>Komplet se isporu\u010duje s \u0161pediterom!<\/strong><\/p>\n","protected":false},"featured_media":10567,"template":"","meta":[],"product_brand":[],"product_cat":[3981,3833],"product_tag":[3897,3837,3834,3835,3899,4038,4035],"class_list":{"0":"post-29383","1":"product","2":"type-product","3":"status-publish","4":"has-post-thumbnail","6":"product_cat-letvice-za-parne-kupelji","7":"product_cat-okrugli-tus","8":"product_tag-dvostruki-okrugli-tus-hr","9":"product_tag-okrugli-komplet-za-tusiranje","10":"product_tag-okrugli-tus","11":"product_tag-okrugli-tus-izraden-od-eps-a","12":"product_tag-okrugli-tus-od-stirodura","13":"product_tag-termalni-tus","14":"product_tag-tus-za-hotele","15":"product_shipping_class-glomazna-roba","17":"first","18":"instock","19":"sold-individually","20":"taxable","21":"shipping-taxable","22":"purchasable","23":"product-type-simple"},"_links":{"self":[{"href":"https:\/\/www.soleum.de\/hr\/wp-json\/wp\/v2\/product\/29383","targetHints":{"allow":["GET"]}}],"collection":[{"href":"https:\/\/www.soleum.de\/hr\/wp-json\/wp\/v2\/product"}],"about":[{"href":"https:\/\/www.soleum.de\/hr\/wp-json\/wp\/v2\/types\/product"}],"wp:featuredmedia":[{"embeddable":true,"href":"https:\/\/www.soleum.de\/hr\/wp-json\/wp\/v2\/media\/10567"}],"wp:attachment":[{"href":"https:\/\/www.soleum.de\/hr\/wp-json\/wp\/v2\/media?parent=29383"}],"wp:term":[{"taxonomy":"product_brand","embeddable":true,"href":"https:\/\/www.soleum.de\/hr\/wp-json\/wp\/v2\/product_brand?post=29383"},{"taxonomy":"product_cat","embeddable":true,"href":"https:\/\/www.soleum.de\/hr\/wp-json\/wp\/v2\/product_cat?post=29383"},{"taxonomy":"product_tag","embeddable":true,"href":"https:\/\/www.soleum.de\/hr\/wp-json\/wp\/v2\/product_tag?post=29383"}],"curies":[{"name":"wp","href":"https:\/\/api.w.org\/{rel}","templated":true}]}}