{"id":29409,"date":"2016-07-06T10:48:08","date_gmt":"2016-07-06T08:48:08","guid":{"rendered":"https:\/\/www.soleum.de\/shop\/Bez kategorije\/grijaca-prostirka-za-parnu-kupelj-swing\/"},"modified":"2016-07-06T10:48:08","modified_gmt":"2016-07-06T08:48:08","slug":"grijaca-prostirka-za-parnu-kupelj","status":"publish","type":"product","link":"https:\/\/www.soleum.de\/hr\/shop\/grijace-prostirke-za-parnu-kupelj\/grijaca-prostirka-za-parnu-kupelj\/","title":{"rendered":"Grija\u0107a prostirka za parnu kupelj SWING"},"content":{"rendered":"<p><b><i>Specifikacije:  <\/i><\/b><\/p>\n<p>Nominalna temperatura: 150\u00b0C<br \/>\nMjera za\u0161tite: RCD za\u0161titni krug s 30mA<br \/>\nNapon: 230V<br \/>\ntestirano: VDE (grija\u0107i vodi\u010d)<br \/>\n<i><b><\/b><\/i><\/p>\n<p><i><b>Kaltenden:<\/b><\/i><\/p>\n<p>Konstrukcija poput vodi\u010da za grijanje s teflonskom izolacijom 1,5 ili 2,5 mm2<br \/>\nDu\u017eina: 4m i 4m + du\u017eina prostirke<\/p>\n<p><u><br \/>\n  <strong>Potreban<\/strong><br \/>\n<\/u> je elektroni\u010dki grani\u010dnik temperature (regulator grijanja) i cijev za za\u0161titu senzora. Tako\u0111er dostupan u ovoj trgovini.<\/p>\n<p><a href=\"https:\/\/www.soleum.de\/?page_id=54\">Le\u017ealjka za parnu kupelj SWING<\/a><\/p>\n","protected":false},"excerpt":{"rendered":"<p>Grija\u0107a prostirka za parnu kupelj SWING 300W\/m2<\/p>\n","protected":false},"featured_media":10553,"template":"","meta":[],"product_brand":[],"product_cat":[3679],"product_tag":[4162,4164,4163,4161],"class_list":{"0":"post-29409","1":"product","2":"type-product","3":"status-publish","4":"has-post-thumbnail","6":"product_cat-grijace-prostirke-za-parnu-kupelj","7":"product_tag-grijaca-prostirka","8":"product_tag-grijaca-prostirka-za-lezaljku-za-parnu-kupelj","9":"product_tag-grijaca-prostirka-grijac-parne-kupelji-grijac-tepidarija","10":"product_tag-podloga-za-grijanje-parne-kupelji","11":"product_shipping_class-paket-5-10kg","13":"first","14":"instock","15":"sold-individually","16":"taxable","17":"shipping-taxable","18":"purchasable","19":"product-type-simple"},"_links":{"self":[{"href":"https:\/\/www.soleum.de\/hr\/wp-json\/wp\/v2\/product\/29409","targetHints":{"allow":["GET"]}}],"collection":[{"href":"https:\/\/www.soleum.de\/hr\/wp-json\/wp\/v2\/product"}],"about":[{"href":"https:\/\/www.soleum.de\/hr\/wp-json\/wp\/v2\/types\/product"}],"wp:featuredmedia":[{"embeddable":true,"href":"https:\/\/www.soleum.de\/hr\/wp-json\/wp\/v2\/media\/10553"}],"wp:attachment":[{"href":"https:\/\/www.soleum.de\/hr\/wp-json\/wp\/v2\/media?parent=29409"}],"wp:term":[{"taxonomy":"product_brand","embeddable":true,"href":"https:\/\/www.soleum.de\/hr\/wp-json\/wp\/v2\/product_brand?post=29409"},{"taxonomy":"product_cat","embeddable":true,"href":"https:\/\/www.soleum.de\/hr\/wp-json\/wp\/v2\/product_cat?post=29409"},{"taxonomy":"product_tag","embeddable":true,"href":"https:\/\/www.soleum.de\/hr\/wp-json\/wp\/v2\/product_tag?post=29409"}],"curies":[{"name":"wp","href":"https:\/\/api.w.org\/{rel}","templated":true}]}}