{"id":29414,"date":"2016-07-06T10:48:08","date_gmt":"2016-07-06T08:48:08","guid":{"rendered":"https:\/\/www.soleum.de\/shop\/Bez%20kategorije\/parna-kupelj-svjetlo-led-toplo-bijela\/"},"modified":"2024-02-23T16:43:24","modified_gmt":"2024-02-23T15:43:24","slug":"dampfbadlicht_led_warmweiss","status":"publish","type":"product","link":"https:\/\/www.soleum.de\/hr\/shop\/led-svjetiljke\/dampfbadlicht_led_warmweiss\/","title":{"rendered":"Parna kupelj svjetlo LED toplo bijela"},"content":{"rendered":"<div class=\"module-wrapper no-cnt mod-product-longdesc\">\n<h1>Parna kupelj svjetlo LED toplo bijela<\/h1>\n<div>\n<p>Parna kupelj lagana topla bijela LED 1x3W, toplo bijela, IP67, 12VDC \/ 24V DC<\/p>\n<p>&#8211; Aluminijsko ku\u0107i\u0161te<br \/>\n&#8211; Otvor od nehr\u0111aju\u0107eg \u010delika<br \/>\n&#8211; HI-Power LED<br \/>\n&#8211; 12mm sigurnosno staklo<br \/>\n&#8211; Kut snopa 45\u00b0<\/p>\n<\/div>\n<div>Potro\u0161nja energije: 3.3W<br \/>\nTe\u017eina: 240g<\/div>\n<div><\/div>\n<div>stabilizirani LED transformator, povoljan je 24V DC, potreban!<\/div>\n<div><\/div>\n<div>Promjer otvora od nehr\u0111aju\u0107eg \u010delika 58mm<\/div>\n<div>Promjer monta\u017ene \u010dahure 50mm<\/div>\n<div>Dubina ugradnje najmanje 100 mm (kabelom)<\/div>\n<div>Monta\u017ena \u010dahura 107mm<\/div>\n<\/div>\n<div><\/div>\n<div>Svjetiljka nema brtveni prsten, uvijek se lijepi u parnim tu\u0161evima i parnim kupkama s visokokvalitetnim silikonom.<\/div>\n<div class=\"module-wrapper no-cnt mod-product-longdesc\"><\/div>\n","protected":false},"excerpt":{"rendered":"<h1>Parna kupelj svjetlo LED toplo bijela, 3W<\/h1>\n<p>1x3W, toplo bijela, IP67, 12VDC\/24V DC<\/p>\n","protected":false},"featured_media":10497,"template":"","meta":[],"product_brand":[],"product_cat":[4187],"product_tag":[4196,4197,4192,4194,4188,4189,4190],"class_list":{"0":"post-29414","1":"product","2":"type-product","3":"status-publish","4":"has-post-thumbnail","6":"product_cat-led-svjetiljke","7":"product_tag-ip67-led-hr","8":"product_tag-parna-kupelj-svjetlo-led-toplo-bijela","9":"product_tag-svjetiljka-otporna-na-vlagu","10":"product_tag-svjetiljka-otporna-na-vlagu-hr","11":"product_tag-svjetiljka-za-parnu-kupelj","12":"product_tag-svjetiljka-za-parnu-kupelj-hr","13":"product_tag-svjetlo-parne-kupelji","14":"product_shipping_class-paket-5-10kg","16":"first","17":"instock","18":"sold-individually","19":"taxable","20":"shipping-taxable","21":"purchasable","22":"product-type-simple"},"_links":{"self":[{"href":"https:\/\/www.soleum.de\/hr\/wp-json\/wp\/v2\/product\/29414","targetHints":{"allow":["GET"]}}],"collection":[{"href":"https:\/\/www.soleum.de\/hr\/wp-json\/wp\/v2\/product"}],"about":[{"href":"https:\/\/www.soleum.de\/hr\/wp-json\/wp\/v2\/types\/product"}],"wp:featuredmedia":[{"embeddable":true,"href":"https:\/\/www.soleum.de\/hr\/wp-json\/wp\/v2\/media\/10497"}],"wp:attachment":[{"href":"https:\/\/www.soleum.de\/hr\/wp-json\/wp\/v2\/media?parent=29414"}],"wp:term":[{"taxonomy":"product_brand","embeddable":true,"href":"https:\/\/www.soleum.de\/hr\/wp-json\/wp\/v2\/product_brand?post=29414"},{"taxonomy":"product_cat","embeddable":true,"href":"https:\/\/www.soleum.de\/hr\/wp-json\/wp\/v2\/product_cat?post=29414"},{"taxonomy":"product_tag","embeddable":true,"href":"https:\/\/www.soleum.de\/hr\/wp-json\/wp\/v2\/product_tag?post=29414"}],"curies":[{"name":"wp","href":"https:\/\/api.w.org\/{rel}","templated":true}]}}