{"id":29445,"date":"2016-07-06T10:48:08","date_gmt":"2016-07-06T08:48:08","guid":{"rendered":"https:\/\/www.soleum.de\/shop\/Bez%20kategorije\/kutno-sjedalo-za-tusiranje\/"},"modified":"2024-02-23T16:41:50","modified_gmt":"2024-02-23T15:41:50","slug":"kutno-sjedalo-za-tusiranje","status":"publish","type":"product","link":"https:\/\/www.soleum.de\/hr\/shop\/letvice-za-parne-kupelji\/kutno-sjedalo-za-tusiranje\/","title":{"rendered":"Kutno sjedalo za tu\u0161iranje"},"content":{"rendered":"<h1>Kutno sjedalo za tu\u0161iranje &#8211; s pripadaju\u0107im zidovima izra\u0111enim od EPS-a<\/h1>\n<p>R30080 s EPS stra\u017enjim plo\u010dama ugodnog radijusa R300<\/p>\n<p>Preporu\u010dujemo zagrijavanje ovih letvica! Tu je i posebna grija\u0107a prostirka za naslon i <a href=\"http:\/\/www.dampfbad.at\/produkt\/heizmatte-fuer-ecksitz\/\">grija\u0107a prostirka za kutno sjedalo <\/a> <a href=\"http:\/\/www.dampfbad.at\/produkt\/heizmatte-fuer-ecksitz-rueckenteil-90cm-breite-rt100x100b90\/\"> <\/a> <\/p>\n<p>EPS moduli moraju biti prethodno netirani (tekstilna staklena mre\u017ea), zape\u010da\u0107eni, a zatim poplo\u010dani,<\/p>\n<h2>Dimenzije:<\/h2>\n<p>Dubina sjedala pribli\u017eno 40 cm do stra\u017enjeg elementa s polumjerom 300<\/p>\n<p>Duljina bedra 80cm \/ 80cm<\/p>\n<p>Dijagonalna prednja strana 116cm<\/p>\n<p>&nbsp;<\/p>\n","protected":false},"excerpt":{"rendered":"<p>Parna klupa za kupelj &#8220;kutno sjedalo&#8221; &#8211; EPS moduli s okruglim stra\u017enjim i kutnim sjedalom<\/p>\n","protected":false},"featured_media":10532,"template":"","meta":[],"product_brand":[],"product_cat":[3981,3724],"product_tag":[4331,4299,3729,3730,4297,4332,4329,3731],"class_list":{"0":"post-29445","1":"product","2":"type-product","3":"status-publish","4":"has-post-thumbnail","6":"product_cat-letvice-za-parne-kupelji","7":"product_cat-parne-klupe-za-kupelj","8":"product_tag-elementi-tusa","9":"product_tag-eps-sjedalo","10":"product_tag-klupa-za-parnu-kupelj-hr","11":"product_tag-klupa-za-tusiranje","12":"product_tag-kutno-sjedalo","13":"product_tag-kutno-sjedalo-za-tusiranje","14":"product_tag-tus-bez-prepreka","15":"product_tag-tus-sjedalo","16":"product_shipping_class-glomazna-roba","18":"first","19":"instock","20":"sold-individually","21":"taxable","22":"shipping-taxable","23":"purchasable","24":"product-type-simple"},"_links":{"self":[{"href":"https:\/\/www.soleum.de\/hr\/wp-json\/wp\/v2\/product\/29445","targetHints":{"allow":["GET"]}}],"collection":[{"href":"https:\/\/www.soleum.de\/hr\/wp-json\/wp\/v2\/product"}],"about":[{"href":"https:\/\/www.soleum.de\/hr\/wp-json\/wp\/v2\/types\/product"}],"wp:featuredmedia":[{"embeddable":true,"href":"https:\/\/www.soleum.de\/hr\/wp-json\/wp\/v2\/media\/10532"}],"wp:attachment":[{"href":"https:\/\/www.soleum.de\/hr\/wp-json\/wp\/v2\/media?parent=29445"}],"wp:term":[{"taxonomy":"product_brand","embeddable":true,"href":"https:\/\/www.soleum.de\/hr\/wp-json\/wp\/v2\/product_brand?post=29445"},{"taxonomy":"product_cat","embeddable":true,"href":"https:\/\/www.soleum.de\/hr\/wp-json\/wp\/v2\/product_cat?post=29445"},{"taxonomy":"product_tag","embeddable":true,"href":"https:\/\/www.soleum.de\/hr\/wp-json\/wp\/v2\/product_tag?post=29445"}],"curies":[{"name":"wp","href":"https:\/\/api.w.org\/{rel}","templated":true}]}}