{"id":29451,"date":"2016-07-06T10:48:08","date_gmt":"2016-07-06T08:48:08","guid":{"rendered":"https:\/\/www.soleum.de\/shop\/Bez kategorije\/grijaca-prostirka-za-naslon-sjedala-u-kutu-sirine-100-cm\/"},"modified":"2016-07-06T10:48:08","modified_gmt":"2016-07-06T08:48:08","slug":"grijaca-prostirka-za-naslonsku-plocu-kutnog-sjedala","status":"publish","type":"product","link":"https:\/\/www.soleum.de\/hr\/shop\/grijace-prostirke-za-parnu-kupelj\/grijaca-prostirka-za-naslonsku-plocu-kutnog-sjedala\/","title":{"rendered":"Grija\u0107a prostirka za naslon sjedala u kutu \u0161irine 100 cm"},"content":{"rendered":"<h2>Grija\u0107a prostirka za naslon sjedala u kutu 100 cm \u0161irine RT100x100B100<\/h2>\n<p>Posebna grija\u0107a prostirka cca 300W\/m2 za kutno sjedalo, \u0161irine 90 cm (ako su okovi montirani bli\u017ee kutu)<\/p>\n<p>Uklapa se na <a href=\"http:\/\/www.dampfbad.at\/produkt\/eck-sitzbank-r300s80-mit-rueckenwaende-r300\/\">zaobljeni stra\u017enji dio<\/a> , koji je tako\u0111er dostupan od nas.<\/p>\n<p>&nbsp;<\/p>\n","protected":false},"excerpt":{"rendered":"<p>Posebna grija\u0107a prostirka cca 300W\/m2 za kutno sjedalo, \u0161irine 90 cm (ako su okovi montirani bli\u017ee kutu)<\/p>\n<p>Uklapa se na zaobljeni stra\u017enji dio, koji je tako\u0111er dostupan od nas.<\/p>\n","protected":false},"featured_media":10546,"template":"","meta":[],"product_brand":[],"product_cat":[3679],"product_tag":[4162,4161,4217,4218],"class_list":{"0":"post-29451","1":"product","2":"type-product","3":"status-publish","4":"has-post-thumbnail","6":"product_cat-grijace-prostirke-za-parnu-kupelj","7":"product_tag-grijaca-prostirka","8":"product_tag-podloga-za-grijanje-parne-kupelji","9":"product_tag-posebna-grijaca-prostirka","10":"product_tag-tepidarium-grijaca-prostirka","11":"product_shipping_class-paket-5-10kg","13":"first","14":"instock","15":"sold-individually","16":"taxable","17":"shipping-taxable","18":"purchasable","19":"product-type-simple"},"_links":{"self":[{"href":"https:\/\/www.soleum.de\/hr\/wp-json\/wp\/v2\/product\/29451","targetHints":{"allow":["GET"]}}],"collection":[{"href":"https:\/\/www.soleum.de\/hr\/wp-json\/wp\/v2\/product"}],"about":[{"href":"https:\/\/www.soleum.de\/hr\/wp-json\/wp\/v2\/types\/product"}],"wp:featuredmedia":[{"embeddable":true,"href":"https:\/\/www.soleum.de\/hr\/wp-json\/wp\/v2\/media\/10546"}],"wp:attachment":[{"href":"https:\/\/www.soleum.de\/hr\/wp-json\/wp\/v2\/media?parent=29451"}],"wp:term":[{"taxonomy":"product_brand","embeddable":true,"href":"https:\/\/www.soleum.de\/hr\/wp-json\/wp\/v2\/product_brand?post=29451"},{"taxonomy":"product_cat","embeddable":true,"href":"https:\/\/www.soleum.de\/hr\/wp-json\/wp\/v2\/product_cat?post=29451"},{"taxonomy":"product_tag","embeddable":true,"href":"https:\/\/www.soleum.de\/hr\/wp-json\/wp\/v2\/product_tag?post=29451"}],"curies":[{"name":"wp","href":"https:\/\/api.w.org\/{rel}","templated":true}]}}