{"id":29463,"date":"2016-07-06T10:48:08","date_gmt":"2016-07-06T08:48:08","guid":{"rendered":"https:\/\/www.soleum.de\/shop\/Bez kategorije\/grijaca-prostirka-za-naslon-sjedala-u-kutu-90cm-sirina-rt100x100b90\/"},"modified":"2016-07-06T10:48:08","modified_gmt":"2016-07-06T08:48:08","slug":"grijaca-prostirka-za-kut-sjedalo-naslon-dio-90cm-sirina-rt100x100b90","status":"publish","type":"product","link":"https:\/\/www.soleum.de\/hr\/shop\/grijace-prostirke-za-parnu-kupelj\/grijaca-prostirka-za-kut-sjedalo-naslon-dio-90cm-sirina-rt100x100b90\/","title":{"rendered":"Grija\u0107a prostirka za naslon sjedala u kutu 90cm \u0161irina-RT100x100B90"},"content":{"rendered":"","protected":false},"excerpt":{"rendered":"<p>Posebna grija\u0107a prostirka cca 300W\/m2 za kutno sjedalo \u0161irine 90 cm (ako su okovi montirani bli\u017ee kutu)<\/p>\n","protected":false},"featured_media":10539,"template":"","meta":[],"product_brand":[],"product_cat":[3679],"product_tag":[],"class_list":{"0":"post-29463","1":"product","2":"type-product","3":"status-publish","4":"has-post-thumbnail","6":"product_cat-grijace-prostirke-za-parnu-kupelj","7":"product_shipping_class-paket-5-10kg","9":"first","10":"instock","11":"sold-individually","12":"taxable","13":"shipping-taxable","14":"purchasable","15":"product-type-simple"},"_links":{"self":[{"href":"https:\/\/www.soleum.de\/hr\/wp-json\/wp\/v2\/product\/29463","targetHints":{"allow":["GET"]}}],"collection":[{"href":"https:\/\/www.soleum.de\/hr\/wp-json\/wp\/v2\/product"}],"about":[{"href":"https:\/\/www.soleum.de\/hr\/wp-json\/wp\/v2\/types\/product"}],"wp:featuredmedia":[{"embeddable":true,"href":"https:\/\/www.soleum.de\/hr\/wp-json\/wp\/v2\/media\/10539"}],"wp:attachment":[{"href":"https:\/\/www.soleum.de\/hr\/wp-json\/wp\/v2\/media?parent=29463"}],"wp:term":[{"taxonomy":"product_brand","embeddable":true,"href":"https:\/\/www.soleum.de\/hr\/wp-json\/wp\/v2\/product_brand?post=29463"},{"taxonomy":"product_cat","embeddable":true,"href":"https:\/\/www.soleum.de\/hr\/wp-json\/wp\/v2\/product_cat?post=29463"},{"taxonomy":"product_tag","embeddable":true,"href":"https:\/\/www.soleum.de\/hr\/wp-json\/wp\/v2\/product_tag?post=29463"}],"curies":[{"name":"wp","href":"https:\/\/api.w.org\/{rel}","templated":true}]}}