{"id":29480,"date":"2016-12-29T09:23:24","date_gmt":"2016-12-29T08:23:24","guid":{"rendered":"https:\/\/www.soleum.de\/shop\/Bez%20kategorije\/generator-pare-sol-steam-wellness\/"},"modified":"2024-04-03T09:33:32","modified_gmt":"2024-04-03T07:33:32","slug":"generator-pare-sol-parni-wellness","status":"publish","type":"product","link":"https:\/\/www.soleum.de\/hr\/shop\/generatori-pare\/generator-pare-sol-parni-wellness\/","title":{"rendered":"Generator pare SOL-Steam WELLNESS"},"content":{"rendered":"<h1>Generator pare SOL-Steam WELLNESS &#8211; savr\u0161en izbor za privatne i komercijalne parne kupelji<\/h1>\n<div>\n<p class=\"font_8\">Generator pare SOL-Steam WELLNESS ne\u0161to je ti\u0161i od PLUS ure\u0111aja u smislu prebacivanja buke i ima tjedni program, kao i integriranu softversku opciju za upravljanje 2 mirisne pumpe. Ovaj generator pare uglavnom se koristi u komercijalnom sektoru.<\/p>\n<p class=\"font_8\">Me\u0111utim, opremu ne\u0107ete dobiti samo od nas &#8211; od nas mo\u017eete dobiti i kompletnu parnu kabinu (SPA moduli ili uz monta\u017eu kompletne kabine). Proizvo\u0111a\u010d smo parnih kupelji dugi niz godina i ve\u0107 dugi niz godina proizvodimo parne kupelji u bilo kojem \u017eeljenom obliku<\/p>\n<\/div>\n<div><img loading=\"lazy\" decoding=\"async\" class=\"alignnone size-full wp-image-6071\" src=\"https:\/\/www.soleum.de\/wp-content\/uploads\/2016\/12\/elektrodendampfgenerator-solsteam_soleum.jpg\" alt=\"Generator pare SOL-Steam\" width=\"555\" height=\"341\" srcset=\"https:\/\/www.soleum.de\/wp-content\/uploads\/2016\/12\/elektrodendampfgenerator-solsteam_soleum.jpg 555w, https:\/\/www.soleum.de\/wp-content\/uploads\/2016\/12\/elektrodendampfgenerator-solsteam_soleum-510x313.jpg 510w\" sizes=\"auto, (max-width: 555px) 100vw, 555px\" \/><\/div>\n<div><strong>SOL-Steam WELLNESS generator pare <\/strong>rezultat je dugogodi\u0161njeg iskustva u podru\u010dju tehnologije elektroni\u010dkog upravljanja: jednostavnost kori\u0161tenja, preciznost upravljanja, pouzdana elektronika, sofisticirani, cjeloviti upravlja\u010dki softver i visoke performanse.<\/div>\n<div> <\/div>\n<div>\n<p>Nova propusnost nudi:<\/p>\n<ul>\n<li>Jednostavnost kori\u0161tenja: velika i intuitivna tipkovnica sa \u0161irokim, grafi\u010dkim LCD zaslonom i detaljnim dijagnosti\u010dkim porukama;<\/li>\n<li>ve\u0107a pouzdanost: parni cilindri s ekskluzivnim priklju\u010dcima koji vi\u0161e ne zahtijevaju alate; svi ovla\u017eiva\u010di zraka opremljeni su pumpom za puhanje;<\/li>\n<li>bolje performanse: ovla\u017eiva\u010d se pokre\u0107e br\u017ee i podr\u017eava \u0161iri raspon dopu\u0161tenih vrijednosti vodljivosti napojne vode; upravlja\u010dki softver automatski se prilago\u0111ava prirodi vode za napajanje radi pojednostavljene instalacije i optimiziranog vremena rada bez potrebe za odr\u017eavanjem;<\/li>\n<li>svi novi modeli opremljeni su Modbus\u00ae komunikacijskim protokolom.<\/li>\n<\/ul>\n<p>\u0160irok raspon ovla\u017eiva\u010da elektroda za uranjanje <strong>u sol paru<\/strong> uklju\u010duje modele od 1,5 do 130 kg\/h izlaza.<\/p>\n<\/div>\n<div>Svi modeli nisu dostupni ovdje u trgovini, ali od nas &#8211; obratite nam se za ve\u0107e izlaze pare.<\/div>\n<div> <\/div>\n<div>\n<div>\n<div> <\/div>\n<div>\n<p>Model <strong>SOL-Steam-WELLNESS<\/strong><strong> zadovoljava tipi\u010dne zahtjeve primjene parne kupelji.<\/strong> Time softver upravlja:<\/p>\n<ul>\n<li>dnevni i tjedni operativni programi;<\/li>\n<li>razne temperaturne zadane to\u010dke ovisne o programu;<\/li>\n<li>do 3 aktuatora za upravljanje mirisima i 1 za ciklus dezinfekcije;<\/li>\n<li>do 2 ventilatora i unutarnja rasvjeta kabine.<\/li>\n<\/ul>\n<p>Upravlja\u010dka plo\u010da gumba zaslona mo\u017ee se instalirati izvana i olak\u0161ava instalaciju u OEM sustave putem daljinske veze.<br \/>Parna jedinica koristi normalnu vodu iz slavine i automatski upravlja koncentracijom vode, a time i upravljanjem pjenom za maksimalne sigurnosne uvjete u parnoj sobi.<\/p>\n<\/div>\n<\/div>\n<\/div>\n<h2>  Tehni\u010dki podaci &#8211; PREGLED generatora pare<\/h2>\n<h2><img loading=\"lazy\" decoding=\"async\" class=\"alignnone size-full wp-image-4673\" src=\"https:\/\/www.dampfbad.at\/wp-content\/uploads\/2016\/12\/Dampfgenerator-Sol-Steam-Wellness-uebersicht.jpg\" alt=\"Pregled wellnessa generatora pare Sol Steam\" width=\"798\" height=\"380\"><\/h2>\n<\/p>\n<h2>Opseg isporuke<\/h2>\n<div>\n<div>\n<div>Uz SOL-Steam WELLNESS generator pare uklju\u010den je obavezni spojni set s ~ 0,5m parnim crijevom i spojnim elementima te senzorom s duljinom kabela od 6 m!<\/div>\n<\/div>\n<div>Prispojne cijevi (ulaz vode, odvod vode i parna cijev) kao i mlaznica za paru (jer ih ima nekoliko) nisu uklju\u010dene<\/div>\n<\/div>\n<h2>Dijagram povezivanja generatora pare<\/h2>\n<div><img loading=\"lazy\" decoding=\"async\" class=\"alignnone size-medium wp-image-6074\" src=\"https:\/\/www.soleum.de\/wp-content\/uploads\/2016\/12\/dampfgenerator-sol-steam-anschluss-393x400.jpg\" alt=\"Generator pare za dijagram spajanja parne kupelji\" width=\"393\" height=\"400\" srcset=\"https:\/\/www.soleum.de\/wp-content\/uploads\/2016\/12\/dampfgenerator-sol-steam-anschluss-393x400.jpg 393w, https:\/\/www.soleum.de\/wp-content\/uploads\/2016\/12\/dampfgenerator-sol-steam-anschluss.jpg 508w\" sizes=\"auto, (max-width: 393px) 100vw, 393px\" \/><\/div>\n<div>  1.Ugradite ru\u010dni ventil (za prekid dovoda vode za napajanje) iznad sustava.<br \/>2.Spojite generator pare na cijev za dovod vode. U modelima SOL-Steam PLUS-05 SOL-Steam PLUS-18 koristite crijevo s 3\/4&#8243; G konektorima (pogledajte i upute za uporabu ure\u0111aja).<br \/>3.Ugradite mehani\u010dki filtar kako biste zadr\u017eali sve krute ne\u010disto\u0107e (koje se postavljaju ispod slavine).<br \/>4.Spojite elektri\u010dno neprovodljivi puha\u010dki priklju\u010dak (otporan na toplinu do 100 \u00b0C (212 \u00b0F) i minimalnog unutarnjeg promjera 40 mm (1,6 in\u010da).<br \/>5.Umetnite lijevak za prekid linije za spu\u0161tanje.<br \/>6.Spojite sifon kako biste sprije\u010dili miris (40 mm (1,6 in\u010da) minimalnog unutarnjeg promjera).<\/div>\n","protected":false},"excerpt":{"rendered":"<p>SOL-Steam <strong>generator pare SOL-Steam WELLNESS-<\/strong> Nema kompromisa u kvaliteti, s opcijom temperature senzora ili jednostavnom kontrolom UKLJU\u010cIVANJA \/ ISKLJU\u010cIVANJA (uklju\u010duju\u0107i vremenske programe i kontrolu vanjskog izvora).<\/p>\n<p>Na\u0161i sol-Steam generatori pare tako\u0111er se mogu uklju\u010diti \/ isklju\u010diti vanjskim prekida\u010dem bilo u parnoj kupelji (12V \/ 24V) ili s prekida\u010dem izvan parne kupelji. Tako\u0111er s vidikovca (spasilac, spa,..).<\/p>\n","protected":false},"featured_media":10455,"template":"","meta":[],"product_brand":[],"product_cat":[3589],"product_tag":[3611,3595,3608,4347,3604,3606,3593,3600,3602,3598,3614],"class_list":{"0":"post-29480","1":"product","2":"type-product","3":"status-publish","4":"has-post-thumbnail","6":"product_cat-generatori-pare","7":"product_tag-generator-elektroda","8":"product_tag-generator-pare","9":"product_tag-generator-pare-elektroda","10":"product_tag-generator-pare-za-parnu-kupelj","11":"product_tag-kotao","12":"product_tag-ovlazivac-elektroda","13":"product_tag-ovlazivac-parom","14":"product_tag-para","15":"product_tag-parni-uredaj","16":"product_tag-proizvodnja-pare","17":"product_tag-tehnologija-parne-kupelji","18":"product_shipping_class-paket-10-31kg-hr","20":"first","21":"instock","22":"featured","23":"sold-individually","24":"taxable","25":"shipping-taxable","26":"purchasable","27":"product-type-variable","28":"has-default-attributes"},"_links":{"self":[{"href":"https:\/\/www.soleum.de\/hr\/wp-json\/wp\/v2\/product\/29480","targetHints":{"allow":["GET"]}}],"collection":[{"href":"https:\/\/www.soleum.de\/hr\/wp-json\/wp\/v2\/product"}],"about":[{"href":"https:\/\/www.soleum.de\/hr\/wp-json\/wp\/v2\/types\/product"}],"wp:featuredmedia":[{"embeddable":true,"href":"https:\/\/www.soleum.de\/hr\/wp-json\/wp\/v2\/media\/10455"}],"wp:attachment":[{"href":"https:\/\/www.soleum.de\/hr\/wp-json\/wp\/v2\/media?parent=29480"}],"wp:term":[{"taxonomy":"product_brand","embeddable":true,"href":"https:\/\/www.soleum.de\/hr\/wp-json\/wp\/v2\/product_brand?post=29480"},{"taxonomy":"product_cat","embeddable":true,"href":"https:\/\/www.soleum.de\/hr\/wp-json\/wp\/v2\/product_cat?post=29480"},{"taxonomy":"product_tag","embeddable":true,"href":"https:\/\/www.soleum.de\/hr\/wp-json\/wp\/v2\/product_tag?post=29480"}],"curies":[{"name":"wp","href":"https:\/\/api.w.org\/{rel}","templated":true}]}}