{"id":29679,"date":"2017-01-14T10:57:11","date_gmt":"2017-01-14T09:57:11","guid":{"rendered":"https:\/\/www.soleum.de\/shop\/Bez%20kategorije\/parna-kupelj-miris-brume-de-hammam\/"},"modified":"2024-04-09T09:16:31","modified_gmt":"2024-04-09T07:16:31","slug":"parna-kupelj-miris-brume-de-hamam","status":"publish","type":"product","link":"https:\/\/www.soleum.de\/hr\/shop\/tehnologija-parne-kupelji\/parna-kupelj-miris-brume-de-hamam\/","title":{"rendered":"Parna kupelj miris-BRUME DE HAMMAM"},"content":{"rendered":"<h1>Parna kupelj miris &#8220;BRUME DE HAMMAM&#8221; &#8211; emulzija parne kupelji ili miris za <a href=\"https:\/\/www.soleum.de\/shop\/dampfbadtechnik\/duftstoffpumpe-dosierpumpe\/\">mirisnu pumpu<\/a><\/h1>\n<p>U SOLEUM-u mo\u017eete dobiti miris parne kupelji Brume de Hammam u raznim mirisima i posudama. To je emulzija parne kupelji izra\u0111ena od visokokvalitetnih i prirodnih eteri\u010dnih ulja. U nastavku odaberite veli\u010dinu spremnika i \u017eeljeni miris.<\/p>\n<h1 class=\"page-title al page-title-larger\"><img loading=\"lazy\" decoding=\"async\" class=\"aligncenter size-full wp-image-5343\" src=\"https:\/\/www.dampfbad.at\/wp-content\/uploads\/Dampfbadduft.Brume-de-hammam-Dampfbademulsion.jpg\" alt=\"Miris parne kupelji BRUME DE HAMMAM emulzija parne kupelji\" width=\"889\" height=\"112\"><\/h1>\n","protected":false},"excerpt":{"rendered":"<p>Parna kupelj miris &#8220;Brume de Hammam&#8221; u razli\u010ditim varijacijama mirisa. Parna emulzija visokokvalitetnih i prirodnih eteri\u010dnih ulja u parnoj kupelji!<\/p>\n","protected":false},"featured_media":10357,"template":"","meta":[],"product_brand":[],"product_cat":[3363],"product_tag":[4486,4488,4487,4489,4490,4491],"class_list":{"0":"post-29679","1":"product","2":"type-product","3":"status-publish","4":"has-post-thumbnail","6":"product_cat-tehnologija-parne-kupelji","7":"product_tag-brume-de-hammam-hr","8":"product_tag-emulzija-parne-kupelji","9":"product_tag-miris-parne-kupelji","10":"product_tag-miris-parnog-tusa","11":"product_tag-miris-za-parnu-kupelj","12":"product_tag-parna-kupelj-miris-brume-de-hammam","13":"product_shipping_class-paket-5-10kg","15":"first","16":"instock","17":"taxable","18":"shipping-taxable","19":"purchasable","20":"product-type-variable","21":"has-default-attributes"},"_links":{"self":[{"href":"https:\/\/www.soleum.de\/hr\/wp-json\/wp\/v2\/product\/29679","targetHints":{"allow":["GET"]}}],"collection":[{"href":"https:\/\/www.soleum.de\/hr\/wp-json\/wp\/v2\/product"}],"about":[{"href":"https:\/\/www.soleum.de\/hr\/wp-json\/wp\/v2\/types\/product"}],"wp:featuredmedia":[{"embeddable":true,"href":"https:\/\/www.soleum.de\/hr\/wp-json\/wp\/v2\/media\/10357"}],"wp:attachment":[{"href":"https:\/\/www.soleum.de\/hr\/wp-json\/wp\/v2\/media?parent=29679"}],"wp:term":[{"taxonomy":"product_brand","embeddable":true,"href":"https:\/\/www.soleum.de\/hr\/wp-json\/wp\/v2\/product_brand?post=29679"},{"taxonomy":"product_cat","embeddable":true,"href":"https:\/\/www.soleum.de\/hr\/wp-json\/wp\/v2\/product_cat?post=29679"},{"taxonomy":"product_tag","embeddable":true,"href":"https:\/\/www.soleum.de\/hr\/wp-json\/wp\/v2\/product_tag?post=29679"}],"curies":[{"name":"wp","href":"https:\/\/api.w.org\/{rel}","templated":true}]}}