{"id":29746,"date":"2017-01-20T11:20:46","date_gmt":"2017-01-20T10:20:46","guid":{"rendered":"https:\/\/www.soleum.de\/shop\/Bez%20kategorije\/klupa-za-parnu-kupelj-bt-b-gk-bez-naslona\/"},"modified":"2024-02-23T17:02:29","modified_gmt":"2024-02-23T16:02:29","slug":"klupa-za-parnu-kupelj-bt-b-gk-bez-naslona","status":"publish","type":"product","link":"https:\/\/www.soleum.de\/hr\/shop\/parne-klupe-za-kupelj\/klupa-za-parnu-kupelj-bt-b-gk-bez-naslona\/","title":{"rendered":"Klupa za parnu kupelj BT. B-GK bez naslona"},"content":{"rendered":"<h1>Klupa za parnu kupelj BT. B-GK bez naslona<\/h1>\n<h2>EPS blank za poplo\u010davanje (s <strong>kontrakonturom<\/strong> do sjedala T60, T65, T75, T85, T95, T102 i le\u017ealjke Swing)<\/h2>\n<ul>\n<li>Nevjerojatan<\/li>\n<li>untiled<\/li>\n<li>Boja: siva<\/li>\n<\/ul>\n<p><strong>NAGOVJE\u0160TAJ:<\/strong><br \/>\nPreporu\u010dujemo BT sjedalo za parnu kupelj. B (a obi\u010dno i oni dijelovi zida na koje se oslanjate!<\/p>\n<p>Ovi oblici sjedala savr\u0161eni su kao tu\u0161 sjedalo za poplo\u010davanje. Umjesto konvencionalnog filigrana<br \/>\nSklopiva sjedala, imate kasnije vrlo robusno sjedalo za parnu kupelj, koje mo\u017eete zagrijati i poplo\u010dati.<br \/>\nOva klupa za parnu kupelj ne samo da vizualno pobolj\u0161ava va\u0161 tu\u0161 ili parnu kupelj,<br \/>\nali je tako\u0111er vrlo udoban.<\/p>\n<div>Ova klupa za parnu kupelj dostupna je u razli\u010ditim duljinama, dubinama i visinama. Unesite \u017eeljeno mjerenje u &#8220;cm&#8221; gore.<\/div>\n<div><\/div>\n<div>Ovisno o \u017eeljenoj duljini, oblikovani dijelovi mogu biti <strong>vi\u0161edijelni.<br \/>\n<\/strong><\/div>\n<div>Ako je va\u0161a ni\u0161a parne kupelji, npr. 130 cm, a zatim odaberite sjedalo za parnu kupelj uvijek oko 2 cm manje!<\/div>\n<div>\n<div>Ako imate bilo kakvih pitanja&gt;, <a href=\"http:\/\/www.dampfbad.at\/kontakt\/\">obratite nam se<\/a>&lt;!<\/div>\n<\/div>\n<div><\/div>\n<div><div class=\"is-divider divider clearfix\" style=\"max-width:1000px;background-color:rgb(38, 0, 172);\"><\/div>\n<h2 class=\"uppercase\">Da biste to u\u010dinili, naru\u010dite sljede\u0107i pribor<\/h2>\n<h3 class=\"thin-font\">Grija\u0107a prostirka za SPA module i kontrolere za ugodnu toplinu<\/h3>\nZa sve SPA module u skladu s tim pode\u0161avamo smjer grija\u0107ih vodi\u010da tako da se grija\u0107a prostirka lako nanosi.\n\n&nbsp;\n<blockquote>Imate li ve\u0107i gra\u0111evinski projekt s razli\u010ditim SPA modulima?<\/blockquote>\nMolimo vas da nas kontaktirate putem e-maila! Po\u0161aljite nam svoj plan (tlocrt) dimenzija. Na\u0161 tehni\u010dki odjel provjerit \u0107e va\u0161 projekt i pru\u017eiti vam odgovaraju\u0107u ponudu.\n\nJeste li znali da nudimo <a href=\"https:\/\/www.soleum.de\/hr\/komplet-parne-kabine-unaprijed-proizveden\/\">gotove komplete<\/a> prema planu? Kompleti imaju fiksne cijene prema kategorijama dimenzija. Rado \u0107emo vam poslati vi\u0161e informacija.\n\n<ul class=\"ux-products-list product_list_widget\">\n\t\t\t\t\t<li>\n\t<a href=\"https:\/\/www.soleum.de\/hr\/shop\/grijace-prostirke-za-parnu-kupelj\/grijace-prostirke-za-parnu-kupelj-izradene-po-mjeri-vodoravne\/\" title=\"Grija\u0107e prostirke za parnu kupelj izra\u0111ene po mjeri - 300W\/m2\">\n\t\t<img loading=\"lazy\" decoding=\"async\" width=\"100\" height=\"100\" src=\"https:\/\/www.soleum.de\/wp-content\/uploads\/2017\/01\/horizontale-Dampfbadheizmatte-100x100.jpg\" class=\"attachment-woocommerce_gallery_thumbnail size-woocommerce_gallery_thumbnail\" alt=\"Grija\u0107e prostirke za parnu kupelj\" srcset=\"https:\/\/www.soleum.de\/wp-content\/uploads\/2017\/01\/horizontale-Dampfbadheizmatte-100x100.jpg 100w, https:\/\/www.soleum.de\/wp-content\/uploads\/2017\/01\/horizontale-Dampfbadheizmatte-280x280.jpg 280w\" sizes=\"auto, (max-width: 100px) 100vw, 100px\" \/>\t\t<span class=\"product-title\">Grija\u0107e prostirke za parnu kupelj izra\u0111ene po mjeri - 300W\/m2<\/span>\n\t<\/a>\n\t\t<span class=\"woocommerce-Price-amount amount\"><bdi>270,00&nbsp;<span class=\"woocommerce-Price-currencySymbol\">&euro;<\/span><\/bdi><\/span> <small class=\"woocommerce-price-suffix\">inkl. MWSt.<\/small><\/li>\n\t\t\t\t\t<li>\n\t<a href=\"https:\/\/www.soleum.de\/hr\/shop\/grijace-prostirke-za-parnu-kupelj\/prekidac-ugradenog-termostata-za-grijace-prostirke\/\" title=\"Ugra\u0111eni preklopni termostat za grija\u0107e prostirke\">\n\t\t<img loading=\"lazy\" decoding=\"async\" width=\"100\" height=\"100\" src=\"https:\/\/www.soleum.de\/wp-content\/uploads\/2018\/09\/Schaltereinbauthermostat_Heizmatten-100x100.jpg\" class=\"attachment-woocommerce_gallery_thumbnail size-woocommerce_gallery_thumbnail\" alt=\"Ugra\u0111eni preklopni termostat za grija\u0107e prostirke\" srcset=\"https:\/\/www.soleum.de\/wp-content\/uploads\/2018\/09\/Schaltereinbauthermostat_Heizmatten-100x100.jpg 100w, https:\/\/www.soleum.de\/wp-content\/uploads\/2018\/09\/Schaltereinbauthermostat_Heizmatten-280x280.jpg 280w\" sizes=\"auto, (max-width: 100px) 100vw, 100px\" \/>\t\t<span class=\"product-title\">Ugra\u0111eni preklopni termostat za grija\u0107e prostirke<\/span>\n\t<\/a>\n\t\t<span class=\"woocommerce-Price-amount amount\"><bdi>149,00&nbsp;<span class=\"woocommerce-Price-currencySymbol\">&euro;<\/span><\/bdi><\/span> <small class=\"woocommerce-price-suffix\">inkl. MWSt.<\/small><\/li>\n\t\t\n\t\t<\/ul>\n\n<div class=\"is-divider divider clearfix\" style=\"max-width:1000px;background-color:rgb(38, 0, 172);\"><\/div><\/div>\n<p><!--more--><\/p>\n","protected":false},"excerpt":{"rendered":"<p>Klupa za parnu kupelj BT. B-GK bez naslona (s kontrakonturom)<\/p>\n","protected":false},"featured_media":17028,"template":"","meta":[],"product_brand":[],"product_cat":[3724],"product_tag":[3732,4369,5717,5723,5721,3734,4640,3727,4643,3730,5719,4642,3733,4641,3728,5725,3731],"class_list":{"0":"post-29746","1":"product","2":"type-product","3":"status-publish","4":"has-post-thumbnail","6":"product_cat-parne-klupe-za-kupelj","7":"product_tag-banka-sastavljena-od-eps-a","8":"product_tag-eps-klupa","9":"product_tag-eps-sjedalo-eps-tus-sjedalo","10":"product_tag-izgradite-vlastiti-hamam","11":"product_tag-izgradite-vlastitu-parnu-kupelj","12":"product_tag-klupa-na-styroduru","13":"product_tag-klupa-od-stiropora","14":"product_tag-klupa-za-parnu-kupelj","15":"product_tag-klupa-za-parnu-kupelj-bt-b-gk-bez-naslona","16":"product_tag-klupa-za-tusiranje","17":"product_tag-napravite-konstrukciju-parne-kupelji","18":"product_tag-parna-klupa-za-kupelj-bez-naslona","19":"product_tag-sjedalo-izradeno-od-styrodura","20":"product_tag-sjedalo-od-stiropora","21":"product_tag-sjedalo-za-parnu-kupelj","22":"product_tag-spa-moduli","23":"product_tag-tus-sjedalo","24":"product_shipping_class-tus-sjedalo","26":"first","27":"instock","28":"taxable","29":"shipping-taxable","30":"purchasable","31":"product-type-simple"},"_links":{"self":[{"href":"https:\/\/www.soleum.de\/hr\/wp-json\/wp\/v2\/product\/29746","targetHints":{"allow":["GET"]}}],"collection":[{"href":"https:\/\/www.soleum.de\/hr\/wp-json\/wp\/v2\/product"}],"about":[{"href":"https:\/\/www.soleum.de\/hr\/wp-json\/wp\/v2\/types\/product"}],"wp:featuredmedia":[{"embeddable":true,"href":"https:\/\/www.soleum.de\/hr\/wp-json\/wp\/v2\/media\/17028"}],"wp:attachment":[{"href":"https:\/\/www.soleum.de\/hr\/wp-json\/wp\/v2\/media?parent=29746"}],"wp:term":[{"taxonomy":"product_brand","embeddable":true,"href":"https:\/\/www.soleum.de\/hr\/wp-json\/wp\/v2\/product_brand?post=29746"},{"taxonomy":"product_cat","embeddable":true,"href":"https:\/\/www.soleum.de\/hr\/wp-json\/wp\/v2\/product_cat?post=29746"},{"taxonomy":"product_tag","embeddable":true,"href":"https:\/\/www.soleum.de\/hr\/wp-json\/wp\/v2\/product_tag?post=29746"}],"curies":[{"name":"wp","href":"https:\/\/api.w.org\/{rel}","templated":true}]}}