{"id":29789,"date":"2020-07-17T15:56:15","date_gmt":"2020-07-17T13:56:15","guid":{"rendered":"https:\/\/www.soleum.de\/shop\/Bez%20kategorije\/rucni-tus-solemina-v4a\/"},"modified":"2024-02-23T17:07:12","modified_gmt":"2024-02-23T16:07:12","slug":"rucni-tus-solemina-v4a","status":"publish","type":"product","link":"https:\/\/www.soleum.de\/hr\/shop\/rucne-tus-slavine\/rucni-tus-solemina-v4a\/","title":{"rendered":"Ru\u010dni tu\u0161 SOLEMINA V4A"},"content":{"rendered":"<p>SOLEMINA V4A ru\u010dni tu\u0161 od nehr\u0111aju\u0107eg \u010delika SET koji se sastoji od:<\/p>\n<ol>\n<li style=\"list-style-type: none;\">\n<ol>\n<li>NEHR\u0110AJU\u0106I \u010cELIK V4A RU\u010cNI TU\u0160 SAVIJEN L = 145 mm D = 21 mm, AISI 316Lmatt<\/li>\n<li>Crijevo za tu\u0161iranje tkano L = 150 cm mat spojevi od nehr\u0111aju\u0107eg \u010delika M10X1 \/ 1\/2<\/li>\n<li>V4A UP zidni izljev od nehr\u0111aju\u0107eg \u010delika H = 60 mm uklj. Monta\u017ena plo\u010da, AISI 316 mat<\/li>\n<li>Izljev V4A crijeva za tu\u0161iranje od nehr\u0111aju\u0107eg \u010delika G1\/2 s nosa\u010dem M10x1 D=R70\/42,AISI 316 mat<\/li>\n<li>V4A regulator hladne vode od nehr\u0111aju\u0107eg \u010delika s ravninom montiran na monta\u017enoj plo\u010di, AISI316L mat<\/li>\n<\/ol>\n<\/li>\n<\/ol>\n<p>Premazivanjem titanovim nitridom (TiN) nehr\u0111aju\u0107i \u010delik mo\u017ee se obojiti u razli\u010dite varijacije metalnih boja. Premaz je otporan na hranu, otporan na boje, UV i korozijuDyeable materijali Osnovne plo\u010de obojene od nehr\u0111aju\u0107eg \u010delika Standard A-side. Mogu\u0107e na obje strane. Ogledalo od nehr\u0111aju\u0107eg \u010delika \/ ogledalo polirano br.8 staklene kuglice, kerami\u010dke ili nehr\u0111aju\u0107e \u010deli\u010dne okruglo bru\u0161ene perforirane limove od nehr\u0111aju\u0107eg \u010delika (uklju\u010duju\u0107i unutarnju rupu) povr\u0161ine tla (K 80-1200). Uzdu\u017eni i popre\u010dni mikrograf, kosa, vibracije  <\/p>\n\t<div id=\"gap-313093698\" class=\"gap-element clearfix\" style=\"display:block; height:auto;\">\n\t\t\n<style>\n#gap-313093698 {\n  padding-top: 48px;\n}\n<\/style>\n\t<\/div>\n\t\n<div class=\"container section-title-container\" ><h3 class=\"section-title section-title-normal\"><b aria-hidden=\"true\"><\/b><span class=\"section-title-main\" >Mogu\u0107i su razli\u010diti premazi<\/span><b aria-hidden=\"true\"><\/b><\/h3><\/div>\n<p>Premazivanjem titanovim nitridom (TiN) nehr\u0111aju\u0107i \u010delik mo\u017ee se obojiti u razli\u010dite varijacije metalnih boja.<br \/>\nPremaz je otporan na hranu, otporan na boje, UV zra\u010denje i koroziju<\/p>\n<p>Materijali za bojenje<br \/>\nOsnovne plo\u010de od nehr\u0111aju\u0107eg \u010delika<br \/>\nStandardna A-strana obojena. Mogu\u0107e na obje strane.<\/p>\n<p>Ogledalo\/ogledalo od nehr\u0111aju\u0107eg \u010delika polirano br.8<br \/>\nStaklene kuglice, kerami\u010dke ili nehr\u0111aju\u0107e \u010deli\u010dne minirane<br \/>\nPerforirane plo\u010de (uklju\u010duju\u0107i unutarnju rupu)<br \/>\npovr\u0161ine tla (K 80-1200). Uzdu\u017eni i popre\u010dni mikrograf, kosa, vibracije<\/p>\n\t<div class=\"img has-hover x md-x lg-x y md-y lg-y\" id=\"image_94065469\">\n\t\t\t\t\t\t\t\t<div class=\"img-inner dark\" >\n\t\t\t<img loading=\"lazy\" decoding=\"async\" width=\"913\" height=\"411\" src=\"https:\/\/www.soleum.de\/wp-content\/uploads\/2020\/07\/Beschichtungen.jpg\" class=\"attachment-large size-large\" alt=\"\" srcset=\"https:\/\/www.soleum.de\/wp-content\/uploads\/2020\/07\/Beschichtungen.jpg 913w, https:\/\/www.soleum.de\/wp-content\/uploads\/2020\/07\/Beschichtungen-800x360.jpg 800w, https:\/\/www.soleum.de\/wp-content\/uploads\/2020\/07\/Beschichtungen-768x346.jpg 768w, https:\/\/www.soleum.de\/wp-content\/uploads\/2020\/07\/Beschichtungen-510x230.jpg 510w\" sizes=\"auto, (max-width: 913px) 100vw, 913px\" \/>\t\t\t\t\t\t\n\t\t\t\t\t<\/div>\n\t\t\t\t\t\t\t\t\n<style>\n#image_94065469 {\n  width: 90%;\n}\n<\/style>\n\t<\/div>\n\t\n\t<div id=\"gap-1460170723\" class=\"gap-element clearfix\" style=\"display:block; height:auto;\">\n\t\t\n<style>\n#gap-1460170723 {\n  padding-top: 62px;\n}\n<\/style>\n\t<\/div>\n\t\n<div class=\"container section-title-container\" ><h3 class=\"section-title section-title-normal\"><b aria-hidden=\"true\"><\/b><span class=\"section-title-main\" >Slavina od nehr\u0111aju\u0107eg \u010delika crna<\/span><b aria-hidden=\"true\"><\/b><\/h3><\/div>\n\t<div class=\"img has-hover x md-x lg-x y md-y lg-y\" id=\"image_370892969\">\n\t\t\t\t\t\t\t\t<div class=\"img-inner dark\" >\n\t\t\t<img loading=\"lazy\" decoding=\"async\" width=\"800\" height=\"640\" src=\"https:\/\/www.soleum.de\/wp-content\/uploads\/2020\/07\/farbfaecher_schwarz.jpg\" class=\"attachment-large size-large\" alt=\"\" srcset=\"https:\/\/www.soleum.de\/wp-content\/uploads\/2020\/07\/farbfaecher_schwarz.jpg 800w, https:\/\/www.soleum.de\/wp-content\/uploads\/2020\/07\/farbfaecher_schwarz-500x400.jpg 500w, https:\/\/www.soleum.de\/wp-content\/uploads\/2020\/07\/farbfaecher_schwarz-768x614.jpg 768w, https:\/\/www.soleum.de\/wp-content\/uploads\/2020\/07\/farbfaecher_schwarz-510x408.jpg 510w\" sizes=\"auto, (max-width: 800px) 100vw, 800px\" \/>\t\t\t\t\t\t\n\t\t\t\t\t<\/div>\n\t\t\t\t\t\t\t\t\n<style>\n#image_370892969 {\n  width: 90%;\n}\n<\/style>\n\t<\/div>\n\t\n","protected":false},"excerpt":{"rendered":"<p>RU\u010cNI TU\u0160 OD NEHR\u0110AJU\u0106EG \u010cELIKA\/Kneipp crijevo, skrivena slavina, mat \u010detkana.<br \/>\nModel: SOLEMINA V4A<\/p>\n","protected":false},"featured_media":17854,"template":"","meta":[],"product_brand":[],"product_cat":[4716],"product_tag":[4721,4722,4718,4719,4773,4725,4724,4723],"class_list":{"0":"post-29789","1":"product","2":"type-product","3":"status-publish","4":"has-post-thumbnail","6":"product_cat-rucne-tus-slavine","7":"product_tag-kneipp-crijevo-od-nehrdajuceg-celika","8":"product_tag-parna-kupelj-za-ciscenje-crijeva","9":"product_tag-rucni-tus","10":"product_tag-rucni-tus-od-nehrdajuceg-celika","11":"product_tag-rucni-tus-solemina-v4a","12":"product_tag-rucni-tus-za-parnu-kupelj","13":"product_tag-rucni-tus-za-parnu-kupelj-sa-slanom-vodom","14":"product_tag-tus-s-hladnom-vodom","15":"product_shipping_class-paket-5-10kg-hr","17":"first","18":"instock","19":"taxable","20":"shipping-taxable","21":"purchasable","22":"product-type-simple"},"_links":{"self":[{"href":"https:\/\/www.soleum.de\/hr\/wp-json\/wp\/v2\/product\/29789","targetHints":{"allow":["GET"]}}],"collection":[{"href":"https:\/\/www.soleum.de\/hr\/wp-json\/wp\/v2\/product"}],"about":[{"href":"https:\/\/www.soleum.de\/hr\/wp-json\/wp\/v2\/types\/product"}],"wp:featuredmedia":[{"embeddable":true,"href":"https:\/\/www.soleum.de\/hr\/wp-json\/wp\/v2\/media\/17854"}],"wp:attachment":[{"href":"https:\/\/www.soleum.de\/hr\/wp-json\/wp\/v2\/media?parent=29789"}],"wp:term":[{"taxonomy":"product_brand","embeddable":true,"href":"https:\/\/www.soleum.de\/hr\/wp-json\/wp\/v2\/product_brand?post=29789"},{"taxonomy":"product_cat","embeddable":true,"href":"https:\/\/www.soleum.de\/hr\/wp-json\/wp\/v2\/product_cat?post=29789"},{"taxonomy":"product_tag","embeddable":true,"href":"https:\/\/www.soleum.de\/hr\/wp-json\/wp\/v2\/product_tag?post=29789"}],"curies":[{"name":"wp","href":"https:\/\/api.w.org\/{rel}","templated":true}]}}