{"id":29799,"date":"2020-07-18T11:12:47","date_gmt":"2020-07-18T09:12:47","guid":{"rendered":"https:\/\/www.soleum.de\/shop\/Bez%20kategorije\/rucni-tus-od-nehrdajuceg-celika-soleum-tree-inox\/"},"modified":"2024-02-23T17:07:31","modified_gmt":"2024-02-23T16:07:31","slug":"rucni-tus-soleum-drvo-inox-od-nehrdajuceg-celika","status":"publish","type":"product","link":"https:\/\/www.soleum.de\/hr\/shop\/rucne-tus-slavine\/rucni-tus-soleum-drvo-inox-od-nehrdajuceg-celika\/","title":{"rendered":"Ru\u010dni tu\u0161 od nehr\u0111aju\u0107eg \u010delika SOLEUM-TREE-INOX"},"content":{"rendered":"<p>Ru\u010dni tu\u0161 od nehr\u0111aju\u0107eg \u010delika SOLEUM-TREE-INOX SET (dizajn iz Italije) koji se sastoji od:<\/p>\n<ol>\n<li>Gipsano tijelo sa samo 50 mm dubine ugradnje<\/li>\n<li>Crijevo za tu\u0161iranje tkano L = 150 cm mat od nehr\u0111aju\u0107eg \u010delika<\/li>\n<li>  Zidni izljev crijeva za tu\u0161iranje G1\/2 s nosa\u010dem<\/li>\n<li>Regulator hladne vode<\/li>\n<\/ol>\n","protected":false},"excerpt":{"rendered":"<p>Ru\u010dni tu\u0161 od nehr\u0111aju\u0107eg \u010delika SOLEUM-TREE-INOX Kneipp crijevo, skrivena slavina, mat \u010detkana.<br \/>\nModel: SOLEUM-TREE-INOX<\/p>\n","protected":false},"featured_media":17861,"template":"","meta":[],"product_brand":[],"product_cat":[4716],"product_tag":[4721,4722,4718,4719,4773,4725,4724,4723],"class_list":{"0":"post-29799","1":"product","2":"type-product","3":"status-publish","4":"has-post-thumbnail","6":"product_cat-rucne-tus-slavine","7":"product_tag-kneipp-crijevo-od-nehrdajuceg-celika","8":"product_tag-parna-kupelj-za-ciscenje-crijeva","9":"product_tag-rucni-tus","10":"product_tag-rucni-tus-od-nehrdajuceg-celika","11":"product_tag-rucni-tus-solemina-v4a","12":"product_tag-rucni-tus-za-parnu-kupelj","13":"product_tag-rucni-tus-za-parnu-kupelj-sa-slanom-vodom","14":"product_tag-tus-s-hladnom-vodom","16":"first","17":"instock","18":"taxable","19":"shipping-taxable","20":"purchasable","21":"product-type-simple"},"_links":{"self":[{"href":"https:\/\/www.soleum.de\/hr\/wp-json\/wp\/v2\/product\/29799","targetHints":{"allow":["GET"]}}],"collection":[{"href":"https:\/\/www.soleum.de\/hr\/wp-json\/wp\/v2\/product"}],"about":[{"href":"https:\/\/www.soleum.de\/hr\/wp-json\/wp\/v2\/types\/product"}],"wp:featuredmedia":[{"embeddable":true,"href":"https:\/\/www.soleum.de\/hr\/wp-json\/wp\/v2\/media\/17861"}],"wp:attachment":[{"href":"https:\/\/www.soleum.de\/hr\/wp-json\/wp\/v2\/media?parent=29799"}],"wp:term":[{"taxonomy":"product_brand","embeddable":true,"href":"https:\/\/www.soleum.de\/hr\/wp-json\/wp\/v2\/product_brand?post=29799"},{"taxonomy":"product_cat","embeddable":true,"href":"https:\/\/www.soleum.de\/hr\/wp-json\/wp\/v2\/product_cat?post=29799"},{"taxonomy":"product_tag","embeddable":true,"href":"https:\/\/www.soleum.de\/hr\/wp-json\/wp\/v2\/product_tag?post=29799"}],"curies":[{"name":"wp","href":"https:\/\/api.w.org\/{rel}","templated":true}]}}