{"id":29807,"date":"2023-05-17T10:57:35","date_gmt":"2023-05-17T08:57:35","guid":{"rendered":"https:\/\/www.soleum.de\/shop\/Bez%20kategorije\/spa-grijana-lezaljka-za-hotele-i-privatne-osobe\/"},"modified":"2024-02-23T17:08:40","modified_gmt":"2024-02-23T16:08:40","slug":"spa-grijana-lezaljka-za-hotele-i-privatne-osobe","status":"publish","type":"product","link":"https:\/\/www.soleum.de\/hr\/shop\/prodaja-ponude-povoljne-cijene\/spa-grijana-lezaljka-za-hotele-i-privatne-osobe\/","title":{"rendered":"SPA grijana le\u017ealjka za hotele i privatne osobe"},"content":{"rendered":"<div class=\"wpb_text_column wpb_content_element \">\n<div class=\"wpb_wrapper\">\n<h1 class=\"entry-title\">Luksuzna SPA grijana le\u017ealjka sa staklenim mozaikom SICIS<\/h1>\n<h2>SPA le\u017ealjke za hotele, wellness prostore i privatne saune<\/h2>\n<p>Blaga toplina zra\u010denja preko plo\u010dica s jedinstvenim blagotvornim u\u010dinkom na na\u0161u dobrobit. Savr\u0161eno oblikovano opu\u0161tanje u luksuznoj le\u017ealjci. Bezvremenski dizajn, ergonomski oblik, trajnost jednostavne njege &#8211; ove grijane le\u017ealjke prava su umjetni\u010dka djela koja savr\u0161eno nadopunjuju privatnu spa oazu ili luksuzni hotelski SPA prostor.<\/p>\n<p><strong>SICIS:\u00ae<\/strong> Zbog plemenitog, ru\u010dno izra\u0111enog talijanskog staklenog mozaika, le\u017ealjka sjaji u posebnom sjaju<strong> iz svih smjerova gledanja<\/strong> .<\/p>\n<p>Tako\u0111er ru\u010dno izra\u0111en je premaz s <strong>mikrocementom<\/strong>, koji daje le\u017ealjki poseban osje\u0107aj. \u010cetiri dodatna sloja mikrocementa krase ovu ekskluzivnu wellness le\u017ealjku.<\/p>\n<p>Sicis mozaik: <strong>Colibri zbirka SWAMI 3<\/strong><br \/>\nEpoksidni posebni materijal za fugiranje odabran na najbolji mogu\u0107i na\u010din prema povr\u0161ini plo\u010dica<br \/>\nGrijanje snage: <strong>459W,<\/strong> 230V<br \/>\nTemperatura se slobodno pode\u0161ava<\/p>\n<p>S LED rasvjetom oko baze i ru\u010dno izra\u0111enim mikrocementnim premazom u antracit \/ crnoj boji<\/p>\n<p>Dimenzije: du\u017eina <strong>159cm <\/strong>, \u0161irina <strong>81cm<\/strong>, visina <strong>106cm<\/strong><br \/>\nTe\u017eina: samo <strong>80kg<\/strong><\/p>\n<p>Ne: 4301001000<\/p>\n<\/div>\n<\/div>\n\t<div class=\"img has-hover x md-x lg-x y md-y lg-y\" id=\"image_1337028052\">\n\t\t\t\t\t\t\t\t<div class=\"img-inner dark\" >\n\t\t\t<img loading=\"lazy\" decoding=\"async\" width=\"913\" height=\"800\" src=\"https:\/\/www.soleum.de\/wp-content\/uploads\/2023\/05\/SOLEUM_SICIS-SPA-Waermeliege_1000-913x800.jpg\" class=\"attachment-large size-large\" alt=\"\" srcset=\"https:\/\/www.soleum.de\/wp-content\/uploads\/2023\/05\/SOLEUM_SICIS-SPA-Waermeliege_1000-913x800.jpg 913w, https:\/\/www.soleum.de\/wp-content\/uploads\/2023\/05\/SOLEUM_SICIS-SPA-Waermeliege_1000-457x400.jpg 457w, https:\/\/www.soleum.de\/wp-content\/uploads\/2023\/05\/SOLEUM_SICIS-SPA-Waermeliege_1000-768x673.jpg 768w, https:\/\/www.soleum.de\/wp-content\/uploads\/2023\/05\/SOLEUM_SICIS-SPA-Waermeliege_1000-510x447.jpg 510w, https:\/\/www.soleum.de\/wp-content\/uploads\/2023\/05\/SOLEUM_SICIS-SPA-Waermeliege_1000.jpg 1000w\" sizes=\"auto, (max-width: 913px) 100vw, 913px\" \/>\t\t\t\t\t\t\n\t\t\t\t\t<\/div>\n\t\t\t\t\t\t\t\t\n<style>\n#image_1337028052 {\n  width: 100%;\n}\n<\/style>\n\t<\/div>\n\t\n<div class=\"text-center\"><div class=\"is-divider divider clearfix\" style=\"max-width:754px;background-color:rgb(2, 0, 104);\"><\/div><\/div>\n\t<div class=\"img has-hover x md-x lg-x y md-y lg-y\" id=\"image_2000559229\">\n\t\t\t\t\t\t\t\t<div class=\"img-inner dark\" >\n\t\t\t<img loading=\"lazy\" decoding=\"async\" width=\"1000\" height=\"346\" src=\"https:\/\/www.soleum.de\/wp-content\/uploads\/2023\/05\/Luxus-SPA-Liege-Abmessungen.jpg\" class=\"attachment-large size-large\" alt=\"\" srcset=\"https:\/\/www.soleum.de\/wp-content\/uploads\/2023\/05\/Luxus-SPA-Liege-Abmessungen.jpg 1000w, https:\/\/www.soleum.de\/wp-content\/uploads\/2023\/05\/Luxus-SPA-Liege-Abmessungen-800x277.jpg 800w, https:\/\/www.soleum.de\/wp-content\/uploads\/2023\/05\/Luxus-SPA-Liege-Abmessungen-768x266.jpg 768w, https:\/\/www.soleum.de\/wp-content\/uploads\/2023\/05\/Luxus-SPA-Liege-Abmessungen-510x176.jpg 510w\" sizes=\"auto, (max-width: 1000px) 100vw, 1000px\" \/>\t\t\t\t\t\t\n\t\t\t\t\t<\/div>\n\t\t\t\t\t\t\t\t\n<style>\n#image_2000559229 {\n  width: 100%;\n}\n<\/style>\n\t<\/div>\n\t\n<div class=\"text-center\"><div class=\"is-divider divider clearfix\" style=\"max-width:754px;background-color:rgb(2, 0, 104);\"><\/div><\/div>\n\t<div class=\"box has-hover   has-hover box-text-bottom\" >\n\n\t\t<div class=\"box-image\" style=\"width:25%;\">\n\t\t\t<a href=\"https:\/\/www.soleum.de\/wp-content\/uploads\/2023\/05\/SICIS-SPA-Liege.pdf\" target=\"_blank\" rel=\"noopener\" >\t\t\t<div class=\"\" >\n\t\t\t\t<img loading=\"lazy\" decoding=\"async\" width=\"214\" height=\"300\" src=\"https:\/\/www.soleum.de\/wp-content\/uploads\/2023\/05\/SICIS-SPA-Liege_Preisliste.jpg\" class=\"attachment- size-\" alt=\"\" \/>\t\t\t\t\t\t\t\t\t\t\t<\/div>\n\t\t\t<\/a>\t\t<\/div>\n\n\t\t<div class=\"box-text text-center\" >\n\t\t\t<div class=\"box-text-inner\">\n\t\t\t\t\n<h4><a href=\"https:\/\/www.soleum.de\/wp-content\/uploads\/2023\/05\/SICIS-SPA-Liege.pdf\">Preuzmite SICIS SPA WARMING LOUNGER PDF datoteku (3MB)<\/a><\/h4>\n<p>Preuzmite datoteku za prikaz.<\/p>\n\t\t\t<\/div>\n\t\t<\/div>\n\t<\/div>\n\t\n<h2>Ru\u010dno izra\u0111eni mikrocementni premaz<\/h2>\n<p>Mikrocement je dvokomponentni sustav polimera i cementa. Povr\u0161inu mo\u017eete odabrati u razli\u010ditim bojama.<\/p>\n<p>Mikrocement se nanosi ru\u010dno. Iz tog razloga, kupac treba prihvatiti da se pri radu s plasti\u010dnim materijalom mogu pojaviti lagane neravnine i minimalni nedostaci. Mikrocement je ru\u010dno izra\u0111en proizvod koji je jedinstven<br \/>\ni ne masovno proizveden. Razlike u nijansama boja i\/ili koncentraciji boja treba promatrati kao vrijedne elemente rada &#8211; a ne kao nedostatke.<br \/>\nMikrocementne povr\u0161ine koje su izlo\u017eene o\u0161trim ili o\u0161trim optere\u0107enjima (stolice, namje\u0161taj, visoke pete itd.) mogu patiti od dosjetki ili ogrebotina. Iako povr\u0161ina mikrocementa ima izvrsnu otpornost, imaju sli\u010dna svojstva kao drveni podovi i treba ih tretirati u skladu s tim.<\/p>\n<p>Ogrebotine se mogu pojaviti na mikrocementnom premazu. \u0160to je povr\u0161ina glatkija i ujedna\u010denija, ve\u0107a je vjerojatnost da \u0107e na njoj biti vidljive ogrebotine zbog uporabe. Ovi problemi<br \/>\nA nedostaci se lako mogu zaobi\u0107i izborom boje i nedosljednim, neujedna\u010denim izborom zavr\u0161ne obrade &#8211; ali i odgovaraju\u0107om, urednom njegom.<\/p>\n<p>\u010cak i ako obrada brtvilom \u0161titi pod od brzog prodora slu\u010dajno prolivenih teku\u0107ina, jo\u0161 uvijek treba imati na umu da sve teku\u0107ine,<br \/>\nTeku\u0107ine koje se obi\u010dno koriste u ku\u0107anstvu, kao \u0161to su vino, ulje, ocat ili kava, treba ukloniti sa svih povr\u0161ina \u0161to je br\u017ee mogu\u0107e kako ni pod kojim uvjetima ne bi mogle prodrijeti na povr\u0161inu.<\/p>\n<p><strong>BRIGA<\/strong><br \/>\nPreporuke i prijedlozi za odr\u017eavanje mikrocementa \u010distim i lijepim:<br \/>\n\u00b7 \u010ci\u0161\u0107enje granice mikrocementa je jednostavno: dovoljno je obrisati povr\u0161inu vla\u017enom krpom s malo neutralnog deterd\u017eenta bez pjene.<br \/>\n\u00b7 Preporu\u010dljivo je redovito tretirati povr\u0161inu za\u0161titnim sredstvima na bazi samopoliraju\u0107ih voskova u vodi (kao \u0161to je Ideal Cera).  <strong>Proizvodi za njegu koji su otporni na sapun, kiselinu, amonijak, klor ili druge<\/strong><br \/>\n<strong>Korozivna sredstva strogo su zabranjena za lije\u010denje<\/strong>. Koristite samo neagresivne, pH neutralne proizvode za njegu.<\/p>\n\t<div class=\"img has-hover x md-x lg-x y md-y lg-y\" id=\"image_1578932291\">\n\t\t\t\t\t\t\t\t<div class=\"img-inner dark\" >\n\t\t\t<img loading=\"lazy\" decoding=\"async\" width=\"1000\" height=\"529\" src=\"https:\/\/www.soleum.de\/wp-content\/uploads\/2023\/05\/Overlay_Mikrozement.jpg\" class=\"attachment-large size-large\" alt=\"\" srcset=\"https:\/\/www.soleum.de\/wp-content\/uploads\/2023\/05\/Overlay_Mikrozement.jpg 1000w, https:\/\/www.soleum.de\/wp-content\/uploads\/2023\/05\/Overlay_Mikrozement-756x400.jpg 756w, https:\/\/www.soleum.de\/wp-content\/uploads\/2023\/05\/Overlay_Mikrozement-768x406.jpg 768w, https:\/\/www.soleum.de\/wp-content\/uploads\/2023\/05\/Overlay_Mikrozement-510x270.jpg 510w\" sizes=\"auto, (max-width: 1000px) 100vw, 1000px\" \/>\t\t\t\t\t\t\n\t\t\t\t\t<\/div>\n\t\t\t\t\t\t\t\t\n<style>\n#image_1578932291 {\n  width: 100%;\n}\n<\/style>\n\t<\/div>\n\t\n\t<div id=\"gap-1945729647\" class=\"gap-element clearfix\" style=\"display:block; height:auto;\">\n\t\t\n<style>\n#gap-1945729647 {\n  padding-top: 100px;\n}\n<\/style>\n\t<\/div>\n\t\n<p>Cijene uklju\u010duju PDV. PDV i ex radovi Pregarten<\/p>\n","protected":false},"excerpt":{"rendered":"<p>Luksuzna SPA grijana le\u017ealjka sa SICIS staklenim mozaikom za ekskluzivne wellness prostore i privatne krajolike saune. Bo\u010dne povr\u0161ine izra\u0111ene su od finog mikrocementa u antracitu. Savr\u0161eno oblikovano opu\u0161tanje u luksuznoj le\u017ealjci.<\/p>\n","protected":false},"featured_media":20787,"template":"","meta":[],"product_brand":[],"product_cat":[4795,4798],"product_tag":[4799,4845,4807,4811,4813,4815,4817,4826,4819,4823,4828,4830,4803,4802,4805,4800,4801,4848,4809,4833,4835,4837,4839,4841,4843,4103,4847],"class_list":{"0":"post-29807","1":"product","2":"type-product","3":"status-publish","4":"has-post-thumbnail","6":"product_cat-prodaja-ponude-povoljne-cijene","7":"product_cat-spa-grijane-lezaljke","8":"product_tag-dizajnerska-spa-lezaljka","9":"product_tag-grijana-lezaljka-za-spa-sadrzaje","10":"product_tag-hotelska-lezaljka","11":"product_tag-infracrvena-lezaljka-za-opustanje","12":"product_tag-lezaljka-za-arhitekte","13":"product_tag-lezaljka-za-wellness-centar","14":"product_tag-luksuzna-lezaljka","15":"product_tag-luksuzna-lezaljka-hr","16":"product_tag-luksuzna-spa-lezaljka","17":"product_tag-luksuzni-spa","18":"product_tag-mikrocement","19":"product_tag-mikrocementni-premaz","20":"product_tag-poplocana-grijana-lezaljka","21":"product_tag-poplocana-infracrvena-lezaljka","22":"product_tag-pozlacenje","23":"product_tag-pravi-metal","24":"product_tag-pravi-metalni-premaz","25":"product_tag-pribor-za-wellness-prostore","26":"product_tag-salon-infracrvene-lezaljke","27":"product_tag-sicis-lezaljka","28":"product_tag-soleum-lezaljka","29":"product_tag-spa-dizajner","30":"product_tag-spa-ideje","31":"product_tag-spa-lezaljka","32":"product_tag-spa-lezaljke-za-hotel","33":"product_tag-wellness-lezaljka","34":"product_tag-wellness-lezaljke-za-saunu","36":"first","37":"instock","38":"sale","39":"taxable","40":"shipping-taxable","41":"purchasable","42":"product-type-simple"},"_links":{"self":[{"href":"https:\/\/www.soleum.de\/hr\/wp-json\/wp\/v2\/product\/29807","targetHints":{"allow":["GET"]}}],"collection":[{"href":"https:\/\/www.soleum.de\/hr\/wp-json\/wp\/v2\/product"}],"about":[{"href":"https:\/\/www.soleum.de\/hr\/wp-json\/wp\/v2\/types\/product"}],"wp:featuredmedia":[{"embeddable":true,"href":"https:\/\/www.soleum.de\/hr\/wp-json\/wp\/v2\/media\/20787"}],"wp:attachment":[{"href":"https:\/\/www.soleum.de\/hr\/wp-json\/wp\/v2\/media?parent=29807"}],"wp:term":[{"taxonomy":"product_brand","embeddable":true,"href":"https:\/\/www.soleum.de\/hr\/wp-json\/wp\/v2\/product_brand?post=29807"},{"taxonomy":"product_cat","embeddable":true,"href":"https:\/\/www.soleum.de\/hr\/wp-json\/wp\/v2\/product_cat?post=29807"},{"taxonomy":"product_tag","embeddable":true,"href":"https:\/\/www.soleum.de\/hr\/wp-json\/wp\/v2\/product_tag?post=29807"}],"curies":[{"name":"wp","href":"https:\/\/api.w.org\/{rel}","templated":true}]}}