{"id":29829,"date":"2023-06-13T12:24:22","date_gmt":"2023-06-13T10:24:22","guid":{"rendered":"https:\/\/www.soleum.de\/shop\/Bez%20kategorije\/temperaturni-senzor-tf-104\/"},"modified":"2024-09-06T07:32:28","modified_gmt":"2024-09-06T05:32:28","slug":"temperaturni-senzor-tf-104","status":"publish","type":"product","link":"https:\/\/www.soleum.de\/hr\/shop\/generatori-pare\/temperaturni-senzor-tf-104\/","title":{"rendered":"Temperaturni senzor TF 104"},"content":{"rendered":"<p>Senzor temperature TF 104 prikladan za generatore pare FLEXLINE i STANDARDLINE \u0160ifra za narud\u017ebu: B-0605227 NTC 10m du\u017eine kabela, uklj. Dr\u017ea\u010d za senzore, klasa za\u0161tite IP 65 Za mjerenje temperature u parnoj kupelji kako bi se mogla regulirati temperatura parne kupelji  &nbsp;<\/p>\n","protected":false},"excerpt":{"rendered":"<p>Senzor temperature TF 104 prikladan za generatore pare FLEXLINE i STANDARDLINE \u0160ifra za narud\u017ebu: B-0605227 NTC 10m du\u017eine kabela, uklj. Dr\u017ea\u010d za senzore, klasa za\u0161tite IP 65 Za mjerenje temperature u parnoj kupelji kako bi se mogla regulirati temperatura parne kupelji &nbsp;<\/p>\n","protected":false},"featured_media":20542,"template":"","meta":[],"product_brand":[],"product_cat":[3589],"product_tag":[5080,5076,5078],"class_list":{"0":"post-29829","1":"product","2":"type-product","3":"status-publish","4":"has-post-thumbnail","6":"product_cat-generatori-pare","7":"product_tag-parna-kupelj-za-kontrolu-temperature","8":"product_tag-temperatura","9":"product_tag-temperatura-parne-kupelji","10":"product_shipping_class-paket-5-10kg-hr","12":"first","13":"outofstock","14":"taxable","15":"shipping-taxable","16":"purchasable","17":"product-type-simple"},"_links":{"self":[{"href":"https:\/\/www.soleum.de\/hr\/wp-json\/wp\/v2\/product\/29829","targetHints":{"allow":["GET"]}}],"collection":[{"href":"https:\/\/www.soleum.de\/hr\/wp-json\/wp\/v2\/product"}],"about":[{"href":"https:\/\/www.soleum.de\/hr\/wp-json\/wp\/v2\/types\/product"}],"wp:featuredmedia":[{"embeddable":true,"href":"https:\/\/www.soleum.de\/hr\/wp-json\/wp\/v2\/media\/20542"}],"wp:attachment":[{"href":"https:\/\/www.soleum.de\/hr\/wp-json\/wp\/v2\/media?parent=29829"}],"wp:term":[{"taxonomy":"product_brand","embeddable":true,"href":"https:\/\/www.soleum.de\/hr\/wp-json\/wp\/v2\/product_brand?post=29829"},{"taxonomy":"product_cat","embeddable":true,"href":"https:\/\/www.soleum.de\/hr\/wp-json\/wp\/v2\/product_cat?post=29829"},{"taxonomy":"product_tag","embeddable":true,"href":"https:\/\/www.soleum.de\/hr\/wp-json\/wp\/v2\/product_tag?post=29829"}],"curies":[{"name":"wp","href":"https:\/\/api.w.org\/{rel}","templated":true}]}}