{"id":29841,"date":"2023-09-06T08:13:42","date_gmt":"2023-09-06T06:13:42","guid":{"rendered":"https:\/\/www.soleum.de\/shop\/Bez%20kategorije\/loziste-ugradena-kutija-s-3d-ultrazvucnom-vatrom\/"},"modified":"2024-11-26T08:28:55","modified_gmt":"2024-11-26T07:28:55","slug":"ugradeni-komplet-lozista-s-3d-ultrazvucnom-vatrom","status":"publish","type":"product","link":"https:\/\/www.soleum.de\/hr\/shop\/prodaja-ponude-povoljne-cijene\/ugradeni-komplet-lozista-s-3d-ultrazvucnom-vatrom\/","title":{"rendered":"Lo\u017ei\u0161te, ugra\u0111ena kutija s 3D ultrazvu\u010dnom vatrom"},"content":{"rendered":"<h1>Lo\u017ei\u0161te, ugra\u0111ena kutija uklj. 3D ultrazvu\u010dna vatra<\/h1>\n<p>Za 3D vatru \u0161irine <strong>80 cm<\/strong> .<\/p>\n<p>Dimenzije instalacijske kutije: \u0161irina = 90cm, dubina = 30cm, visina = 86cm<\/p>\n<p>Boja: crna, mat<\/p>\n<p>Kutija \u0107e se tako\u0111er otpremiti u kutiji od \u0161perplo\u010de kada se otpremi.<\/p>\n<blockquote><p>Ponuda se odnosi na eksponat vatrogasne kutije &#8211; na stanju su 3 kutije<\/p><\/blockquote>\n<p> Molimo raspitajte se kod nas. Tel.: +43 7236 26200<\/p>\n<p>&nbsp;<\/p>\n<p>&nbsp;<\/p>\n<p>&nbsp;<\/p>\n","protected":false},"excerpt":{"rendered":"<p>3D ultrazvu\u010dna vatra za SPA le\u017ealjke: vatrogasna kutija, ugra\u0111ena kutija uklj. 3D ultrazvu\u010dna vatra &#8211; Za 3D vatru s 80cm \u0161irine uklj. Daljinsko upravljanje.<\/p>\n","protected":false},"featured_media":21354,"template":"","meta":[],"product_brand":[],"product_cat":[4795],"product_tag":[5120,5125,5121,5123],"class_list":{"0":"post-29841","1":"product","2":"type-product","3":"status-publish","4":"has-post-thumbnail","6":"product_cat-prodaja-ponude-povoljne-cijene","7":"product_tag-3d-ultrazvucna-vatra","8":"product_tag-spa-dizajn","9":"product_tag-ulrtraschallfeuer-hr","10":"product_tag-vatrena-voda","11":"product_shipping_class-glomazna-roba","13":"first","14":"instock","15":"sale","16":"taxable","17":"shipping-taxable","18":"purchasable","19":"product-type-simple"},"_links":{"self":[{"href":"https:\/\/www.soleum.de\/hr\/wp-json\/wp\/v2\/product\/29841","targetHints":{"allow":["GET"]}}],"collection":[{"href":"https:\/\/www.soleum.de\/hr\/wp-json\/wp\/v2\/product"}],"about":[{"href":"https:\/\/www.soleum.de\/hr\/wp-json\/wp\/v2\/types\/product"}],"wp:featuredmedia":[{"embeddable":true,"href":"https:\/\/www.soleum.de\/hr\/wp-json\/wp\/v2\/media\/21354"}],"wp:attachment":[{"href":"https:\/\/www.soleum.de\/hr\/wp-json\/wp\/v2\/media?parent=29841"}],"wp:term":[{"taxonomy":"product_brand","embeddable":true,"href":"https:\/\/www.soleum.de\/hr\/wp-json\/wp\/v2\/product_brand?post=29841"},{"taxonomy":"product_cat","embeddable":true,"href":"https:\/\/www.soleum.de\/hr\/wp-json\/wp\/v2\/product_cat?post=29841"},{"taxonomy":"product_tag","embeddable":true,"href":"https:\/\/www.soleum.de\/hr\/wp-json\/wp\/v2\/product_tag?post=29841"}],"curies":[{"name":"wp","href":"https:\/\/api.w.org\/{rel}","templated":true}]}}