{"id":29889,"date":"2017-12-16T15:16:43","date_gmt":"2017-12-16T14:16:43","guid":{"rendered":"https:\/\/www.soleum.de\/shop\/Bez%20kategorije\/rezervni-dio-parnog-cilindra\/"},"modified":"2024-02-23T17:04:59","modified_gmt":"2024-02-23T16:04:59","slug":"rezervni-dio-parnog-cilindra","status":"publish","type":"product","link":"https:\/\/www.soleum.de\/hr\/shop\/posteduje\/rezervni-dio-parnog-cilindra\/","title":{"rendered":"Rezervni dio parnog cilindra"},"content":{"rendered":"<h1>Rezervni dio parnog cilindra za nisku ili srednju vodljivost<\/h1>\n<h2>za generatore pare SOL-Steam SOL-005, SOL-008, SOL-010, SOL-015, SOL-018<\/h2>\n<div><span style=\"font-size: 120%;\">Rezervni dio parnog cilindra za nisku vodljivost vode: <strong>75-350 \u03bcS\/cm<\/strong><\/span><\/div>\n<div>\n<div><span style=\"font-size: 120%;\">Rezervni dio parnog cilindra za srednju vodljivost vode: <strong>350-1250 \u03bcS\/cm (standardni cilindar)<\/strong><\/span><\/div>\n<\/div>\n\t<div id=\"gap-1133164568\" class=\"gap-element clearfix\" style=\"display:block; height:auto;\">\n\t\t\n<style>\n#gap-1133164568 {\n  padding-top: 30px;\n}\n<\/style>\n\t<\/div>\n\t\n<div>Set elektroda ve\u0107 je uklju\u010den u cijenu!<\/div>\n\t<div id=\"gap-655700089\" class=\"gap-element clearfix\" style=\"display:block; height:auto;\">\n\t\t\n<style>\n#gap-655700089 {\n  padding-top: 30px;\n}\n<\/style>\n\t<\/div>\n\t\n<div>U sljede\u0107em videu mo\u017eete vidjeti da je zamjena parnog cilindra vrlo jednostavna:<\/div>\n<p><iframe loading=\"lazy\" src=\"https:\/\/www.youtube.com\/embed\/kRphlMnuBQY?rel=0\" width=\"560\" height=\"315\" frameborder=\"0\" allowfullscreen=\"allowfullscreen\"><\/iframe><\/p>\n<div>\n<h2>Kvaliteta vode i parni cilindri &#8211; \u017eivotni vijek<\/h2>\n<p>Odnos izme\u0111u tvrdo\u0107e vode i vijeka trajanja cilindra nije linearan i ne mo\u017ee se izra\u010dunati. Tvrdo\u0107a vode, \u00b0dH = stupanj njema\u010dke tvrdo\u0107e, odnosi se samo na udio otopljenog vapna (kalcija i iona) u vodi. Vodljivost se odre\u0111uje koli\u010dinom otopljenih soli i metala. Sastav vode i omjeri otopljenih tvari jedni prema drugima vrlo su razli\u010diti, tako da do danas nitko ne mo\u017ee to\u010dno re\u0107i za\u0161to ovla\u017eiva\u010di elektroda mogu raditi du\u017ee s jednom vodom nego s drugom vodom, iako obje imaju &#8220;dobre kvalitete pitke vode&#8221;. Sljede\u0107e vrijednosti odredila je dr\u017eavna vodna uprava analizama vode, pri \u010demu se radno vrijeme odnosi samo na tvrdo\u0107u! Otopljene tvari kao \u0161to su minerali, soli i metali, kao i elektri\u010dna vodljivost, ne uzimaju se u obzir.<\/p>\n<p><img loading=\"lazy\" decoding=\"async\" class=\"aligncenter size-full wp-image-7752\" src=\"https:\/\/www.soleum.de\/wp-content\/uploads\/2017\/12\/dampfzylinder_wasserhaerte.jpg\" alt=\"Tablica tvrdo\u0107e vode parnog cilindra\" width=\"676\" height=\"227\" srcset=\"https:\/\/www.soleum.de\/wp-content\/uploads\/2017\/12\/dampfzylinder_wasserhaerte.jpg 676w, https:\/\/www.soleum.de\/wp-content\/uploads\/2017\/12\/dampfzylinder_wasserhaerte-510x171.jpg 510w\" sizes=\"auto, (max-width: 676px) 100vw, 676px\" \/><\/p>\n<p>Prikladan sustav omek\u0161avanja mo\u017ee pove\u0107ati vijek trajanja cilindara. U slu\u010daju ionskih izmjenjiva\u010da, u\u010dvr\u0161\u0107iva\u010di (vapno) se zamjenjuju za natrij (sol). Omek\u0161ana voda tada ima manje vapna, ali vi\u0161e soli = ve\u0107a vodljivost = ve\u0107a agresivnost.<\/p>\n<p>Voda s manje od 75\u03bcS\/cm i vi\u0161e od 1500\u03bcS\/cm nije prikladna za ovla\u017eiva\u010de elektroda!<\/p>\n<\/div>\n\t<div id=\"gap-464339127\" class=\"gap-element clearfix\" style=\"display:block; height:auto;\">\n\t\t\n<style>\n#gap-464339127 {\n  padding-top: 30px;\n}\n<\/style>\n\t<\/div>\n\t\n","protected":false},"excerpt":{"rendered":"<p>Novi zamjenski cilindar za generator pare elektroda SOL-Steam<\/p>\n<p>ODABERITE SVOJ URE\u0110AJ I \u017dELJENU VODLJIVOST U DONJEM POLJU ZA ODABIR!<\/p>\n","protected":false},"featured_media":15222,"template":"","meta":[],"product_brand":[],"product_cat":[5240],"product_tag":[5251,5258,4950,5242,5248,5255,5261],"class_list":{"0":"post-29889","1":"product","2":"type-product","3":"status-publish","4":"has-post-thumbnail","6":"product_cat-posteduje","7":"product_tag-generator-pare-zamjenskog-dijela","8":"product_tag-niska-vodljivost","9":"product_tag-parni-cilindri","10":"product_tag-rezervni-dio","11":"product_tag-rezervni-dio-hr","12":"product_tag-rezervni-dio-spremnika-za-paru","13":"product_tag-srednja-vodljivost","14":"product_shipping_class-paket-5-10kg-hr","16":"first","17":"instock","18":"taxable","19":"shipping-taxable","20":"purchasable","21":"product-type-variable"},"_links":{"self":[{"href":"https:\/\/www.soleum.de\/hr\/wp-json\/wp\/v2\/product\/29889","targetHints":{"allow":["GET"]}}],"collection":[{"href":"https:\/\/www.soleum.de\/hr\/wp-json\/wp\/v2\/product"}],"about":[{"href":"https:\/\/www.soleum.de\/hr\/wp-json\/wp\/v2\/types\/product"}],"wp:featuredmedia":[{"embeddable":true,"href":"https:\/\/www.soleum.de\/hr\/wp-json\/wp\/v2\/media\/15222"}],"wp:attachment":[{"href":"https:\/\/www.soleum.de\/hr\/wp-json\/wp\/v2\/media?parent=29889"}],"wp:term":[{"taxonomy":"product_brand","embeddable":true,"href":"https:\/\/www.soleum.de\/hr\/wp-json\/wp\/v2\/product_brand?post=29889"},{"taxonomy":"product_cat","embeddable":true,"href":"https:\/\/www.soleum.de\/hr\/wp-json\/wp\/v2\/product_cat?post=29889"},{"taxonomy":"product_tag","embeddable":true,"href":"https:\/\/www.soleum.de\/hr\/wp-json\/wp\/v2\/product_tag?post=29889"}],"curies":[{"name":"wp","href":"https:\/\/api.w.org\/{rel}","templated":true}]}}