{"id":29954,"date":"2023-06-18T08:13:35","date_gmt":"2023-06-18T06:13:35","guid":{"rendered":"https:\/\/www.soleum.de\/shop\/Bez%20kategorije\/generator-pare-sol-steam-mini-5kw\/"},"modified":"2024-04-26T10:40:34","modified_gmt":"2024-04-26T08:40:34","slug":"generator-pare-sol-steam-mini-5kw","status":"publish","type":"product","link":"https:\/\/www.soleum.de\/hr\/shop\/generatori-pare\/generator-pare-sol-steam-mini-5kw\/","title":{"rendered":"Generator pare SOL-Steam MINI 5kW"},"content":{"rendered":"<h2><span style=\"color: #ffcc00;\">Generator pare SOL-Steam MINI 5kW = proizvodnja pare od 6,6 kg<br \/>\n<\/span><\/h2>\n<div class=\"row\"  id=\"row-1207699718\">\n\n\t<div id=\"col-644123618\" class=\"col medium-8 small-12 large-8\"  >\n\t\t\t\t<div class=\"col-inner\"  >\n\t\t\t\n\t\t\t\n<p><strong>Generator pare radijatora SOL-Steam MINI<\/strong> u svom atraktivnom dizajnu s tankim dimenzijama ure\u0111aja i izlaznom snagom ure\u0111aja od 6,6 kg \/ h posebno je pogodan za privatne i suite toplice. Najmanji generator pare u na\u0161oj SOL-Steam seriji.<\/p>\n<p>Optimalna pristupa\u010dnost komponenti \u0161tedi vrijeme tijekom instalacije i odr\u017eavanja.<\/p>\n<p>Ure\u0111ajima se mo\u017ee upravljati s demineraliziranom, omek\u0161anom ili vodom iz slavine; Kada se radi s potpuno desaliniziranom vodom, gotovo su bez odr\u017eavanja. Ure\u0111aji su ekolo\u0161ki prihvatljivi, u\u010dinkoviti, higijenski i sigurni. Proizvedena para poti\u010de zdravlje i dobrobit.<\/p>\n<p>SOL-Steam <strong>MINI<\/strong> vaping ure\u0111aj mo\u017ee se digitalno kontrolirati, \u010ditati i parametrizirati pomo\u0107u integriranog komunikacijskog protokola Modbus RTU.<\/p>\n<p>Ure\u0111aji imaju VDE i GS ispitnu oznaku i uskla\u0111eni su s CE i EAC.<\/p>\n<h2><span style=\"color: #ffcc00;\">Specifikacije<\/span><\/h2>\n\t\t<\/div>\n\t\t\t\t\t<\/div>\n\n\t\n\n\t<div id=\"col-2007649347\" class=\"col medium-4 small-12 large-4\"  >\n\t\t\t\t<div class=\"col-inner\"  >\n\t\t\t\n\t\t\t\n\t<div class=\"img has-hover x md-x lg-x y md-y lg-y\" id=\"image_17845366\">\n\t\t<a class=\"\" href=\"https:\/\/www.soleum.de\/wp-content\/uploads\/2023\/06\/SOLEUM-Dampfgenerator-Flexline-Broschuere.pdf\" target=\"_blank\" rel=\"noopener\" >\t\t\t\t\t\t<div class=\"img-inner dark\" >\n\t\t\t<img loading=\"lazy\" decoding=\"async\" width=\"227\" height=\"300\" src=\"https:\/\/www.soleum.de\/wp-content\/uploads\/2023\/06\/sol-steam-dampfbadgenerator-mini-Info.jpg\" class=\"attachment-original size-original\" alt=\"\" \/>\t\t\t\t\t\t\n\t\t\t\t\t<\/div>\n\t\t\t\t\t\t<\/a>\t\t\n<style>\n#image_17845366 {\n  width: 54%;\n}\n<\/style>\n\t<\/div>\n\t\n<p><a href=\"https:\/\/www.soleum.de\/wp-content\/uploads\/2023\/06\/SOLEUM-Dampfgenerator-Flexline-Broschuere.pdf\" target=\"_blank\" rel=\"noopener\">Preuzmite bro\u0161uru<\/a><\/p>\n\t\t<\/div>\n\t\t\t\t\t<\/div>\n\n\t\n<\/div>\n\t<div class=\"img has-hover x md-x lg-x y md-y lg-y\" id=\"image_384146019\">\n\t\t<a class=\"image-lightbox lightbox-gallery\" title=\"\" href=\"https:\/\/www.soleum.de\/wp-content\/uploads\/2023\/06\/sol-steam-dampfgenerator-mini-technische-daten.jpg\">\t\t\t\t\t\t<div class=\"img-inner dark\" >\n\t\t\t<img loading=\"lazy\" decoding=\"async\" width=\"766\" height=\"492\" src=\"https:\/\/www.soleum.de\/wp-content\/uploads\/2023\/06\/sol-steam-dampfgenerator-mini-technische-daten.jpg\" class=\"attachment-original size-original\" alt=\"\" srcset=\"https:\/\/www.soleum.de\/wp-content\/uploads\/2023\/06\/sol-steam-dampfgenerator-mini-technische-daten.jpg 766w, https:\/\/www.soleum.de\/wp-content\/uploads\/2023\/06\/sol-steam-dampfgenerator-mini-technische-daten-623x400.jpg 623w, https:\/\/www.soleum.de\/wp-content\/uploads\/2023\/06\/sol-steam-dampfgenerator-mini-technische-daten-510x328.jpg 510w\" sizes=\"auto, (max-width: 766px) 100vw, 766px\" \/>\t\t\t\t\t\t\n\t\t\t\t\t<\/div>\n\t\t\t\t\t\t<\/a>\t\t\n<style>\n#image_384146019 {\n  width: 65%;\n}\n<\/style>\n\t<\/div>\n\t\n\t<div class=\"img has-hover x md-x lg-x y md-y lg-y\" id=\"image_1410584177\">\n\t\t<a class=\"image-lightbox lightbox-gallery\" title=\"\" href=\"https:\/\/www.soleum.de\/wp-content\/uploads\/2023\/06\/sol-steam-dampfbadgenerator-mini-abmessungen.jpg\">\t\t\t\t\t\t<div class=\"img-inner dark\" >\n\t\t\t<img loading=\"lazy\" decoding=\"async\" width=\"993\" height=\"800\" src=\"https:\/\/www.soleum.de\/wp-content\/uploads\/2023\/06\/sol-steam-dampfbadgenerator-mini-abmessungen-993x800.jpg\" class=\"attachment-large size-large\" alt=\"\" srcset=\"https:\/\/www.soleum.de\/wp-content\/uploads\/2023\/06\/sol-steam-dampfbadgenerator-mini-abmessungen-993x800.jpg 993w, https:\/\/www.soleum.de\/wp-content\/uploads\/2023\/06\/sol-steam-dampfbadgenerator-mini-abmessungen-496x400.jpg 496w, https:\/\/www.soleum.de\/wp-content\/uploads\/2023\/06\/sol-steam-dampfbadgenerator-mini-abmessungen-768x619.jpg 768w, https:\/\/www.soleum.de\/wp-content\/uploads\/2023\/06\/sol-steam-dampfbadgenerator-mini-abmessungen-510x411.jpg 510w, https:\/\/www.soleum.de\/wp-content\/uploads\/2023\/06\/sol-steam-dampfbadgenerator-mini-abmessungen.jpg 1000w\" sizes=\"auto, (max-width: 993px) 100vw, 993px\" \/>\t\t\t\t\t\t\n\t\t\t\t\t<\/div>\n\t\t\t\t\t\t<\/a>\t\t\n<style>\n#image_1410584177 {\n  width: 73%;\n}\n<\/style>\n\t<\/div>\n\t\n<h3 class=\"uppercase\"><span style=\"color: #ffcc00;\">Visoka razina sigurnosti<\/span><\/h3>\n<div class=\"content_element textdefault c_256\" data-content-id=\"256\">\n<article class=\"text\">Voda se zagrijava u izoliranom cilindru od nehr\u0111aju\u0107eg \u010delika prema principu uranjaju\u0107eg grija\u010da. HeaterSlim osigurava apsolutnu pouzdanost procesa mjerenjem razine pomo\u0107u senzorskih elektroda. Mehani\u010dka za\u0161tita radijatora od pregrijavanja i kontrola razine osiguravaju najve\u0107u mogu\u0107u operativnu sigurnost.Ku\u0107i\u0161te se mo\u017ee zaklju\u010dati i tako za\u0161tititi od neovla\u0161tenog pristupa.<\/article>\n<\/div>\n<div class=\"content_element textdefault c_257\" data-content-id=\"257\">\n<article class=\"text\">\n<div class=\"headline\">\n<h3 class=\"h\"><span style=\"color: #ffcc00;\">Higijenski besprijekoran.<\/span><\/h3>\n<\/div>\n<p>SOL-Steam MINI generator pare proizvodi higijensku paru bez minerala za va\u0161u <strong>dobrobit i zdravlje<\/strong>.<\/p>\n<\/article>\n<\/div>\n<div class=\"content_element textdefault c_258\" data-content-id=\"258\">\n<article class=\"text\">\n<div class=\"headline\">\n<h3 class=\"h\"><span style=\"color: #ffcc00;\">Fleksibilan u povezivanju i performansama.<\/span><\/h3>\n<\/div>\n<p><strong>Generator pare SOL-Steam MINI<\/strong> mo\u017ee se fleksibilno koristiti zbog postoje\u0107ih priklju\u010daka od 230 V i 400 V u ure\u0111aju. Zbog lako reduciranog broja aktivnih radijatora, nudi dvije klase performansi u jednoj veli\u010dini ure\u0111aja.<\/p>\n<\/article>\n<\/div>\n<div class=\"is-divider divider clearfix\" style=\"max-width:1500px;\"><\/div>\n\t<div class=\"img has-hover x md-x lg-x y md-y lg-y\" id=\"image_899071284\">\n\t\t\t\t\t\t\t\t<div class=\"img-inner dark\" >\n\t\t\t<img loading=\"lazy\" decoding=\"async\" width=\"732\" height=\"233\" src=\"https:\/\/www.soleum.de\/wp-content\/uploads\/2023\/06\/sol-steam-dampfgenerator-Anschluesse.jpg\" class=\"attachment-large size-large\" alt=\"\" srcset=\"https:\/\/www.soleum.de\/wp-content\/uploads\/2023\/06\/sol-steam-dampfgenerator-Anschluesse.jpg 732w, https:\/\/www.soleum.de\/wp-content\/uploads\/2023\/06\/sol-steam-dampfgenerator-Anschluesse-510x162.jpg 510w\" sizes=\"auto, (max-width: 732px) 100vw, 732px\" \/>\t\t\t\t\t\t\n\t\t\t\t\t<\/div>\n\t\t\t\t\t\t\t\t\n<style>\n#image_899071284 {\n  width: 100%;\n}\n<\/style>\n\t<\/div>\n\t\n<div class=\"content_element textdefault c_259\" data-content-id=\"259\">\n<article class=\"text\">\n<div class=\"headline\">\n<h2 class=\"h\"><span style=\"color: #ffcc00;\">Jednostavno odr\u017eavanje &#8211; ponovna uporaba umjesto zamjene.<\/span><\/h2>\n<\/div>\n<p>Ovaj ni\u0161ni generator pare nudi idealnu pristupa\u010dnost komponenti. U svrhu odr\u017eavanja, parni cilindar se mo\u017ee lako ukloniti bez posebnih alata. Radijatori se tako\u0111er mogu ukloniti i o\u010distiti u samo nekoliko jednostavnih koraka. Ako generator pare radijatora radi s potpuno desaliniziranom vodom, gotovo da nema naslaga i potreba za odr\u017eavanjem je minimalna.<\/p>\n<\/article>\n<\/div>\n<div class=\"row\"  id=\"row-284598814\">\n\n\t<div id=\"col-957663395\" class=\"col medium-4 small-12 large-4\"  >\n\t\t\t\t<div class=\"col-inner\"  >\n\t\t\t\n\t\t\t\n\t<div class=\"img has-hover x md-x lg-x y md-y lg-y\" id=\"image_435674314\">\n\t\t\t\t\t\t\t\t<div class=\"img-inner dark\" >\n\t\t\t<img loading=\"lazy\" decoding=\"async\" width=\"350\" height=\"242\" src=\"https:\/\/www.soleum.de\/wp-content\/uploads\/2023\/06\/sol-steam-dampfgenerator-Innen.jpg\" class=\"attachment-large size-large\" alt=\"\" \/>\t\t\t\t\t\t\n\t\t\t\t\t<\/div>\n\t\t\t\t\t\t\t\t\n<style>\n#image_435674314 {\n  width: 100%;\n}\n<\/style>\n\t<\/div>\n\t\n\t\t<\/div>\n\t\t\t\t\t<\/div>\n\n\t\n\n\t<div id=\"col-241003586\" class=\"col medium-4 small-12 large-4\"  >\n\t\t\t\t<div class=\"col-inner\"  >\n\t\t\t\n\t\t\t\n\t<div class=\"img has-hover x md-x lg-x y md-y lg-y\" id=\"image_1679196338\">\n\t\t\t\t\t\t\t\t<div class=\"img-inner dark\" >\n\t\t\t<img loading=\"lazy\" decoding=\"async\" width=\"329\" height=\"193\" src=\"https:\/\/www.soleum.de\/wp-content\/uploads\/2023\/06\/sol-steam-dampfgenerator-Tank.jpg\" class=\"attachment-large size-large\" alt=\"\" \/>\t\t\t\t\t\t\n\t\t\t\t\t<\/div>\n\t\t\t\t\t\t\t\t\n<style>\n#image_1679196338 {\n  width: 100%;\n}\n<\/style>\n\t<\/div>\n\t\n\t\t<\/div>\n\t\t\t\t\t<\/div>\n\n\t\n\n\t<div id=\"col-2044570548\" class=\"col medium-4 small-12 large-4\"  >\n\t\t\t\t<div class=\"col-inner\"  >\n\t\t\t\n\t\t\t\n\t<div class=\"img has-hover x md-x lg-x y md-y lg-y\" id=\"image_1277206247\">\n\t\t<a class=\"image-lightbox lightbox-gallery\" title=\"\" href=\"https:\/\/www.soleum.de\/wp-content\/uploads\/2023\/06\/sol-steam-dampfgenerator-MINI-Heizstab.jpg\">\t\t\t\t\t\t<div class=\"img-inner dark\" >\n\t\t\t<img loading=\"lazy\" decoding=\"async\" width=\"347\" height=\"216\" src=\"https:\/\/www.soleum.de\/wp-content\/uploads\/2023\/06\/sol-steam-dampfgenerator-MINI-Heizstab.jpg\" class=\"attachment-large size-large\" alt=\"\" \/>\t\t\t\t\t\t\n\t\t\t\t\t<\/div>\n\t\t\t\t\t\t<\/a>\t\t\n<style>\n#image_1277206247 {\n  width: 100%;\n}\n<\/style>\n\t<\/div>\n\t\n\t\t<\/div>\n\t\t\t\t\t<\/div>\n\n\t\n<\/div>\n\t<div class=\"img has-hover x md-x lg-x y md-y lg-y\" id=\"image_930577614\">\n\t\t\t\t\t\t\t\t<div class=\"img-inner dark\" >\n\t\t\t<img loading=\"lazy\" decoding=\"async\" width=\"610\" height=\"600\" src=\"https:\/\/www.soleum.de\/wp-content\/uploads\/2023\/06\/sol-steam-dampfgenerator-mini-offen.jpg\" class=\"attachment-original size-original\" alt=\"\" srcset=\"https:\/\/www.soleum.de\/wp-content\/uploads\/2023\/06\/sol-steam-dampfgenerator-mini-offen.jpg 610w, https:\/\/www.soleum.de\/wp-content\/uploads\/2023\/06\/sol-steam-dampfgenerator-mini-offen-407x400.jpg 407w, https:\/\/www.soleum.de\/wp-content\/uploads\/2023\/06\/sol-steam-dampfgenerator-mini-offen-510x502.jpg 510w\" sizes=\"auto, (max-width: 610px) 100vw, 610px\" \/>\t\t\t\t\t\t\n\t\t\t\t\t<\/div>\n\t\t\t\t\t\t\t\t\n<style>\n#image_930577614 {\n  width: 64%;\n}\n<\/style>\n\t<\/div>\n\t\n<div class=\"row\"  id=\"row-600521205\">\n\n\t<div id=\"col-1285832180\" class=\"col medium-6 small-12 large-6\"  >\n\t\t\t\t<div class=\"col-inner\"  >\n\t\t\t\n\t\t\t\n<div class=\"content_element textdefault c_260\" data-content-id=\"260\">\n<article class=\"text\">\n<div class=\"headline\">\n<h2 class=\"h\"><span style=\"color: #ffcc00;\">Jednostavno za kori\u0161tenje uz Spa Touch Control. (neobavezno)<\/span><\/h2>\n<\/div>\n<p>Ovaj visokokvalitetni tanki MINI generator pare optimalno je dizajniran za upotrebu sa Spa Touch Controlom. S vanjskim, trajno instaliranim 5&#8243; zaslonom osjetljivim na dodir, temperaturom, mirisom i svjetlom u parnoj kupelji mo\u017ee se jednostavno i povoljno kontrolirati.<\/p>\n<ul>\n<li>Povr\u0161ina zaslona s klasom za\u0161tite IP65*<\/li>\n<li>Izdr\u017eljiv kapacitivni 5-in\u010dni zaslon osjetljiv na dodir<\/li>\n<li>Razlu\u010divost 800 x 480, 65k boja<\/li>\n<li>Raspon funkcija mo\u017ee se konfigurirati (ciljana temperatura, miris itd.)<\/li>\n<li>Sat u stvarnom vremenu s programom vremena izvo\u0111enja i mjera\u010da vremena<\/li>\n<li>Visoka radna pouzdanost zbog prikaza poruka o odr\u017eavanju i kvaru generatora pare<\/li>\n<\/ul>\n<p>*Klasa za\u0161tite IP65 instalacije zahtijeva odgovaraju\u0107e zidno brtvljenje na licu mjesta.<\/p>\n<\/article>\n<\/div>\n\t\t<\/div>\n\t\t\t\t\t<\/div>\n\n\t\n\n\t<div id=\"col-95831950\" class=\"col medium-6 small-12 large-6\"  >\n\t\t\t\t<div class=\"col-inner\"  >\n\t\t\t\n\t\t\t\n\t<div class=\"img has-hover x md-x lg-x y md-y lg-y\" id=\"image_78760806\">\n\t\t<a class=\"\" href=\"https:\/\/www.soleum.de\/hr\/shop\/generatori-pare\/spa-upravljacka-ploca-za-generator-pare\/\" >\t\t\t\t\t\t<div class=\"img-inner dark\" >\n\t\t\t<img loading=\"lazy\" decoding=\"async\" width=\"356\" height=\"259\" src=\"https:\/\/www.soleum.de\/wp-content\/uploads\/2023\/06\/sol-steam-dampfgenerator-MINI-SPA-Display.jpg\" class=\"attachment-large size-large\" alt=\"sol-para-generator pare-MINI SPA zaslon\" \/>\t\t\t\t\t\t\n\t\t\t\t\t<\/div>\n\t\t\t\t\t\t<\/a>\t\t\n<style>\n#image_78760806 {\n  width: 100%;\n}\n<\/style>\n\t<\/div>\n\t\n\t\t<\/div>\n\t\t\t\t\t<\/div>\n\n\t\n<\/div>\n\t<div id=\"gap-1805727439\" class=\"gap-element clearfix\" style=\"display:block; height:auto;\">\n\t\t\n<style>\n#gap-1805727439 {\n  padding-top: 80px;\n}\n<\/style>\n\t<\/div>\n\t\n<h3><span style=\"color: #ffcc00;\">Aplikacija<\/span><\/h3>\n<h4><span style=\"color: #ffcc00;\">Wellness hoteli, SPA prostori, privatne parne kupelji<\/span><\/h4>\n<p>U wellness hotelima fokus je na rekreaciji, opu\u0161tanju i zdravlju gostiju. Regulirana toplina i higijenska para osiguravaju \u010di\u0161\u0107enje i umiruju\u0107u vlagu u brojnim wellness tretmanima.<\/p>\n<h4><span style=\"color: #ffcc00;\">Fitness klubovi i teretane<\/span><\/h4>\n<p>Opu\u0161tanje u spa centru nakon napornog fitness treninga vra\u0107a tijelo u ravnote\u017eu. Razli\u010dite primjene na pari, kao i zdrava unutarnja klima, daju odlu\u010duju\u0107i doprinos tome.<\/p>\n<blockquote><p>Naru\u010dite dodatnu opremu u isto vrijeme<\/p><\/blockquote>\n\t\n  \n    <div class=\"row large-columns-4 medium-columns-3 small-columns-2 row-small slider row-slider slider-nav-reveal slider-nav-push\"  data-flickity-options='{&quot;imagesLoaded&quot;: true, &quot;groupCells&quot;: &quot;100%&quot;, &quot;dragThreshold&quot; : 5, &quot;cellAlign&quot;: &quot;left&quot;,&quot;wrapAround&quot;: true,&quot;prevNextButtons&quot;: true,&quot;percentPosition&quot;: true,&quot;pageDots&quot;: false, &quot;rightToLeft&quot;: false, &quot;autoPlay&quot; : false}' >\n\n  \n\t     <div class=\"product-small col has-hover out-of-stock product type-product post-29834 status-publish first outofstock product_cat-generatori-pare product_tag-fleksibilno-parno-crijevo product_tag-parni-cjevovod product_tag-parno-crijevo has-post-thumbnail taxable shipping-taxable purchasable product-type-simple\">\n\t<div class=\"col-inner\">\n\t\n<div class=\"badge-container absolute left top z-1\">\n\n<\/div>\n\t<div class=\"product-small box \">\n\t\t<div class=\"box-image\">\n\t\t\t<div class=\"image-fade_in_back\">\n\t\t\t\t<a href=\"https:\/\/www.soleum.de\/hr\/shop\/generatori-pare\/parna-cijev-dampfschlauch_dn40\/\">\n\t\t\t\t\t<img loading=\"lazy\" decoding=\"async\" width=\"247\" height=\"300\" src=\"https:\/\/www.soleum.de\/wp-content\/uploads\/2023\/06\/Dampfschlauch-DN40-247x300.jpg\" class=\"attachment-woocommerce_thumbnail size-woocommerce_thumbnail\" alt=\"Cijev za paru DN40\" \/>\t\t\t\t<\/a>\n\t\t\t<\/div>\n\t\t\t<div class=\"image-tools is-small top right show-on-hover\">\n\t\t\t\t\t\t\t<\/div>\n\t\t\t<div class=\"image-tools is-small hide-for-small bottom left show-on-hover\">\n\t\t\t\t\t\t\t<\/div>\n\t\t\t<div class=\"image-tools grid-tools text-center hide-for-small bottom hover-slide-in show-on-hover\">\n\t\t\t\t<a href=\"#quick-view\" class=\"quick-view\" role=\"button\" data-prod=\"29834\" aria-haspopup=\"dialog\" aria-expanded=\"false\" data-flatsome-role-button>Quick View<\/a>\t\t\t<\/div>\n\t\t\t<div class=\"out-of-stock-label\">Nema na zalihi<\/div>\t\t<\/div>\n\n\t\t<div class=\"box-text box-text-products\">\n\t\t\t<div class=\"title-wrapper\">\t\t<p class=\"category uppercase is-smaller no-text-overflow product-cat op-8\">\n\t\t\tGeneratori pare\t\t<\/p>\n\t<p class=\"name product-title woocommerce-loop-product__title\"><a href=\"https:\/\/www.soleum.de\/hr\/shop\/generatori-pare\/parna-cijev-dampfschlauch_dn40\/\" class=\"woocommerce-LoopProduct-link woocommerce-loop-product__link\">1m parne cijevi Dampfschlauch_DN40<\/a><\/p><\/div><div class=\"price-wrapper\">\n\t<span class=\"price\"><span class=\"woocommerce-Price-amount amount\"><bdi>84,50&nbsp;<span class=\"woocommerce-Price-currencySymbol\">&euro;<\/span><\/bdi><\/span> <small class=\"woocommerce-price-suffix\">inkl. MWSt.<\/small><\/span>\n<\/div>\t\t<\/div>\n\t<\/div>\n\t\t<\/div>\n<\/div><div class=\"product-small col has-hover out-of-stock product type-product post-29829 status-publish outofstock product_cat-generatori-pare product_tag-parna-kupelj-za-kontrolu-temperature product_tag-temperatura product_tag-temperatura-parne-kupelji has-post-thumbnail taxable shipping-taxable purchasable product-type-simple\">\n\t<div class=\"col-inner\">\n\t\n<div class=\"badge-container absolute left top z-1\">\n\n<\/div>\n\t<div class=\"product-small box \">\n\t\t<div class=\"box-image\">\n\t\t\t<div class=\"image-fade_in_back\">\n\t\t\t\t<a href=\"https:\/\/www.soleum.de\/hr\/shop\/generatori-pare\/temperaturni-senzor-tf-104\/\">\n\t\t\t\t\t<img loading=\"lazy\" decoding=\"async\" width=\"247\" height=\"300\" src=\"https:\/\/www.soleum.de\/wp-content\/uploads\/2023\/06\/Temperaturfuehler_TF_104-247x300.jpg\" class=\"attachment-woocommerce_thumbnail size-woocommerce_thumbnail\" alt=\"Senzor temperature_TF_104\" \/>\t\t\t\t<\/a>\n\t\t\t<\/div>\n\t\t\t<div class=\"image-tools is-small top right show-on-hover\">\n\t\t\t\t\t\t\t<\/div>\n\t\t\t<div class=\"image-tools is-small hide-for-small bottom left show-on-hover\">\n\t\t\t\t\t\t\t<\/div>\n\t\t\t<div class=\"image-tools grid-tools text-center hide-for-small bottom hover-slide-in show-on-hover\">\n\t\t\t\t<a href=\"#quick-view\" class=\"quick-view\" role=\"button\" data-prod=\"29829\" aria-haspopup=\"dialog\" aria-expanded=\"false\" data-flatsome-role-button>Quick View<\/a>\t\t\t<\/div>\n\t\t\t<div class=\"out-of-stock-label\">Nema na zalihi<\/div>\t\t<\/div>\n\n\t\t<div class=\"box-text box-text-products\">\n\t\t\t<div class=\"title-wrapper\">\t\t<p class=\"category uppercase is-smaller no-text-overflow product-cat op-8\">\n\t\t\tGeneratori pare\t\t<\/p>\n\t<p class=\"name product-title woocommerce-loop-product__title\"><a href=\"https:\/\/www.soleum.de\/hr\/shop\/generatori-pare\/temperaturni-senzor-tf-104\/\" class=\"woocommerce-LoopProduct-link woocommerce-loop-product__link\">Temperaturni senzor TF 104<\/a><\/p><\/div><div class=\"price-wrapper\">\n\t<span class=\"price\"><span class=\"woocommerce-Price-amount amount\"><bdi>145,00&nbsp;<span class=\"woocommerce-Price-currencySymbol\">&euro;<\/span><\/bdi><\/span> <small class=\"woocommerce-price-suffix\">inkl. MWSt.<\/small><\/span>\n<\/div>\t\t<\/div>\n\t<\/div>\n\t\t<\/div>\n<\/div><\/div>\n\t<div id=\"gap-1798337221\" class=\"gap-element clearfix\" style=\"display:block; height:auto;\">\n\t\t\n<style>\n#gap-1798337221 {\n  padding-top: 80px;\n}\n<\/style>\n\t<\/div>\n\t\n","protected":false},"excerpt":{"rendered":"<p>Generator pare za parnu kupelj i parni tu\u0161: Generator pare SOL-Steam MINI 5kW: Mali generator pare radijatora za gotovo svaku instalacijsku situaciju. Najtanji parni aparat tvrtke SOLEUM<\/p>\n","protected":false},"featured_media":20661,"template":"","meta":[],"product_brand":[],"product_cat":[3589],"product_tag":[3595,4956,5337,4958,4959,4957,5339,5340,5341,3593,3600,4950,3602,4952,4953,4954,4955,3614,5338],"class_list":{"0":"post-29954","1":"product","2":"type-product","3":"status-publish","4":"has-post-thumbnail","6":"product_cat-generatori-pare","7":"product_tag-generator-pare","8":"product_tag-generator-pare-radijatora","9":"product_tag-generator-pare-sol-steam-mini","10":"product_tag-generator-pare-za-hotel","11":"product_tag-generator-pare-za-teretanu","12":"product_tag-komercijalni-generator-pare","13":"product_tag-mali-generator-pare","14":"product_tag-najmanji-generator-pare","15":"product_tag-najuzi-generator-pare","16":"product_tag-ovlazivac-parom","17":"product_tag-para","18":"product_tag-parni-cilindri","19":"product_tag-parni-uredaj","20":"product_tag-privatne-parne-kupelji","21":"product_tag-spa-hoteli","22":"product_tag-spa-podrucje","23":"product_tag-tehnika-parne-kupelji","24":"product_tag-tehnologija-parne-kupelji","25":"product_tag-uski-generator-pare","26":"product_shipping_class-paket-10-31kg","28":"last","29":"instock","30":"taxable","31":"shipping-taxable","32":"purchasable","33":"product-type-simple"},"_links":{"self":[{"href":"https:\/\/www.soleum.de\/hr\/wp-json\/wp\/v2\/product\/29954","targetHints":{"allow":["GET"]}}],"collection":[{"href":"https:\/\/www.soleum.de\/hr\/wp-json\/wp\/v2\/product"}],"about":[{"href":"https:\/\/www.soleum.de\/hr\/wp-json\/wp\/v2\/types\/product"}],"wp:featuredmedia":[{"embeddable":true,"href":"https:\/\/www.soleum.de\/hr\/wp-json\/wp\/v2\/media\/20661"}],"wp:attachment":[{"href":"https:\/\/www.soleum.de\/hr\/wp-json\/wp\/v2\/media?parent=29954"}],"wp:term":[{"taxonomy":"product_brand","embeddable":true,"href":"https:\/\/www.soleum.de\/hr\/wp-json\/wp\/v2\/product_brand?post=29954"},{"taxonomy":"product_cat","embeddable":true,"href":"https:\/\/www.soleum.de\/hr\/wp-json\/wp\/v2\/product_cat?post=29954"},{"taxonomy":"product_tag","embeddable":true,"href":"https:\/\/www.soleum.de\/hr\/wp-json\/wp\/v2\/product_tag?post=29954"}],"curies":[{"name":"wp","href":"https:\/\/api.w.org\/{rel}","templated":true}]}}