{"id":29960,"date":"2019-05-23T10:32:17","date_gmt":"2019-05-23T08:32:17","guid":{"rendered":"https:\/\/www.soleum.de\/shop\/Bez%20kategorije\/rgbw-led-set-svijetlih-boja\/"},"modified":"2024-02-23T17:07:09","modified_gmt":"2024-02-23T16:07:09","slug":"rgbw-led-set-svijetlih-boja","status":"publish","type":"product","link":"https:\/\/www.soleum.de\/hr\/shop\/led-svjetiljke\/rgbw-led-set-svijetlih-boja\/","title":{"rendered":"RGBW led set svijetlih boja"},"content":{"rendered":"\t<div class=\"box has-hover   has-hover box-vertical box-text-bottom\" >\n\n\t\t<div class=\"box-image\" style=\"width:50%;\">\n\t\t\t\t\t\t<div class=\"\" >\n\t\t\t\t<img loading=\"lazy\" decoding=\"async\" width=\"720\" height=\"720\" src=\"https:\/\/www.soleum.de\/wp-content\/uploads\/2019\/05\/RGBW-LEDlampe-Set.jpg\" class=\"attachment- size-\" alt=\"RGBW led set svijetlih boja\" srcset=\"https:\/\/www.soleum.de\/wp-content\/uploads\/2019\/05\/RGBW-LEDlampe-Set.jpg 720w, https:\/\/www.soleum.de\/wp-content\/uploads\/2019\/05\/RGBW-LEDlampe-Set-280x280.jpg 280w, https:\/\/www.soleum.de\/wp-content\/uploads\/2019\/05\/RGBW-LEDlampe-Set-400x400.jpg 400w, https:\/\/www.soleum.de\/wp-content\/uploads\/2019\/05\/RGBW-LEDlampe-Set-510x510.jpg 510w, https:\/\/www.soleum.de\/wp-content\/uploads\/2019\/05\/RGBW-LEDlampe-Set-100x100.jpg 100w\" sizes=\"auto, (max-width: 720px) 100vw, 720px\" \/>\t\t\t\t\t\t\t\t\t\t\t<\/div>\n\t\t\t\t\t<\/div>\n\n\t\t<div class=\"box-text text-right is-xlarge\" >\n\t\t\t<div class=\"box-text-inner\">\n\t\t\t\t\n<h1 style=\"text-align: left;\">RGBW svijetli LED set u boji za parnu kupelj i parni tu\u0161 ili podnu ugradnju<\/h1>\n<p style=\"text-align: left;\"><strong>IP67<\/strong>, elegantan dizajn i kvalitetan robustan dizajn, kao i vrlo jaka svjetlost (crvena, zelena, plava, bijela)<\/p>\n<p style=\"text-align: left;\">Promjer 14cm, dubina ugradnje cca 11.5cm<\/p>\n<p style=\"text-align: left;\">Mo\u017ee se koristiti i kao <strong>reflektor tla<\/strong><\/p>\n<p style=\"text-align: left;\">Art.Nr.: 6431088032<\/p>\n\t\t\t<\/div>\n\t\t<\/div>\n\t<\/div>\n\t\n<div class=\"text-center\"><div class=\"is-divider divider clearfix\" style=\"max-width:800px;background-color:rgb(20, 117, 244);\"><\/div><\/div>\n\n\t<section class=\"section\" id=\"section_497954383\">\n\t\t<div class=\"section-bg fill\" >\n\t\t\t<img loading=\"lazy\" decoding=\"async\" width=\"720\" height=\"720\" src=\"https:\/\/www.soleum.de\/wp-content\/uploads\/2019\/05\/RGBW-LED-Bedienteil.jpg\" class=\"bg attachment- size-\" alt=\"RGBW LED upravlja\u010dka plo\u010da\" \/>\t\t\t\t\t\t<div class=\"section-bg-overlay absolute fill\"><\/div>\n\t\t\t\n\n\t\t<\/div>\n\n\t\t\n\n\t\t<div class=\"section-content relative\">\n\t\t\t\n<div class=\"row row-large align-middle\"  id=\"row-1170480981\">\n\n\t<div id=\"col-763331646\" class=\"col medium-6 small-12 large-6\"  >\n\t\t\t\t<div class=\"col-inner\"  >\n\t\t\t\n\t\t\t\n\t<div class=\"img has-hover x md-x lg-x y md-y lg-y\" id=\"image_253896368\">\n\t\t\t\t\t\t\t\t<div class=\"img-inner dark\" >\n\t\t\t<img loading=\"lazy\" decoding=\"async\" width=\"720\" height=\"720\" src=\"https:\/\/www.soleum.de\/wp-content\/uploads\/2019\/05\/RGBW-LED-Bedienteil.jpg\" class=\"attachment-large size-large\" alt=\"RGBW LED upravlja\u010dka plo\u010da\" srcset=\"https:\/\/www.soleum.de\/wp-content\/uploads\/2019\/05\/RGBW-LED-Bedienteil.jpg 720w, https:\/\/www.soleum.de\/wp-content\/uploads\/2019\/05\/RGBW-LED-Bedienteil-280x280.jpg 280w, https:\/\/www.soleum.de\/wp-content\/uploads\/2019\/05\/RGBW-LED-Bedienteil-400x400.jpg 400w, https:\/\/www.soleum.de\/wp-content\/uploads\/2019\/05\/RGBW-LED-Bedienteil-510x510.jpg 510w, https:\/\/www.soleum.de\/wp-content\/uploads\/2019\/05\/RGBW-LED-Bedienteil-100x100.jpg 100w\" sizes=\"auto, (max-width: 720px) 100vw, 720px\" \/>\t\t\t\t\t\t\n\t\t\t\t\t<\/div>\n\t\t\t\t\t\t\t\t\n<style>\n#image_253896368 {\n  width: 100%;\n}\n<\/style>\n\t<\/div>\n\t\n\t<div class=\"img has-hover x md-x lg-x y md-y lg-y\" id=\"image_1304305042\">\n\t\t\t\t\t\t\t\t<div class=\"img-inner dark\" >\n\t\t\t<img loading=\"lazy\" decoding=\"async\" width=\"720\" height=\"720\" src=\"https:\/\/www.soleum.de\/wp-content\/uploads\/2019\/05\/RGBW-LED-Bedienteil-Rueckseite.jpg\" class=\"attachment-large size-large\" alt=\"RGBW LED upravlja\u010dka plo\u010da straga\" srcset=\"https:\/\/www.soleum.de\/wp-content\/uploads\/2019\/05\/RGBW-LED-Bedienteil-Rueckseite.jpg 720w, https:\/\/www.soleum.de\/wp-content\/uploads\/2019\/05\/RGBW-LED-Bedienteil-Rueckseite-280x280.jpg 280w, https:\/\/www.soleum.de\/wp-content\/uploads\/2019\/05\/RGBW-LED-Bedienteil-Rueckseite-400x400.jpg 400w, https:\/\/www.soleum.de\/wp-content\/uploads\/2019\/05\/RGBW-LED-Bedienteil-Rueckseite-510x510.jpg 510w, https:\/\/www.soleum.de\/wp-content\/uploads\/2019\/05\/RGBW-LED-Bedienteil-Rueckseite-100x100.jpg 100w\" sizes=\"auto, (max-width: 720px) 100vw, 720px\" \/>\t\t\t\t\t\t\n\t\t\t\t\t<\/div>\n\t\t\t\t\t\t\t\t\n<style>\n#image_1304305042 {\n  width: 100%;\n}\n<\/style>\n\t<\/div>\n\t\n\t\t<\/div>\n\t\t\t\t\t<\/div>\n\n\t\n\n\t<div id=\"col-1337090938\" class=\"col medium-6 small-12 large-6\"  >\n\t\t\t\t<div class=\"col-inner text-left\"  >\n\t\t\t\n\t\t\t\n<h2>Upravlja\u010dka plo\u010da za svjetlo u boji \/ zidni prekida\u010d<\/h2>\n<p>Upravlja\u010dka jedinica ili upravlja\u010dki sustav obojenog svjetla ugra\u0111eni su u normalnu razvodnu kutiju ispred parne kabine \/ parnog tu\u0161a. Kontroler zahtijeva samo 230V vezu, a zatim se povezuje s kontrolerom putem radio signala. Regulator svjetla u boji nalazi se na DIN tra\u010dnici u tehni\u010dkoj kutiji (razvodnom ormaru) ili iznad kabine.<\/p>\n<p><strong>Specifikacije:<\/strong><\/p>\n<p>4 zone be\u017ei\u010dni zidni prekida\u010d, veza putem 230V izravno<br \/>\nIntuitivan RGB odabir boja koji se slobodno mo\u017ee odabrati kota\u010di\u0107em boja.<\/p>\n<p>Pojedina\u010dne boje zatamnjene (8 razina)<br \/>\n10 programa u boji (unaprijed postavljeno)<br \/>\nMo\u017ee se odabrati 16 brzina programa (4 sek. -256 sek.)<\/p>\n<p>Mogu se podu\u010davati do 4 prijemnika po daljinskom upravlja\u010du.<br \/>\nSa statusnom memorijom u slu\u010daju nestanka struje<br \/>\nRecepcija do 15 metara udaljenosti<br \/>\nNapajanje putem napajanja: 12V-24VDC, max. 0.2A<\/p>\n<p>Snaga oda\u0161iljanja: &gt;5dBm<br \/>\nRadiofrekvencija:868,3 MHz (odobrenje EU-a \u2013 bez licenci)<\/p>\n<p>Radna temperatura: -10\u00b0C &#8211; +60\u00b0C<br \/>\nDimenzije: 86 x<strong> 86 x 32 mm<\/strong><br \/>\nKlasa za\u0161tite: IP20<\/p>\n\t\t<\/div>\n\t\t\t\t\t<\/div>\n\n\t\n<\/div>\n<div class=\"text-center\"><div class=\"is-divider divider clearfix\" style=\"max-width:800px;background-color:rgb(20, 117, 244);\"><\/div><\/div>\n<div class=\"row row-large align-middle\"  id=\"row-1352961423\">\n\n\t<div id=\"col-447467144\" class=\"col medium-6 small-12 large-6\"  >\n\t\t\t\t<div class=\"col-inner\"  >\n\t\t\t\n\t\t\t\n\t<div class=\"img has-hover x md-x lg-x y md-y lg-y\" id=\"image_459228591\">\n\t\t\t\t\t\t\t\t<div class=\"img-inner dark\" >\n\t\t\t<img loading=\"lazy\" decoding=\"async\" width=\"720\" height=\"720\" src=\"https:\/\/www.soleum.de\/wp-content\/uploads\/2019\/05\/RGBW-LED-Controller-Hutschiene.jpg\" class=\"attachment-large size-large\" alt=\"RGBW LED kontroler DIN tra\u010dnica\" srcset=\"https:\/\/www.soleum.de\/wp-content\/uploads\/2019\/05\/RGBW-LED-Controller-Hutschiene.jpg 720w, https:\/\/www.soleum.de\/wp-content\/uploads\/2019\/05\/RGBW-LED-Controller-Hutschiene-280x280.jpg 280w, https:\/\/www.soleum.de\/wp-content\/uploads\/2019\/05\/RGBW-LED-Controller-Hutschiene-400x400.jpg 400w, https:\/\/www.soleum.de\/wp-content\/uploads\/2019\/05\/RGBW-LED-Controller-Hutschiene-510x510.jpg 510w, https:\/\/www.soleum.de\/wp-content\/uploads\/2019\/05\/RGBW-LED-Controller-Hutschiene-100x100.jpg 100w\" sizes=\"auto, (max-width: 720px) 100vw, 720px\" \/>\t\t\t\t\t\t\n\t\t\t\t\t<\/div>\n\t\t\t\t\t\t\t\t\n<style>\n#image_459228591 {\n  width: 100%;\n}\n<\/style>\n\t<\/div>\n\t\n\t<div class=\"img has-hover x md-x lg-x y md-y lg-y\" id=\"image_295470251\">\n\t\t\t\t\t\t\t\t<div class=\"img-inner dark\" >\n\t\t\t<img loading=\"lazy\" decoding=\"async\" width=\"1020\" height=\"636\" src=\"https:\/\/www.soleum.de\/wp-content\/uploads\/2019\/05\/Farblicht-HutschienenController-Schema.jpg\" class=\"attachment-large size-large\" alt=\"\" srcset=\"https:\/\/www.soleum.de\/wp-content\/uploads\/2019\/05\/Farblicht-HutschienenController-Schema.jpg 1200w, https:\/\/www.soleum.de\/wp-content\/uploads\/2019\/05\/Farblicht-HutschienenController-Schema-642x400.jpg 642w, https:\/\/www.soleum.de\/wp-content\/uploads\/2019\/05\/Farblicht-HutschienenController-Schema-768x479.jpg 768w, https:\/\/www.soleum.de\/wp-content\/uploads\/2019\/05\/Farblicht-HutschienenController-Schema-510x318.jpg 510w\" sizes=\"auto, (max-width: 1020px) 100vw, 1020px\" \/>\t\t\t\t\t\t\n\t\t\t\t\t<\/div>\n\t\t\t\t\t\t\t\t\n<style>\n#image_295470251 {\n  width: 100%;\n}\n<\/style>\n\t<\/div>\n\t\n\t\t<\/div>\n\t\t\t\t\t<\/div>\n\n\t\n\n\t<div id=\"col-2109306937\" class=\"col medium-6 small-12 large-6\"  >\n\t\t\t\t<div class=\"col-inner text-left\"  >\n\t\t\t\n\t\t\t\n<h2>Kontroler svjetla u boji<\/h2>\n<p>Regulator svjetla u boji nalazi se na DIN tra\u010dnici u tehni\u010dkoj kutiji (razvodnom ormaru) ili iznad kabine.<\/p>\n<p>Specifikacije:<\/p>\n<p>4-kanalni radio kontroler konstantnog napona<br \/>\njednobojna, dvobojna, RGB\/RGB-W<\/p>\n<p>Intuitivan RGB odabir boja koji se slobodno mo\u017ee odabrati kota\u010di\u0107em boja.<br \/>\nPojedina\u010dne boje zatamnjene (8 razina)<br \/>\n10 programa u boji (unaprijed postavljeno)<br \/>\nMo\u017ee se odabrati 16 brzina programa (4 sek. -256 sek.)<br \/>\nSa statusnom memorijom u slu\u010daju nestanka struje<br \/>\nRecepcija do 15 metara udaljenosti<br \/>\nPovezano optere\u0107enje: maksimalno. 4x5A<br \/>\nNapajanje: 12-36V<br \/>\nSnaga oda\u0161iljanja: &gt;5dBm<br \/>\nRadiofrekvencija:868,3 MHz (odobrenje EU-a \u2013 bez licenci)<\/p>\n<p>Radna temperatura: -10\u00b0C &#8211; +60\u00b0C<br \/>\nKlasa za\u0161tite: IP20<\/p>\n\t\t<\/div>\n\t\t\t\t\t<\/div>\n\n\t\n<\/div>\n\t\t<\/div>\n\n\t\t\n<style>\n#section_497954383 {\n  padding-top: 60px;\n  padding-bottom: 60px;\n  background-color: rgb(193, 193, 193);\n}\n#section_497954383 .section-bg-overlay {\n  background-color: rgba(255, 255, 255, 0.85);\n}\n<\/style>\n\t<\/section>\n\t\n","protected":false},"excerpt":{"rendered":"<h1>RGBW svijetli LED set u boji (crveni, zeleni, plavi, bijeli)<\/h1>\n<p>Vrsta. Ne: 6431010042<\/p>\n","protected":false},"featured_media":17189,"template":"","meta":[],"product_brand":[],"product_cat":[4187],"product_tag":[5237,5228,5362,5212,5220,5357,5224,5217,4189,4188,5361,5213,5359,5360,5233],"class_list":{"0":"post-29960","1":"product","2":"type-product","3":"status-publish","4":"has-post-thumbnail","6":"product_cat-led-svjetiljke","7":"product_tag-led-za-parnu-kupelj","8":"product_tag-reflektori-uvuceni-u-tlo","9":"product_tag-rgb-podna-svjetiljka","10":"product_tag-rgbw-lampica-u-boji","11":"product_tag-rgbw-led-hr","12":"product_tag-rgbw-led-set-svijetlih-boja","13":"product_tag-rgbw-led-svjetiljka","14":"product_tag-rgbw-spot-hr","15":"product_tag-svjetiljka-za-parnu-kupelj-hr","16":"product_tag-svjetiljka-za-parnu-kupelj","17":"product_tag-svjetlo-boje-podne-svjetiljke","18":"product_tag-svjetlosna-svjetiljka-u-boji","19":"product_tag-svjetlosni-set-u-boji","20":"product_tag-svjetlosni-set-u-boji-hr","21":"product_tag-terapija-svjetlom-u-boji","22":"product_shipping_class-paket-5-10kg","24":"first","25":"instock","26":"taxable","27":"shipping-taxable","28":"purchasable","29":"product-type-simple"},"_links":{"self":[{"href":"https:\/\/www.soleum.de\/hr\/wp-json\/wp\/v2\/product\/29960","targetHints":{"allow":["GET"]}}],"collection":[{"href":"https:\/\/www.soleum.de\/hr\/wp-json\/wp\/v2\/product"}],"about":[{"href":"https:\/\/www.soleum.de\/hr\/wp-json\/wp\/v2\/types\/product"}],"wp:featuredmedia":[{"embeddable":true,"href":"https:\/\/www.soleum.de\/hr\/wp-json\/wp\/v2\/media\/17189"}],"wp:attachment":[{"href":"https:\/\/www.soleum.de\/hr\/wp-json\/wp\/v2\/media?parent=29960"}],"wp:term":[{"taxonomy":"product_brand","embeddable":true,"href":"https:\/\/www.soleum.de\/hr\/wp-json\/wp\/v2\/product_brand?post=29960"},{"taxonomy":"product_cat","embeddable":true,"href":"https:\/\/www.soleum.de\/hr\/wp-json\/wp\/v2\/product_cat?post=29960"},{"taxonomy":"product_tag","embeddable":true,"href":"https:\/\/www.soleum.de\/hr\/wp-json\/wp\/v2\/product_tag?post=29960"}],"curies":[{"name":"wp","href":"https:\/\/api.w.org\/{rel}","templated":true}]}}