{"id":29979,"date":"2023-06-18T09:36:55","date_gmt":"2023-06-18T07:36:55","guid":{"rendered":"https:\/\/www.soleum.de\/shop\/Bez%20kategorije\/spa-upravljacka-ploca-za-generator-pare\/"},"modified":"2024-02-23T17:11:21","modified_gmt":"2024-02-23T16:11:21","slug":"spa-upravljacka-ploca-za-generator-pare","status":"publish","type":"product","link":"https:\/\/www.soleum.de\/hr\/shop\/generatori-pare\/spa-upravljacka-ploca-za-generator-pare\/","title":{"rendered":"SPA upravlja\u010dka plo\u010da za generator pare"},"content":{"rendered":"<h1><span style=\"color: #ffcc00;\">SPA upravlja\u010dka plo\u010da za generator pare<\/span><\/h1>\n<p>Spa Touch Control trajno je instaliran zaslon za jednostavno i jednostavno pode\u0161avanje temperature, mirisa i svjetla u parnoj kupelji. Kapacitivni 5&#8243; zaslon osjetljiv na dodir ne samo da nudi apsolutno suvremen i ugodan oblik kontrole &#8211; ve\u0107 je i izuzetno otporan na ogrebotine i habanje. Povr\u0161ina zaslona s klasom za\u0161tite IP65 omogu\u0107uje ugradnju u parnu kupelj * i mo\u017ee se kombinirati s generatorima pare MINI, Flexline i Standardline kontrolama.<\/p>\n<div class=\"row\"  id=\"row-1272473092\">\n\n\t<div id=\"col-1895268746\" class=\"col medium-8 small-12 large-8\"  >\n\t\t\t\t<div class=\"col-inner\"  >\n\t\t\t\n\t\t\t\n<ul>\n<li>Povr\u0161ina zaslona s klasom za\u0161tite IP65 *<\/li>\n<li>Robustan kapacitivni 5-in\u010dni zaslon osjetljiv na dodir za precizan, &#8220;precizan&#8221; ulaz<\/li>\n<li>Razlu\u010divost 800 x 480, 65k boja<\/li>\n<li>Raspon funkcija mo\u017ee se konfigurirati (para, ciljna temperatura, miris itd.)<\/li>\n<li>Izgled se mo\u017ee prilagoditi (pozadine, boje fonta itd.)<\/li>\n<li>Sat u stvarnom vremenu s programom vremena izvo\u0111enja i mjera\u010da vremena<\/li>\n<li>Visoka radna pouzdanost zbog prikaza poruka o odr\u017eavanju i kvaru generatora pare<\/li>\n<\/ul>\n\t\t<\/div>\n\t\t\t\t\t<\/div>\n\n\t\n\n\t<div id=\"col-362358305\" class=\"col medium-4 small-12 large-4\"  >\n\t\t\t\t<div class=\"col-inner\"  >\n\t\t\t\n\t\t\t\n\t<div class=\"img has-hover x md-x lg-x y md-y lg-y\" id=\"image_1851131162\">\n\t\t\t\t\t\t\t\t<div class=\"img-inner dark\" >\n\t\t\t<img loading=\"lazy\" decoding=\"async\" width=\"356\" height=\"259\" src=\"https:\/\/www.soleum.de\/wp-content\/uploads\/2023\/06\/sol-steam-dampfgenerator-MINI-SPA-Display.jpg\" class=\"attachment-large size-large\" alt=\"sol-para-generator pare-MINI SPA zaslon\" \/>\t\t\t\t\t\t\n\t\t\t\t\t<\/div>\n\t\t\t\t\t\t\t\t\n<style>\n#image_1851131162 {\n  width: 100%;\n}\n<\/style>\n\t<\/div>\n\t\n\t\t<\/div>\n\t\t\t\t\t<\/div>\n\n\t\n<\/div>\n<p>U cijenu je uklju\u010den mre\u017eni kabel RJ45 duljine 10m kao priklju\u010dni kabel za zaslon.<\/p>\n","protected":false},"excerpt":{"rendered":"<p>Kapacitivna 5&#8243; spa upravlja\u010dka plo\u010da (SPA Touch Control) trajno je instaliran zaslon za jednostavno i user-friendly pode\u0161avanje temperature, mirisa i svjetla u parnoj kupelji.<\/p>\n","protected":false},"featured_media":20647,"template":"","meta":[],"product_brand":[],"product_cat":[3589],"product_tag":[5441,5437,5438,5439,5440],"class_list":{"0":"post-29979","1":"product","2":"type-product","3":"status-publish","4":"has-post-thumbnail","6":"product_cat-generatori-pare","7":"product_tag-spa-kontrola-dodirom","8":"product_tag-spa-upravljacka-ploca","9":"product_tag-upravljacka-ploca-generatora-pare","10":"product_tag-vanjska-upravljacka-ploca","11":"product_tag-vanjski-generator-pare-zaslona","12":"product_shipping_class-paket-5-10kg","14":"first","15":"instock","16":"taxable","17":"shipping-taxable","18":"purchasable","19":"product-type-simple"},"_links":{"self":[{"href":"https:\/\/www.soleum.de\/hr\/wp-json\/wp\/v2\/product\/29979","targetHints":{"allow":["GET"]}}],"collection":[{"href":"https:\/\/www.soleum.de\/hr\/wp-json\/wp\/v2\/product"}],"about":[{"href":"https:\/\/www.soleum.de\/hr\/wp-json\/wp\/v2\/types\/product"}],"wp:featuredmedia":[{"embeddable":true,"href":"https:\/\/www.soleum.de\/hr\/wp-json\/wp\/v2\/media\/20647"}],"wp:attachment":[{"href":"https:\/\/www.soleum.de\/hr\/wp-json\/wp\/v2\/media?parent=29979"}],"wp:term":[{"taxonomy":"product_brand","embeddable":true,"href":"https:\/\/www.soleum.de\/hr\/wp-json\/wp\/v2\/product_brand?post=29979"},{"taxonomy":"product_cat","embeddable":true,"href":"https:\/\/www.soleum.de\/hr\/wp-json\/wp\/v2\/product_cat?post=29979"},{"taxonomy":"product_tag","embeddable":true,"href":"https:\/\/www.soleum.de\/hr\/wp-json\/wp\/v2\/product_tag?post=29979"}],"curies":[{"name":"wp","href":"https:\/\/api.w.org\/{rel}","templated":true}]}}