{"id":30622,"date":"2023-09-24T10:55:10","date_gmt":"2023-09-24T08:55:10","guid":{"rendered":"https:\/\/www.soleum.de\/?post_type=product&#038;p=30622"},"modified":"2023-09-24T11:16:10","modified_gmt":"2023-09-24T09:16:10","slug":"temperaturni-senzor-tf-104-kopie","status":"publish","type":"product","link":"https:\/\/www.soleum.de\/hr\/shop\/generatori-pare\/temperaturni-senzor-tf-104-kopie\/","title":{"rendered":"Temperaturni senzor TF 104 (Kopie)"},"content":{"rendered":"<p>Temperaturni senzor TF 104 pogodan za FLEXLINE i STANDARDLINE generatore pare<\/p>\n<p>\u0160ifra narud\u017ebe:B-0605227<\/p>\n<p>NTC duljina kabela od 10 m, uklj. Dr\u017ea\u010d za senzor<br \/>\nKlasa za\u0161tite IP 65<\/p>\n<p>Za mjerenje temperature u parnoj kupelji kako bi se mogla regulirati temperatura parne kupelji<\/p>\n<p>&nbsp;<\/p>\n","protected":false},"excerpt":{"rendered":"<p>Temperaturni senzor TF 104 pogodan za FLEXLINE i STANDARDLINE generatore pare \u0160ifra narud\u017ebe:B-0605227 NTC duljina kabela od 10 m, uklj. Dr\u017ea\u010d za senzor Klasa za\u0161tite IP 65 Za mjerenje temperature u parnoj kupelji kako bi se mogla regulirati temperatura parne kupelji &nbsp;<\/p>\n","protected":false},"featured_media":30626,"template":"","meta":[],"product_brand":[],"product_cat":[3589],"product_tag":[5080,5538,5076,5078],"class_list":{"0":"post-30622","1":"product","2":"type-product","3":"status-publish","4":"has-post-thumbnail","6":"product_cat-generatori-pare","7":"product_tag-parna-kupelj-za-kontrolu-temperature","8":"product_tag-regulator-temperature-sa-zastitom-od-vandalizma","9":"product_tag-temperatura","10":"product_tag-temperatura-parne-kupelji","11":"product_shipping_class-paket-5-10kg-hr","13":"first","14":"outofstock","15":"taxable","16":"shipping-taxable","17":"purchasable","18":"product-type-simple"},"_links":{"self":[{"href":"https:\/\/www.soleum.de\/hr\/wp-json\/wp\/v2\/product\/30622","targetHints":{"allow":["GET"]}}],"collection":[{"href":"https:\/\/www.soleum.de\/hr\/wp-json\/wp\/v2\/product"}],"about":[{"href":"https:\/\/www.soleum.de\/hr\/wp-json\/wp\/v2\/types\/product"}],"wp:featuredmedia":[{"embeddable":true,"href":"https:\/\/www.soleum.de\/hr\/wp-json\/wp\/v2\/media\/30626"}],"wp:attachment":[{"href":"https:\/\/www.soleum.de\/hr\/wp-json\/wp\/v2\/media?parent=30622"}],"wp:term":[{"taxonomy":"product_brand","embeddable":true,"href":"https:\/\/www.soleum.de\/hr\/wp-json\/wp\/v2\/product_brand?post=30622"},{"taxonomy":"product_cat","embeddable":true,"href":"https:\/\/www.soleum.de\/hr\/wp-json\/wp\/v2\/product_cat?post=30622"},{"taxonomy":"product_tag","embeddable":true,"href":"https:\/\/www.soleum.de\/hr\/wp-json\/wp\/v2\/product_tag?post=30622"}],"curies":[{"name":"wp","href":"https:\/\/api.w.org\/{rel}","templated":true}]}}