{"id":30638,"date":"2023-09-24T11:07:31","date_gmt":"2023-09-24T09:07:31","guid":{"rendered":"https:\/\/www.soleum.de\/?post_type=product&#038;p=30638"},"modified":"2024-08-02T17:10:09","modified_gmt":"2024-08-02T15:10:09","slug":"temperaturni-senzor-tf-106-sigurnosni-granicnik-temperature","status":"publish","type":"product","link":"https:\/\/www.soleum.de\/hr\/shop\/generatori-pare\/temperaturni-senzor-tf-106-sigurnosni-granicnik-temperature\/","title":{"rendered":"Temperaturni senzor sa sigurnosnim grani\u010dnikom temperature TF 106"},"content":{"rendered":"<h1>Temperaturni senzor sa sigurnosnim grani\u010dnikom temperature TF 106<\/h1>\n<p>  Parne kupelji nude savr\u0161eno opu\u0161tanje i predah od svakodnevnog stresa. Postaje stvarno opu\u0161taju\u0107e kada imate sigurnost da je sve savr\u0161eno regulirano kada su u pitanju temperatura i para: to osiguravaju temperaturni senzori TF105 i TF106 koji su prikladni za generatore pare SOL-STEAM FLEX i SOL-STEAM-HEATING STAB.  <\/p>\n<h2>Sigurnost na prvom mjestu: TF106 uklju\u010duje<\/h2>\n<p>  U malo vjerojatnom slu\u010daju da zaka\u017ee sigurnosni ure\u0111aj generatora pare za prekora\u010denje maksimalne temperature, TF106 tako\u0111er nudi temperaturni prekida\u010d uz senzor temperature. To intervenira neovisno o temperaturnom senzoru kao drugom sigurnosnom krugu. Ako temperatura u parnoj kupelji poraste na 55 \u00b0C, a softverski sigurnosni ure\u0111aj ne reagira, ovaj prekida\u010d otvara sigurnosni lanac i odmah isklju\u010duje proizvodnju pare. Dvostruka za\u0161tita za sve koji \u017eele maksimalnu kvalitetu i sigurnosne standarde u svojoj parnoj kupelji, od dizajna do kabela (10m): visokokvalitetni i sigurni proizvedeni od visokokvalitetnog nehr\u0111aju\u0107eg \u010delika i lijevani na pole\u0111ini, senzori temperature TF105 i. Zajam\u010deno je da su TF106 vodootporni (IP 68) i optimalno za\u0161ti\u0107eni. Osim toga, senzori nude ugra\u0111enu za\u0161titu od vandalizma &#8211; prakti\u010dnu i vizualno neprimjetnu alternativu prethodnim varijantama za\u0161tite: tako se izbjegavaju dosadni dijelovi koji str\u0161e iz zida. Dobro zaokru\u017eena stvar! A oklopljeni kabel senzora jam\u010di da na mjerenje nema utjecaja drugih izvora smetnji kao \u0161to su. B. strujni kabeli <strong>U cijenu je uklju\u010dena opcija tiskane plo\u010dice u generatoru pare (kod narud\u017ebe generatora pare)<\/strong><\/p>\n","protected":false},"excerpt":{"rendered":"<p>Temperaturni senzor sa sigurnosnim grani\u010dnikom temperature TF 106 Parne kupelji nude savr\u0161eno opu\u0161tanje i predah od svakodnevnog stresa. Postaje stvarno opu\u0161taju\u0107e kada imate sigurnost da je sve savr\u0161eno regulirano kada su u pitanju temperatura i para: to osiguravaju temperaturni senzori TF105 i TF106 koji su prikladni za generatore pare SOL-STEAM FLEX i SOL-STEAM-HEATING STAB. Sigurnost [&#8230;]\n","protected":false},"featured_media":30626,"template":"","meta":[],"product_brand":[],"product_cat":[3589],"product_tag":[5080,5539,5538,5076,5078],"class_list":{"0":"post-30638","1":"product","2":"type-product","3":"status-publish","4":"has-post-thumbnail","6":"product_cat-generatori-pare","7":"product_tag-parna-kupelj-za-kontrolu-temperature","8":"product_tag-regulator-temperature-sa-sigurnosnim-ogranicenjem-temperature","9":"product_tag-regulator-temperature-sa-zastitom-od-vandalizma","10":"product_tag-temperatura","11":"product_tag-temperatura-parne-kupelji","12":"product_shipping_class-paket-5-10kg-hr","14":"first","15":"outofstock","16":"taxable","17":"shipping-taxable","18":"purchasable","19":"product-type-simple"},"_links":{"self":[{"href":"https:\/\/www.soleum.de\/hr\/wp-json\/wp\/v2\/product\/30638","targetHints":{"allow":["GET"]}}],"collection":[{"href":"https:\/\/www.soleum.de\/hr\/wp-json\/wp\/v2\/product"}],"about":[{"href":"https:\/\/www.soleum.de\/hr\/wp-json\/wp\/v2\/types\/product"}],"wp:featuredmedia":[{"embeddable":true,"href":"https:\/\/www.soleum.de\/hr\/wp-json\/wp\/v2\/media\/30626"}],"wp:attachment":[{"href":"https:\/\/www.soleum.de\/hr\/wp-json\/wp\/v2\/media?parent=30638"}],"wp:term":[{"taxonomy":"product_brand","embeddable":true,"href":"https:\/\/www.soleum.de\/hr\/wp-json\/wp\/v2\/product_brand?post=30638"},{"taxonomy":"product_cat","embeddable":true,"href":"https:\/\/www.soleum.de\/hr\/wp-json\/wp\/v2\/product_cat?post=30638"},{"taxonomy":"product_tag","embeddable":true,"href":"https:\/\/www.soleum.de\/hr\/wp-json\/wp\/v2\/product_tag?post=30638"}],"curies":[{"name":"wp","href":"https:\/\/api.w.org\/{rel}","templated":true}]}}