{"id":31983,"date":"2024-02-02T16:46:47","date_gmt":"2024-02-02T15:46:47","guid":{"rendered":"https:\/\/www.soleum.de\/shop\/Bez%20kategorije\/halotherapyhome-inhalator-za-suhu-sol\/"},"modified":"2024-09-16T07:17:25","modified_gmt":"2024-09-16T05:17:25","slug":"halotherapyhome-inhalator-za-suhu-sol","status":"publish","type":"product","link":"https:\/\/www.soleum.de\/hr\/shop\/haloterapija-suhe-inhalacije-soli\/halotherapyhome-inhalator-za-suhu-sol\/","title":{"rendered":"Halotherapy@HOME inhalator za suhu sol"},"content":{"rendered":"<h1>Halotherapie@HOME suhi inhalator soli za dom<\/h1>\n<p>OPSEG ISPORUKE:<\/p>\n<p>Generator aerosola suhe soli, daljinski upravlja\u010d, AC\/DC adapter, \u010detka, boca soli i korisni\u010dki priru\u010dnik.<\/p>\n<h2>Novi pristup haloterapiji!<\/h2>\n<p><strong>Ku\u0107ni ure\u0111aj<\/strong> : Za unutarnju i vanjsku upotrebu<br \/> Daljinski upravlja\u010d: 4 programa rada<br \/> Kompaktan dizajn: Dimenzije: 113 \u00d7 236 \u00d7 70 mm<br \/> Radni napon: 24V<\/p>\n\t<div class=\"img has-hover x md-x lg-x y md-y lg-y\" id=\"image_1811467978\">\n\t\t\t\t\t\t\t\t<div class=\"img-inner dark\" >\n\t\t\t<img loading=\"lazy\" decoding=\"async\" width=\"646\" height=\"646\" src=\"https:\/\/www.soleum.de\/wp-content\/uploads\/2024\/02\/Halotherapie@HOME_Trockensalzinhalator_fuer_zu_Hause_1.jpg\" class=\"attachment-large size-large\" alt=\"Haloterapija@KU\u0106A_inhalator za suhu sol_za_ku\u0107u\" srcset=\"https:\/\/www.soleum.de\/wp-content\/uploads\/2024\/02\/Halotherapie@HOME_Trockensalzinhalator_fuer_zu_Hause_1.jpg 646w, https:\/\/www.soleum.de\/wp-content\/uploads\/2024\/02\/Halotherapie@HOME_Trockensalzinhalator_fuer_zu_Hause_1-400x400.jpg 400w, https:\/\/www.soleum.de\/wp-content\/uploads\/2024\/02\/Halotherapie@HOME_Trockensalzinhalator_fuer_zu_Hause_1-280x280.jpg 280w, https:\/\/www.soleum.de\/wp-content\/uploads\/2024\/02\/Halotherapie@HOME_Trockensalzinhalator_fuer_zu_Hause_1-510x510.jpg 510w, https:\/\/www.soleum.de\/wp-content\/uploads\/2024\/02\/Halotherapie@HOME_Trockensalzinhalator_fuer_zu_Hause_1-100x100.jpg 100w\" sizes=\"auto, (max-width: 646px) 100vw, 646px\" \/>\t\t\t\t\t\t\n\t\t\t\t\t<\/div>\n\t\t\t\t\t\t\t\t\n<style>\n#image_1811467978 {\n  width: 46%;\n}\n<\/style>\n\t<\/div>\n\t\n<h2>Lokacije za HALOTHERAPY@HOME<\/h2>\n<p><strong>HALOTHERAPY@HOME<\/strong> se mo\u017ee koristiti na posebnim mjestima poput malih \u0161atora, koliba, kao i u prostorijama bez elektroni\u010dkih ure\u0111aja (svi predmeti u prostoriji moraju biti za\u0161ti\u0107eni od soli). Ure\u0111aj se mo\u017ee koristiti i na otvorenom (na terasi\/balkonu, u dvori\u0161tu).<br \/> Zahvaljuju\u0107i kompaktnom dizajnu malih dimenzija <strong>, HALOTHERAPY@HOME<\/strong> se lako mo\u017ee staviti u torbu i ponijeti na putovanje.<\/p>\n\t<div class=\"img has-hover x md-x lg-x y md-y lg-y\" id=\"image_558197141\">\n\t\t\t\t\t\t\t\t<div class=\"img-inner dark\" >\n\t\t\t<img loading=\"lazy\" decoding=\"async\" width=\"950\" height=\"600\" src=\"https:\/\/www.soleum.de\/wp-content\/uploads\/2024\/02\/Halotherapie@HOME_Trockensalzinhalator_fuer_zu_Hause.jpg\" class=\"attachment-large size-large\" alt=\"Haloterapija@KU\u0106A_inhalator za suhu sol_za_ku\u0107u\" srcset=\"https:\/\/www.soleum.de\/wp-content\/uploads\/2024\/02\/Halotherapie@HOME_Trockensalzinhalator_fuer_zu_Hause.jpg 950w, https:\/\/www.soleum.de\/wp-content\/uploads\/2024\/02\/Halotherapie@HOME_Trockensalzinhalator_fuer_zu_Hause-633x400.jpg 633w, https:\/\/www.soleum.de\/wp-content\/uploads\/2024\/02\/Halotherapie@HOME_Trockensalzinhalator_fuer_zu_Hause-768x485.jpg 768w, https:\/\/www.soleum.de\/wp-content\/uploads\/2024\/02\/Halotherapie@HOME_Trockensalzinhalator_fuer_zu_Hause-510x322.jpg 510w\" sizes=\"auto, (max-width: 950px) 100vw, 950px\" \/>\t\t\t\t\t\t\n\t\t\t\t\t<\/div>\n\t\t\t\t\t\t\t\t\n<style>\n#image_558197141 {\n  width: 100%;\n}\n<\/style>\n\t<\/div>\n\t\n<p>Daljinsko upravljanje ure\u0111ajem<\/p>\n<p>Ure\u0111ajem se upravlja putem daljinskog upravlja\u010da, ima tipke za 4 unaprijed postavljena programa tretmana, kao i tipku za prekid rada. Ure\u0111aj ima svjetlosni prikaz odabranog programa:<\/p>\n<p>Crveni indikator: kontinuirani program stvaranja aerosola suhe fiziolo\u0161ke otopine (100% kapaciteta)<br \/> Plavi indikator: Izmjeni\u010dni program 5 sekundi stvaranje aerosola soli i 5 sekundi pauze (50% kapaciteta)<br \/> \u017duti indikator: Izmjeni\u010dni program 5 sekundi stvaranja aerosola soli i 10 sekundi pauze (33% kapaciteta)<br \/> Zeleni indikator: Izmjeni\u010dni program 5 sekundi stvaranja aerosola soli i 15 sekundi pauze (25% kapaciteta)<\/p>\n<div class=\"video video-fit mb\" style=\"padding-top:56.25%;\"><p><iframe loading=\"lazy\" title=\"Halotherapie zu Hause. Halotherapie@Home\" width=\"1020\" height=\"574\" src=\"https:\/\/www.youtube.com\/embed\/bQVTHwOv0p0?feature=oembed\" frameborder=\"0\" allow=\"accelerometer; autoplay; clipboard-write; encrypted-media; gyroscope; picture-in-picture; web-share\" allowfullscreen><\/iframe><\/p>\n<\/div>\n","protected":false},"excerpt":{"rendered":"<p>Mali generator HALOTERAPIJE za ku\u0107nu upotrebu. HALOTHERAPY@HOME se mo\u017ee koristiti na posebnim mjestima kao \u0161to su mali \u0161atori, kolibe i u prostorijama bez elektroni\u010dkih ure\u0111aja<\/p>\n","protected":false},"featured_media":31968,"template":"","meta":[],"product_brand":[],"product_cat":[6040,4795],"product_tag":[6056,6043,6041,6044,6042,6053,6059,3374,6062,3372,6050,6047,3370,6045],"class_list":{"0":"post-31983","1":"product","2":"type-product","3":"status-publish","4":"has-post-thumbnail","6":"product_cat-haloterapija-suhe-inhalacije-soli","7":"product_cat-prodaja-ponude-povoljne-cijene","8":"product_tag-halo-generator","9":"product_tag-halokuca","10":"product_tag-haloterapija","11":"product_tag-haloterapija-kod-kuce","12":"product_tag-haloterapijakuca","13":"product_tag-inhalator-za-suhu-sol","14":"product_tag-soleum-haloterapija","15":"product_tag-sprej-za-sol","16":"product_tag-stvaranje-aerosola-soli","17":"product_tag-tehnika-udisanja-soli","18":"product_tag-ublazite-probleme-s-astmom","19":"product_tag-ublazite-probleme-s-plucima","20":"product_tag-udisanje-soli","21":"product_tag-udisanje-suhe-soli","22":"product_shipping_class-paket-5-10kg-hr","24":"first","25":"instock","26":"taxable","27":"shipping-taxable","28":"purchasable","29":"product-type-simple"},"_links":{"self":[{"href":"https:\/\/www.soleum.de\/hr\/wp-json\/wp\/v2\/product\/31983","targetHints":{"allow":["GET"]}}],"collection":[{"href":"https:\/\/www.soleum.de\/hr\/wp-json\/wp\/v2\/product"}],"about":[{"href":"https:\/\/www.soleum.de\/hr\/wp-json\/wp\/v2\/types\/product"}],"wp:featuredmedia":[{"embeddable":true,"href":"https:\/\/www.soleum.de\/hr\/wp-json\/wp\/v2\/media\/31968"}],"wp:attachment":[{"href":"https:\/\/www.soleum.de\/hr\/wp-json\/wp\/v2\/media?parent=31983"}],"wp:term":[{"taxonomy":"product_brand","embeddable":true,"href":"https:\/\/www.soleum.de\/hr\/wp-json\/wp\/v2\/product_brand?post=31983"},{"taxonomy":"product_cat","embeddable":true,"href":"https:\/\/www.soleum.de\/hr\/wp-json\/wp\/v2\/product_cat?post=31983"},{"taxonomy":"product_tag","embeddable":true,"href":"https:\/\/www.soleum.de\/hr\/wp-json\/wp\/v2\/product_tag?post=31983"}],"curies":[{"name":"wp","href":"https:\/\/api.w.org\/{rel}","templated":true}]}}