{"id":32323,"date":"2024-09-06T07:40:51","date_gmt":"2024-09-06T05:40:51","guid":{"rendered":"https:\/\/www.soleum.de\/?post_type=product&#038;p=32323"},"modified":"2024-09-06T07:53:32","modified_gmt":"2024-09-06T05:53:32","slug":"grijana-lezaljka-lovt-u-betonskom-izgledu-kopie","status":"publish","type":"product","link":"https:\/\/www.soleum.de\/hr\/shop\/prodaja-ponude-povoljne-cijene\/grijana-lezaljka-lovt-u-betonskom-izgledu-kopie\/","title":{"rendered":"Grijana le\u017ealjka LOVT u betonskom izgledu (Kopie)"},"content":{"rendered":"\t<div class=\"img has-hover x md-x lg-x y md-y lg-y\" id=\"image_1426804101\">\n\t\t<a class=\"\" href=\"https:\/\/www.soleum.de\/hr\/featured_item\/zagrijavanje-spa-lezaljke\/\" target=\"_blank\" rel=\"noopener\" >\t\t\t\t\t\t<div class=\"img-inner dark\" >\n\t\t\t<img loading=\"lazy\" decoding=\"async\" width=\"1400\" height=\"770\" src=\"https:\/\/www.soleum.de\/wp-content\/uploads\/2023\/09\/Waermeliege-LOVT_in_Betonoptik-1.jpg\" class=\"attachment-original size-original\" alt=\"\" srcset=\"https:\/\/www.soleum.de\/wp-content\/uploads\/2023\/09\/Waermeliege-LOVT_in_Betonoptik-1.jpg 1400w, https:\/\/www.soleum.de\/wp-content\/uploads\/2023\/09\/Waermeliege-LOVT_in_Betonoptik-1-727x400.jpg 727w, https:\/\/www.soleum.de\/wp-content\/uploads\/2023\/09\/Waermeliege-LOVT_in_Betonoptik-1-768x422.jpg 768w, https:\/\/www.soleum.de\/wp-content\/uploads\/2023\/09\/Waermeliege-LOVT_in_Betonoptik-1-510x281.jpg 510w\" sizes=\"auto, (max-width: 1400px) 100vw, 1400px\" \/>\t\t\t\t\t\t\n\t\t\t\t\t<\/div>\n\t\t\t\t\t\t<\/a>\t\t\n<style>\n#image_1426804101 {\n  width: 100%;\n}\n<\/style>\n\t<\/div>\n\t\n<div class=\"wpb_text_column wpb_content_element \">\n<div class=\"wpb_wrapper\">\n<h1 class=\"entry-title\">Grijana le\u017ealjka LOVT u betonskom izgledu<\/h1>\n<blockquote><p>Ovo je izlo\u017ebena le\u017ealjka i stoga je prodajemo s odgovaraju\u0107im popustom &#8211; ali <strong>le\u017ealjka<\/strong> je apsolutno jednako dobra kao nova. U slu\u010daju po\u0161iljke bez prethodnog pregleda, isklju\u010dena je razmjena i povrat. Le\u017ealjka se isporu\u010duje u posebno izra\u0111enoj drvenoj kutiji.<\/p><\/blockquote>\n<h2>SPA le\u017ealjka za hotele, wellness prostore i privatne saune<\/h2>\n<p>Blaga toplina zra\u010denja preko plo\u010dica s jedinstvenim blagotvornim u\u010dinkom na na\u0161u dobrobit. Savr\u0161eno oblikovano opu\u0161tanje u luksuznoj le\u017ealjci. Bezvremenski dizajn, ergonomski oblik, trajnost jednostavne njege &#8211; ove grijane le\u017ealjke prava su umjetni\u010dka djela koja savr\u0161eno nadopunjuju privatnu spa oazu ili luksuzni hotelski SPA prostor.<\/p>\n<p>Betonskom <a href=\"https:\/\/www.soleum.de\/en\/featured_item\/warming-spa-lounger\/\">le\u017ealjkom LOVT<\/a> postavljamo naglaske i vidimo ovaj ekskluzivni komad namje\u0161taja kao nadopunu suvremenoj arhitekturi.<\/p>\n<\/div>\n<\/div>\n\t<div class=\"box has-hover   has-hover box-text-bottom\" >\n\n\t\t<div class=\"box-image\" >\n\t\t\t\t\t\t<div class=\"\" >\n\t\t\t\t<img loading=\"lazy\" decoding=\"async\" width=\"765\" height=\"379\" src=\"https:\/\/www.soleum.de\/wp-content\/uploads\/2023\/08\/Infrarot-Waermeliegen-Soleum-Design22.jpg\" class=\"attachment- size-\" alt=\"\" srcset=\"https:\/\/www.soleum.de\/wp-content\/uploads\/2023\/08\/Infrarot-Waermeliegen-Soleum-Design22.jpg 765w, https:\/\/www.soleum.de\/wp-content\/uploads\/2023\/08\/Infrarot-Waermeliegen-Soleum-Design22-510x253.jpg 510w\" sizes=\"auto, (max-width: 765px) 100vw, 765px\" \/>\t\t\t\t\t\t\t\t\t\t\t<\/div>\n\t\t\t\t\t<\/div>\n\n\t\t<div class=\"box-text text-center\" >\n\t\t\t<div class=\"box-text-inner\">\n\t\t\t\t\n<h3 class=\"fusion-responsive-typography-calculated\" data-fontsize=\"24\" data-lineheight=\"30px\">RU\u010cNO IZRA\u0110ENE BETONSKE STRUKTURE IZGLEDA<\/h3>\n<p>Dajemo le\u017ealjci izvrstan betonski izgled kroz ru\u010dni premaz mikrocementa. Pojedina\u010dno prema procesorima i uzorcima rezultiraju pojedina\u010dne strukture.<\/p>\n\t\t\t<\/div>\n\t\t<\/div>\n\t<\/div>\n\t\n<div class=\"wpb_text_column wpb_content_element \">\n<div class=\"wpb_wrapper\">\n<p>S LED rasvjetom oko baze i ru\u010dno izra\u0111enim mikrocementnim premazom u BETON SIVOJ boji<\/p>\n<\/div>\n<div class=\"fusion-layout-column fusion_builder_column fusion-builder-column-1 fusion_builder_column_1_2 1_2 fusion-flex-column\">\n<div class=\"fusion-column-wrapper fusion-column-has-shadow fusion-flex-justify-content-flex-start fusion-content-layout-column\">\n<div class=\"fusion-text fusion-text-7\">\n<h3 class=\"fusion-responsive-typography-calculated\" data-fontsize=\"24\" data-lineheight=\"30px\">Specifikacije:<\/h3>\n<ul>\n<li>Snaga: 459W, 230V (110V po narud\u017ebi)<\/li>\n<li>Temperatura je slobodno podesiva, od ~30-45\u00b0C (obi\u010dno oko 37-39\u00b0C)<\/li>\n<li>Stol se isporu\u010duje spreman za povezivanje. &#8220;Uklju\u010di i radi&#8221;<\/li>\n<li>S LED rasvjetom ispod le\u017ealjke u toploj bijeloj boji.<\/li>\n<li>Arhitektonski mikrocement u boji GRAY (mogu\u0107e su brojne druge boje!)<\/li>\n<\/ul>\n<\/div>\n<\/div>\n<\/div>\n<div class=\"wpb_wrapper\">\n<p>Dimenzije: du\u017eina 204cm, \u0161irina <strong>76cm<\/strong>, visina <strong>83cm<\/strong>, visina sjedala <strong>~40cm<\/strong> <strong><\/strong><br \/>\nTe\u017eina: samo <strong>70kg<\/strong><\/p>\n<\/div>\n<\/div>\n<div class=\"text-center\"><div class=\"is-divider divider clearfix\" style=\"max-width:754px;background-color:rgb(2, 0, 104);\"><\/div><\/div>\n\t<div class=\"img has-hover x md-x lg-x y md-y lg-y\" id=\"image_1694296206\">\n\t\t\t\t\t\t\t\t<div class=\"img-inner dark\" style=\"margin:0px 0px 0px 0px;\">\n\t\t\t<img loading=\"lazy\" decoding=\"async\" width=\"600\" height=\"276\" src=\"https:\/\/www.soleum.de\/wp-content\/uploads\/2023\/08\/Kontur-Waermeliege-1.jpg\" class=\"attachment-large size-large\" alt=\"\" srcset=\"https:\/\/www.soleum.de\/wp-content\/uploads\/2023\/08\/Kontur-Waermeliege-1.jpg 600w, https:\/\/www.soleum.de\/wp-content\/uploads\/2023\/08\/Kontur-Waermeliege-1-510x235.jpg 510w\" sizes=\"auto, (max-width: 600px) 100vw, 600px\" \/>\t\t\t\t\t\t\n\t\t\t\t\t<\/div>\n\t\t\t\t\t\t\t\t\n<style>\n#image_1694296206 {\n  width: 49%;\n}\n<\/style>\n\t<\/div>\n\t\n<div class=\"text-center\"><div class=\"is-divider divider clearfix\" style=\"max-width:754px;background-color:rgb(2, 0, 104);\"><\/div><\/div>\n<h2>Ru\u010dno izra\u0111eni mikrocementni premaz<\/h2>\n<p>Mikrocement je dvokomponentni sustav polimera i cementa. Povr\u0161inu mo\u017eete odabrati u razli\u010ditim bojama.<\/p>\n<p>Mikrocement se nanosi ru\u010dno. Iz tog razloga, kupac treba prihvatiti da se pri radu s plasti\u010dnim materijalom mogu pojaviti lagane neravnine i minimalni nedostaci. Mikrocement je ru\u010dno izra\u0111en proizvod koji je jedinstven<br \/>\ni ne masovno proizveden. Razlike u nijansama boja i\/ili koncentraciji boja treba promatrati kao vrijedne elemente rada &#8211; a ne kao nedostatke.<br \/>\nMikrocementne povr\u0161ine koje su izlo\u017eene o\u0161trim ili o\u0161trim optere\u0107enjima (stolice, namje\u0161taj, visoke pete itd.) mogu patiti od dosjetki ili ogrebotina. Iako povr\u0161ina mikrocementa ima izvrsnu otpornost, imaju sli\u010dna svojstva kao drveni podovi i treba ih tretirati u skladu s tim.<\/p>\n<p>Ogrebotine se mogu pojaviti na mikrocementnom premazu. \u0160to je povr\u0161ina glatkija i ujedna\u010denija, ve\u0107a je vjerojatnost da \u0107e na njoj biti vidljive ogrebotine zbog uporabe. Ovi problemi<br \/>\nA nedostaci se lako mogu zaobi\u0107i izborom boje i nedosljednim, neujedna\u010denim izborom zavr\u0161ne obrade &#8211; ali i odgovaraju\u0107om, urednom njegom.<\/p>\n<p>\u010cak i ako obrada brtvilom \u0161titi pod od brzog prodora slu\u010dajno prolivenih teku\u0107ina, jo\u0161 uvijek treba imati na umu da sve teku\u0107ine,<br \/>\nTeku\u0107ine koje se obi\u010dno koriste u ku\u0107anstvu, kao \u0161to su vino, ulje, ocat ili kava, treba ukloniti sa svih povr\u0161ina \u0161to je br\u017ee mogu\u0107e kako ni pod kojim uvjetima ne bi mogle prodrijeti na povr\u0161inu.<\/p>\n<p><strong>BRIGA<\/strong><br \/>\nPreporuke i prijedlozi za odr\u017eavanje mikrocementa \u010distim i lijepim:<br \/>\n\u00b7 \u010ci\u0161\u0107enje granice mikrocementa je jednostavno: dovoljno je obrisati povr\u0161inu vla\u017enom krpom s malo neutralnog deterd\u017eenta bez pjene.<br \/>\n\u00b7 Preporu\u010dljivo je redovito tretirati povr\u0161inu za\u0161titnim sredstvima na bazi samopoliraju\u0107ih voskova u vodi (kao \u0161to je Ideal Cera).  <strong>Proizvodi za njegu koji su otporni na sapun, kiselinu, amonijak, klor ili druge<\/strong><br \/>\n<strong>Korozivna sredstva strogo su zabranjena za lije\u010denje<\/strong>. Koristite samo neagresivne, pH neutralne proizvode za njegu.<\/p>\n\t<div id=\"gap-1800095272\" class=\"gap-element clearfix\" style=\"display:block; height:auto;\">\n\t\t\n<style>\n#gap-1800095272 {\n  padding-top: 100px;\n}\n<\/style>\n\t<\/div>\n\t\n<p>Cijene uklju\u010duju PDV. PDV i ex radovi Pregarten<\/p>\n\t\n  \n    <div class=\"row large-columns-3 medium-columns- small-columns-2 row-small\" >\n  \n\t     <div class=\"product-small col has-hover product type-product post-29841 status-publish first instock product_cat-prodaja-ponude-povoljne-cijene product_tag-3d-ultrazvucna-vatra product_tag-spa-dizajn product_tag-ulrtraschallfeuer-hr product_tag-vatrena-voda has-post-thumbnail sale taxable shipping-taxable purchasable product-type-simple\">\n\t<div class=\"col-inner\">\n\t\n<div class=\"badge-container absolute left top z-1\">\n<div class=\"callout badge badge-circle\"><div class=\"badge-inner secondary on-sale\"><span class=\"onsale\">Akcija!<\/span><\/div><\/div>\n<\/div>\n\t<div class=\"product-small box \">\n\t\t<div class=\"box-image\">\n\t\t\t<div class=\"image-fade_in_back\">\n\t\t\t\t<a href=\"https:\/\/www.soleum.de\/hr\/shop\/prodaja-ponude-povoljne-cijene\/ugradeni-komplet-lozista-s-3d-ultrazvucnom-vatrom\/\">\n\t\t\t\t\t<img loading=\"lazy\" decoding=\"async\" width=\"247\" height=\"300\" src=\"https:\/\/www.soleum.de\/wp-content\/uploads\/2023\/09\/Feuerbox_soleum-247x300.jpg\" class=\"attachment-woocommerce_thumbnail size-woocommerce_thumbnail\" alt=\"3D ultrazvu\u010dna vatra\" \/><img loading=\"lazy\" decoding=\"async\" width=\"247\" height=\"300\" src=\"https:\/\/www.soleum.de\/wp-content\/uploads\/2023\/08\/Infrarot-Waermeliegen-Soleum-Design13-247x300.jpg\" class=\"show-on-hover absolute fill hide-for-small back-image\" alt=\"Infracrveno grijana le\u017ealjka s 3D vatrom\" aria-hidden=\"true\" \/>\t\t\t\t<\/a>\n\t\t\t<\/div>\n\t\t\t<div class=\"image-tools is-small top right show-on-hover\">\n\t\t\t\t\t\t\t<\/div>\n\t\t\t<div class=\"image-tools is-small hide-for-small bottom left show-on-hover\">\n\t\t\t\t\t\t\t<\/div>\n\t\t\t<div class=\"image-tools grid-tools text-center hide-for-small bottom hover-slide-in show-on-hover\">\n\t\t\t\t<a href=\"#quick-view\" class=\"quick-view\" role=\"button\" data-prod=\"29841\" aria-haspopup=\"dialog\" aria-expanded=\"false\" data-flatsome-role-button>Quick View<\/a>\t\t\t<\/div>\n\t\t\t\t\t<\/div>\n\n\t\t<div class=\"box-text box-text-products\">\n\t\t\t<div class=\"title-wrapper\">\t\t<p class=\"category uppercase is-smaller no-text-overflow product-cat op-8\">\n\t\t\tPRODAJA-Ponude-Povoljne cijene\t\t<\/p>\n\t<p class=\"name product-title woocommerce-loop-product__title\"><a href=\"https:\/\/www.soleum.de\/hr\/shop\/prodaja-ponude-povoljne-cijene\/ugradeni-komplet-lozista-s-3d-ultrazvucnom-vatrom\/\" class=\"woocommerce-LoopProduct-link woocommerce-loop-product__link\">Lo\u017ei\u0161te, ugra\u0111ena kutija s 3D ultrazvu\u010dnom vatrom<\/a><\/p><\/div><div class=\"price-wrapper\">\n\t<span class=\"price\"><del aria-hidden=\"true\"><span class=\"woocommerce-Price-amount amount\"><bdi>3.630,00&nbsp;<span class=\"woocommerce-Price-currencySymbol\">&euro;<\/span><\/bdi><\/span><\/del> <span class=\"screen-reader-text\">Izvorna cijena bila je: 3.630,00&nbsp;&euro;.<\/span><ins aria-hidden=\"true\"><span class=\"woocommerce-Price-amount amount\"><bdi>2.400,00&nbsp;<span class=\"woocommerce-Price-currencySymbol\">&euro;<\/span><\/bdi><\/span><\/ins><span class=\"screen-reader-text\">Trenutna cijena je: 2.400,00&nbsp;&euro;.<\/span> <small class=\"woocommerce-price-suffix\">inkl. MWSt.<\/small><\/span>\n<\/div>\t\t<\/div>\n\t<\/div>\n\t\t<\/div>\n<\/div><div class=\"product-small col has-hover product type-product post-29991 status-publish instock product_cat-prodaja-ponude-povoljne-cijene product_cat-spa-grijane-lezaljke product_tag-betonska-lezaljka product_tag-dizajnerska-spa-lezaljka product_tag-grijana-lezaljka-lovt-u-betonskom-izgledu product_tag-grijana-lezaljka-za-spa-sadrzaje product_tag-hotelska-lezaljka product_tag-infracrvena-betonska-lezaljka product_tag-infracrvena-lezaljka-za-opustanje product_tag-lezaljka-u-betonskom-izgledu product_tag-lezaljka-za-arhitekte product_tag-lezaljka-za-wellness-centar product_tag-luksuzna-lezaljka-hr product_tag-luksuzna-lezaljka product_tag-luksuzna-spa-lezaljka product_tag-luksuzni-spa product_tag-mikrocement product_tag-mikrocementni-premaz product_tag-poplocana-infracrvena-lezaljka product_tag-pribor-za-wellness-prostore product_tag-salon-infracrvene-lezaljke product_tag-soleum-lezaljka product_tag-spa-dizajner product_tag-spa-ideje product_tag-spa-lezaljka product_tag-spa-lezaljke-za-hotel product_tag-wellness-lezaljka product_tag-wellness-lezaljke-za-saunu has-post-thumbnail sale sold-individually taxable shipping-taxable purchasable product-type-simple\">\n\t<div class=\"col-inner\">\n\t\n<div class=\"badge-container absolute left top z-1\">\n<div class=\"callout badge badge-circle\"><div class=\"badge-inner secondary on-sale\"><span class=\"onsale\">Akcija!<\/span><\/div><\/div>\n<\/div>\n\t<div class=\"product-small box \">\n\t\t<div class=\"box-image\">\n\t\t\t<div class=\"image-fade_in_back\">\n\t\t\t\t<a href=\"https:\/\/www.soleum.de\/hr\/shop\/prodaja-ponude-povoljne-cijene\/grijana-lezaljka-lovt-u-betonskom-izgledu\/\">\n\t\t\t\t\t<img loading=\"lazy\" decoding=\"async\" width=\"247\" height=\"300\" src=\"https:\/\/www.soleum.de\/wp-content\/uploads\/2023\/09\/Waermeliege-LOVT_in_Betonoptik-247x300.jpg\" class=\"attachment-woocommerce_thumbnail size-woocommerce_thumbnail\" alt=\"Grijana le\u017ealjka LOVT u betonskom izgledu\" \/><img loading=\"lazy\" decoding=\"async\" width=\"247\" height=\"300\" src=\"https:\/\/www.soleum.de\/wp-content\/uploads\/2023\/08\/Infrarot-Waermeliegen-Soleum-Design22-247x300.jpg\" class=\"show-on-hover absolute fill hide-for-small back-image\" alt=\"Alternative view of Grijana le\u017ealjka LOVT u betonskom izgledu\" aria-hidden=\"true\" \/>\t\t\t\t<\/a>\n\t\t\t<\/div>\n\t\t\t<div class=\"image-tools is-small top right show-on-hover\">\n\t\t\t\t\t\t\t<\/div>\n\t\t\t<div class=\"image-tools is-small hide-for-small bottom left show-on-hover\">\n\t\t\t\t\t\t\t<\/div>\n\t\t\t<div class=\"image-tools grid-tools text-center hide-for-small bottom hover-slide-in show-on-hover\">\n\t\t\t\t<a href=\"#quick-view\" class=\"quick-view\" role=\"button\" data-prod=\"29991\" aria-haspopup=\"dialog\" aria-expanded=\"false\" data-flatsome-role-button>Quick View<\/a>\t\t\t<\/div>\n\t\t\t\t\t<\/div>\n\n\t\t<div class=\"box-text box-text-products\">\n\t\t\t<div class=\"title-wrapper\">\t\t<p class=\"category uppercase is-smaller no-text-overflow product-cat op-8\">\n\t\t\tPRODAJA-Ponude-Povoljne cijene\t\t<\/p>\n\t<p class=\"name product-title woocommerce-loop-product__title\"><a href=\"https:\/\/www.soleum.de\/hr\/shop\/prodaja-ponude-povoljne-cijene\/grijana-lezaljka-lovt-u-betonskom-izgledu\/\" class=\"woocommerce-LoopProduct-link woocommerce-loop-product__link\">Grijana le\u017ealjka LOVT u betonskom izgledu<\/a><\/p><\/div><div class=\"price-wrapper\">\n\t<span class=\"price\"><del aria-hidden=\"true\"><span class=\"woocommerce-Price-amount amount\"><bdi>9.288,00&nbsp;<span class=\"woocommerce-Price-currencySymbol\">&euro;<\/span><\/bdi><\/span><\/del> <span class=\"screen-reader-text\">Izvorna cijena bila je: 9.288,00&nbsp;&euro;.<\/span><ins aria-hidden=\"true\"><span class=\"woocommerce-Price-amount amount\"><bdi>5.900,00&nbsp;<span class=\"woocommerce-Price-currencySymbol\">&euro;<\/span><\/bdi><\/span><\/ins><span class=\"screen-reader-text\">Trenutna cijena je: 5.900,00&nbsp;&euro;.<\/span> <small class=\"woocommerce-price-suffix\">inkl. MWSt.<\/small><\/span>\n<\/div>\t\t<\/div>\n\t<\/div>\n\t\t<\/div>\n<\/div><\/div>\n","protected":false},"excerpt":{"rendered":"<p>Grijana le\u017ealjka LOVT u betonskom izgledu sa samo 70 kg &#8211; Betonska le\u017ealjka LOVT postavlja naglaske i ovaj ekskluzivni komad namje\u0161taja vidimo kao nadopunu suvremenoj arhitekturi.<\/p>\n","protected":false},"featured_media":20710,"template":"","meta":[],"product_brand":[],"product_cat":[4795],"product_tag":[4799,4845,4807,4811,4813,4815,4826,4817,4819,4823,4802,4848,4809,4835,4837,4839,4841,4843,4103,4847],"class_list":{"0":"post-32323","1":"product","2":"type-product","3":"status-publish","4":"has-post-thumbnail","6":"product_cat-prodaja-ponude-povoljne-cijene","7":"product_tag-dizajnerska-spa-lezaljka","8":"product_tag-grijana-lezaljka-za-spa-sadrzaje","9":"product_tag-hotelska-lezaljka","10":"product_tag-infracrvena-lezaljka-za-opustanje","11":"product_tag-lezaljka-za-arhitekte","12":"product_tag-lezaljka-za-wellness-centar","13":"product_tag-luksuzna-lezaljka-hr","14":"product_tag-luksuzna-lezaljka","15":"product_tag-luksuzna-spa-lezaljka","16":"product_tag-luksuzni-spa","17":"product_tag-poplocana-infracrvena-lezaljka","18":"product_tag-pribor-za-wellness-prostore","19":"product_tag-salon-infracrvene-lezaljke","20":"product_tag-soleum-lezaljka","21":"product_tag-spa-dizajner","22":"product_tag-spa-ideje","23":"product_tag-spa-lezaljka","24":"product_tag-spa-lezaljke-za-hotel","25":"product_tag-wellness-lezaljka","26":"product_tag-wellness-lezaljke-za-saunu","27":"product_shipping_class-glomazna-roba","29":"last","30":"instock","31":"sale","32":"sold-individually","33":"taxable","34":"shipping-taxable","35":"purchasable","36":"product-type-simple"},"_links":{"self":[{"href":"https:\/\/www.soleum.de\/hr\/wp-json\/wp\/v2\/product\/32323","targetHints":{"allow":["GET"]}}],"collection":[{"href":"https:\/\/www.soleum.de\/hr\/wp-json\/wp\/v2\/product"}],"about":[{"href":"https:\/\/www.soleum.de\/hr\/wp-json\/wp\/v2\/types\/product"}],"wp:featuredmedia":[{"embeddable":true,"href":"https:\/\/www.soleum.de\/hr\/wp-json\/wp\/v2\/media\/20710"}],"wp:attachment":[{"href":"https:\/\/www.soleum.de\/hr\/wp-json\/wp\/v2\/media?parent=32323"}],"wp:term":[{"taxonomy":"product_brand","embeddable":true,"href":"https:\/\/www.soleum.de\/hr\/wp-json\/wp\/v2\/product_brand?post=32323"},{"taxonomy":"product_cat","embeddable":true,"href":"https:\/\/www.soleum.de\/hr\/wp-json\/wp\/v2\/product_cat?post=32323"},{"taxonomy":"product_tag","embeddable":true,"href":"https:\/\/www.soleum.de\/hr\/wp-json\/wp\/v2\/product_tag?post=32323"}],"curies":[{"name":"wp","href":"https:\/\/api.w.org\/{rel}","templated":true}]}}