{"id":32385,"date":"2024-11-03T17:48:09","date_gmt":"2024-11-03T16:48:09","guid":{"rendered":"https:\/\/www.soleum.de\/?post_type=product&#038;p=32385"},"modified":"2024-11-03T18:05:12","modified_gmt":"2024-11-03T17:05:12","slug":"grijana-lezaljka-prodaje-jedinstveni-komad-kopie","status":"publish","type":"product","link":"https:\/\/www.soleum.de\/hr\/shop\/letvice-za-parne-kupelji\/grijana-lezaljka-prodaje-jedinstveni-komad-kopie\/","title":{"rendered":"Grijana le\u017ealjka prodaje jedinstveni komad (Kopie)"},"content":{"rendered":"<p>Grijana prodaja le\u017ealjki, RAW bez plo\u010dica, jedinstveni komad<\/p>\n<p>Dimenzije: du\u017eina 215cm. \u0160irina 90cm<\/p>\n<p>ve\u0107 oblo\u017eena grija\u0107om prostirkom. Cijev za za\u0161titu senzora ve\u0107 je instalirana.<\/p>\n<p>Cijene ex radi Pregarten, plus tro\u0161kovi dostave. Dostava i tro\u0161kovi pakiranja u iznosu od 8,&#8211;0 EUR (ne primjenjuju se za samostalno prikupljanje)<\/p>\n","protected":false},"excerpt":{"rendered":"<p>Grijana prodaja le\u017ealjki, RAW bez plo\u010dica, jedinstveni komad Dimenzije: du\u017eina 215cm. \u0160irina 90cm ve\u0107 oblo\u017eena grija\u0107om prostirkom. Cijev za za\u0161titu senzora ve\u0107 je instalirana. Cijene ex radi Pregarten, plus tro\u0161kovi dostave. Dostava i tro\u0161kovi pakiranja u iznosu od 8,&#8211;0 EUR (ne primjenjuju se za samostalno prikupljanje)<\/p>\n","protected":false},"featured_media":32421,"template":"","meta":[],"product_brand":[],"product_cat":[3981],"product_tag":[6235,6239,6246,5721,6227,6242,6226,6221,5719,6249,6223,6224,6230,6222,6232,6225],"class_list":{"0":"post-32385","1":"product","2":"type-product","3":"status-publish","4":"has-post-thumbnail","6":"product_cat-letvice-za-parne-kupelji","7":"product_tag-diy-parna-soba","8":"product_tag-diy-parni-tus","9":"product_tag-domaca-parna-kabina","10":"product_tag-izgradite-vlastitu-parnu-kupelj","11":"product_tag-izgradite-vlastitu-parnu-saunu","12":"product_tag-komplet-parne-kabine","13":"product_tag-komplet-parne-saune","14":"product_tag-komplet-za-parnu-kupelj","15":"product_tag-napravite-konstrukciju-parne-kupelji","16":"product_tag-parna-kabina-za-dom","17":"product_tag-parna-kupelj-kod-kuce","18":"product_tag-parna-kupelj-u-vlastitom-domu","19":"product_tag-parna-sauna-za-dom","20":"product_tag-samostojeca-parna-kupelj","21":"product_tag-sauna","22":"product_tag-set-za-parni-tus","23":"product_shipping_class-glomazna-roba","25":"first","26":"onbackorder","27":"taxable","28":"shipping-taxable","29":"purchasable","30":"product-type-simple"},"_links":{"self":[{"href":"https:\/\/www.soleum.de\/hr\/wp-json\/wp\/v2\/product\/32385","targetHints":{"allow":["GET"]}}],"collection":[{"href":"https:\/\/www.soleum.de\/hr\/wp-json\/wp\/v2\/product"}],"about":[{"href":"https:\/\/www.soleum.de\/hr\/wp-json\/wp\/v2\/types\/product"}],"wp:featuredmedia":[{"embeddable":true,"href":"https:\/\/www.soleum.de\/hr\/wp-json\/wp\/v2\/media\/32421"}],"wp:attachment":[{"href":"https:\/\/www.soleum.de\/hr\/wp-json\/wp\/v2\/media?parent=32385"}],"wp:term":[{"taxonomy":"product_brand","embeddable":true,"href":"https:\/\/www.soleum.de\/hr\/wp-json\/wp\/v2\/product_brand?post=32385"},{"taxonomy":"product_cat","embeddable":true,"href":"https:\/\/www.soleum.de\/hr\/wp-json\/wp\/v2\/product_cat?post=32385"},{"taxonomy":"product_tag","embeddable":true,"href":"https:\/\/www.soleum.de\/hr\/wp-json\/wp\/v2\/product_tag?post=32385"}],"curies":[{"name":"wp","href":"https:\/\/api.w.org\/{rel}","templated":true}]}}