{"id":32434,"date":"2024-11-04T07:42:33","date_gmt":"2024-11-04T06:42:33","guid":{"rendered":"https:\/\/www.soleum.de\/?post_type=product&#038;p=32434"},"modified":"2024-11-04T07:49:27","modified_gmt":"2024-11-04T06:49:27","slug":"grijana-lezaljka-prodaje-jedinstveni-komad-kopie-kopie","status":"publish","type":"product","link":"https:\/\/www.soleum.de\/hr\/shop\/letvice-za-parne-kupelji\/grijana-lezaljka-prodaje-jedinstveni-komad-kopie-kopie\/","title":{"rendered":"Komplet za parnu kupelj cjenovna skupina 2"},"content":{"rendered":"<h1>Komplet za parnu kupelj cjenovna skupina 2<\/h1>\n<h2>do dimenzija cca D=(210-260cm) x W=(150-200cm)<\/h2>\n<p>&nbsp;<\/p>\n<p>BASIC PRO &#8211; to je ono \u0161to mi zovemo unaprijed proizvedeni komplet za parnu kabinu s elektri\u010dnim grijanjem<br \/>\n Individualno planiranje parne kupelji uklju\u010deno je u cijenu kompleta.<br \/>\n Kabinu izra\u0111ujemo prema planu (oblaganje grija\u0107im mre\u017eama, ugradnja<br \/>\n senzori i odvodi, prazne cijevi, aluminijski profili za kasniju ugradnju stakla,&#8230;)<br \/>\n i tako\u0111er potpuno postavljen. Time se osigurava kontrola dimenzija i mi<br \/>\n osigurajte da sve stane na va\u0161e gradili\u0161te. <\/p>\n<p>&nbsp;<\/p>\n<p>Kupolasti krovovi dostupni su uz nadoplatu od 240 EUR bez PDV-a. po kvadratnom metru.<\/p>\n\t<div class=\"box has-hover   has-hover box-text-bottom\" >\n\n\t\t<div class=\"box-image\" >\n\t\t\t\t\t\t<div class=\"\" >\n\t\t\t\t<img loading=\"lazy\" decoding=\"async\" width=\"1000\" height=\"1401\" src=\"https:\/\/www.soleum.de\/wp-content\/uploads\/2019\/03\/Soleum-Bausatz-aufgestellt-2.jpg\" class=\"attachment- size-\" alt=\"\" srcset=\"https:\/\/www.soleum.de\/wp-content\/uploads\/2019\/03\/Soleum-Bausatz-aufgestellt-2.jpg 1000w, https:\/\/www.soleum.de\/wp-content\/uploads\/2019\/03\/Soleum-Bausatz-aufgestellt-2-286x400.jpg 286w, https:\/\/www.soleum.de\/wp-content\/uploads\/2019\/03\/Soleum-Bausatz-aufgestellt-2-768x1076.jpg 768w, https:\/\/www.soleum.de\/wp-content\/uploads\/2019\/03\/Soleum-Bausatz-aufgestellt-2-571x800.jpg 571w, https:\/\/www.soleum.de\/wp-content\/uploads\/2019\/03\/Soleum-Bausatz-aufgestellt-2-510x715.jpg 510w\" sizes=\"auto, (max-width: 1000px) 100vw, 1000px\" \/>\t\t\t\t\t\t\t\t\t\t\t<\/div>\n\t\t\t\t\t<\/div>\n\n\t\t<div class=\"box-text text-center is-large\" >\n\t\t\t<div class=\"box-text-inner\">\n\t\t\t\t\n<div class=\"container section-title-container\" ><h3 class=\"section-title section-title-normal\"><b aria-hidden=\"true\"><\/b><span class=\"section-title-main\" >Serija slika na gradili\u0161tu:<\/span><b aria-hidden=\"true\"><\/b><\/h3><\/div>\n<h2>SLIKA PRIMJER KOMPLETA ZA PARNU KUPELJU<\/h2>\n<p>Ovdje mo\u017eete vidjeti primjer kompleta za ugradnju na licu mjesta (na licu mjesta). Zidne povr\u0161ine i sjedala se griju elektri\u010dno (odvojeni krugovi grijanja).<\/p>\n\t<div class=\"img has-hover x md-x lg-x y md-y lg-y\" id=\"image_1345128931\">\n\t\t\t\t\t\t\t\t<div class=\"img-inner dark\" >\n\t\t\t<img loading=\"lazy\" decoding=\"async\" width=\"1000\" height=\"750\" src=\"https:\/\/www.soleum.de\/wp-content\/uploads\/2019\/03\/Soleum-rohkabine-auf-Baustelle-aufgestellt.jpg\" class=\"attachment-large size-large\" alt=\"\" srcset=\"https:\/\/www.soleum.de\/wp-content\/uploads\/2019\/03\/Soleum-rohkabine-auf-Baustelle-aufgestellt.jpg 1000w, https:\/\/www.soleum.de\/wp-content\/uploads\/2019\/03\/Soleum-rohkabine-auf-Baustelle-aufgestellt-533x400.jpg 533w, https:\/\/www.soleum.de\/wp-content\/uploads\/2019\/03\/Soleum-rohkabine-auf-Baustelle-aufgestellt-768x576.jpg 768w, https:\/\/www.soleum.de\/wp-content\/uploads\/2019\/03\/Soleum-rohkabine-auf-Baustelle-aufgestellt-510x383.jpg 510w\" sizes=\"auto, (max-width: 1000px) 100vw, 1000px\" \/>\t\t\t\t\t\t\n\t\t\t\t\t<\/div>\n\t\t\t\t\t\t\t\t\n<style>\n#image_1345128931 {\n  width: 100%;\n}\n<\/style>\n\t<\/div>\n\t\n\t<div id=\"gap-1223371987\" class=\"gap-element clearfix\" style=\"display:block; height:auto;\">\n\t\t\n<style>\n#gap-1223371987 {\n  padding-top: 30px;\n}\n<\/style>\n\t<\/div>\n\t\n\t\t\t<\/div>\n\t\t<\/div>\n\t<\/div>\n\t\n\t<div id=\"gap-433106693\" class=\"gap-element clearfix\" style=\"display:block; height:auto;\">\n\t\t\n<style>\n#gap-433106693 {\n  padding-top: 30px;\n}\n<\/style>\n\t<\/div>\n\t\n\t<div class=\"img has-hover x md-x lg-x y md-y lg-y\" id=\"image_1558353912\">\n\t\t\t\t\t\t\t\t<div class=\"img-inner dark\" >\n\t\t\t<img loading=\"lazy\" decoding=\"async\" width=\"600\" height=\"800\" src=\"https:\/\/www.soleum.de\/wp-content\/uploads\/2019\/03\/Soleum-rohkabine-auf-Baustelle-aufgestellt-1-600x800.jpg\" class=\"attachment-large size-large\" alt=\"\" srcset=\"https:\/\/www.soleum.de\/wp-content\/uploads\/2019\/03\/Soleum-rohkabine-auf-Baustelle-aufgestellt-1-600x800.jpg 600w, https:\/\/www.soleum.de\/wp-content\/uploads\/2019\/03\/Soleum-rohkabine-auf-Baustelle-aufgestellt-1-300x400.jpg 300w, https:\/\/www.soleum.de\/wp-content\/uploads\/2019\/03\/Soleum-rohkabine-auf-Baustelle-aufgestellt-1-510x680.jpg 510w, https:\/\/www.soleum.de\/wp-content\/uploads\/2019\/03\/Soleum-rohkabine-auf-Baustelle-aufgestellt-1.jpg 750w\" sizes=\"auto, (max-width: 600px) 100vw, 600px\" \/>\t\t\t\t\t\t\n\t\t\t\t\t<\/div>\n\t\t\t\t\t\t\t\t\n<style>\n#image_1558353912 {\n  width: 100%;\n}\n<\/style>\n\t<\/div>\n\t\n<div id=\"portfolio-461285753\" class=\"portfolio-element-wrapper has-filtering\">\n  \n    <div id=\"portfolio-461285753\" class=\"slider slider-auto-height row-collapse slider-nav-reveal\" data-flickity-options='{&quot;imagesLoaded&quot;: true, &quot;dragThreshold&quot; : 5, &quot;cellAlign&quot;: &quot;left&quot;,&quot;wrapAround&quot;: true,&quot;prevNextButtons&quot;: true,&quot;percentPosition&quot;: true,&quot;pageDots&quot;: false, &quot;rightToLeft&quot;: false, &quot;autoPlay&quot; : false}'>\n\n    <div class=\"col\" data-terms=\"[&quot;Parna kupelj sa sjedalima&quot;]\" >\n          <div class=\"col-inner\" >\n          <a href=\"https:\/\/www.soleum.de\/hr\/featured_item\/parna-kupelj-njemacka\/\" class=\"plain \">\n          <div class=\"portfolio-box box has-hover box-default\">\n            <div class=\"box-image\" >\n                <div class=\"image-cover\" style=\"padding-top:100%;\">\n                <img loading=\"lazy\" decoding=\"async\" width=\"533\" height=\"400\" src=\"https:\/\/www.soleum.de\/wp-content\/uploads\/2019\/12\/SOLEUM-Dampfbad-Deutschland-006-533x400.jpg\" class=\"attachment-medium size-medium\" alt=\"\" srcset=\"https:\/\/www.soleum.de\/wp-content\/uploads\/2019\/12\/SOLEUM-Dampfbad-Deutschland-006-533x400.jpg 533w, https:\/\/www.soleum.de\/wp-content\/uploads\/2019\/12\/SOLEUM-Dampfbad-Deutschland-006-768x576.jpg 768w, https:\/\/www.soleum.de\/wp-content\/uploads\/2019\/12\/SOLEUM-Dampfbad-Deutschland-006-510x383.jpg 510w, https:\/\/www.soleum.de\/wp-content\/uploads\/2019\/12\/SOLEUM-Dampfbad-Deutschland-006.jpg 800w\" sizes=\"auto, (max-width: 533px) 100vw, 533px\" \/>                                                <\/div>\n            <\/div>\n            <div class=\"box-text text-center\" >\n                  <div class=\"box-text-inner\">\n                      <h6 class=\"uppercase portfolio-box-title\">Parna kupelj Njema\u010dka<\/h6>\n                      <p class=\"uppercase portfolio-box-category is-xsmall op-6\">\n                        <span class=\"show-on-hover\">\n                         Parna kupelj sa sjedalima                        <\/span>\n                      <\/p>\n                  <\/div>\n            <\/div>\n           <\/div>\n           <\/a>\n           <\/div>\n           <\/div><\/div><\/div>\n","protected":false},"excerpt":{"rendered":"<p>Komplet za parnu kupelj cjenovna skupina 2: do dimenzija cca D=(210-260cm) x W=(150-200cm)<\/p>\n<p> .<\/p>\n","protected":false},"featured_media":32421,"template":"","meta":[],"product_brand":[],"product_cat":[3981],"product_tag":[6235,6239,6246,5721,6227,6242,6226,6221,5719,6249,6223,6224,6230,6222,6232,6225],"class_list":{"0":"post-32434","1":"product","2":"type-product","3":"status-publish","4":"has-post-thumbnail","6":"product_cat-letvice-za-parne-kupelji","7":"product_tag-diy-parna-soba","8":"product_tag-diy-parni-tus","9":"product_tag-domaca-parna-kabina","10":"product_tag-izgradite-vlastitu-parnu-kupelj","11":"product_tag-izgradite-vlastitu-parnu-saunu","12":"product_tag-komplet-parne-kabine","13":"product_tag-komplet-parne-saune","14":"product_tag-komplet-za-parnu-kupelj","15":"product_tag-napravite-konstrukciju-parne-kupelji","16":"product_tag-parna-kabina-za-dom","17":"product_tag-parna-kupelj-kod-kuce","18":"product_tag-parna-kupelj-u-vlastitom-domu","19":"product_tag-parna-sauna-za-dom","20":"product_tag-samostojeca-parna-kupelj","21":"product_tag-sauna","22":"product_tag-set-za-parni-tus","23":"product_shipping_class-glomazna-roba","25":"first","26":"instock","27":"taxable","28":"shipping-taxable","29":"purchasable","30":"product-type-simple"},"_links":{"self":[{"href":"https:\/\/www.soleum.de\/hr\/wp-json\/wp\/v2\/product\/32434","targetHints":{"allow":["GET"]}}],"collection":[{"href":"https:\/\/www.soleum.de\/hr\/wp-json\/wp\/v2\/product"}],"about":[{"href":"https:\/\/www.soleum.de\/hr\/wp-json\/wp\/v2\/types\/product"}],"wp:featuredmedia":[{"embeddable":true,"href":"https:\/\/www.soleum.de\/hr\/wp-json\/wp\/v2\/media\/32421"}],"wp:attachment":[{"href":"https:\/\/www.soleum.de\/hr\/wp-json\/wp\/v2\/media?parent=32434"}],"wp:term":[{"taxonomy":"product_brand","embeddable":true,"href":"https:\/\/www.soleum.de\/hr\/wp-json\/wp\/v2\/product_brand?post=32434"},{"taxonomy":"product_cat","embeddable":true,"href":"https:\/\/www.soleum.de\/hr\/wp-json\/wp\/v2\/product_cat?post=32434"},{"taxonomy":"product_tag","embeddable":true,"href":"https:\/\/www.soleum.de\/hr\/wp-json\/wp\/v2\/product_tag?post=32434"}],"curies":[{"name":"wp","href":"https:\/\/api.w.org\/{rel}","templated":true}]}}