{"id":21764,"date":"2019-06-12T12:58:56","date_gmt":"2019-06-12T10:58:56","guid":{"rendered":"https:\/\/www.soleum.de\/lemondasi-feltetelek-visszaterites\/"},"modified":"2019-06-12T12:58:56","modified_gmt":"2019-06-12T10:58:56","slug":"lemondasi-feltetelek-visszaterites","status":"publish","type":"page","link":"https:\/\/www.soleum.de\/hu\/lemondasi-feltetelek-visszaterites\/","title":{"rendered":"Lemond\u00e1si felt\u00e9telek &#8211; visszat\u00e9r\u00edt\u00e9s"},"content":{"rendered":"<h1><strong>Lemond\u00e1si szab\u00e1lyzat<\/strong><\/h1>\n<p><strong>Kiz\u00e1r\u00f3lag a fogyaszt\u00f3kat<\/strong> a k\u00f6vetkez\u0151 t\u00f6rv\u00e9nyes el\u00e1ll\u00e1si jog illeti meg:<\/p>\n<p>\u00d6n \u00edr\u00e1sban (pl. lev\u00e9lben, faxon, e-mailben a info@soleum.at c\u00edmre) vagy az \u00e1ru k\u00e9t h\u00e9ten bel\u00fcli visszak\u00fcld\u00e9s\u00e9vel indokl\u00e1s n\u00e9lk\u00fcl visszavonhatja szerz\u0151d\u00e9ses nyilatkozat\u00e1t, kiv\u00e9ve, ha \u00d6n kereskedelmi vagy \u00f6n\u00e1ll\u00f3 szakmai tev\u00e9kenys\u00e9g\u00e9nek gyakorl\u00e1sa sor\u00e1n j\u00e1rt el (v\u00e1llalkoz\u00f3i megrendel\u00e9sek). Az id\u0151szak legkor\u00e1bban az \u00e1ru \u00e1tv\u00e9tel\u00e9vel \u00e9s a r\u00e9szletes, sz\u00f6veges utas\u00edt\u00e1ssal kezd\u0151dik. A hat\u00e1rid\u0151 betart\u00e1s\u00e1hoz elegend\u0151 a visszavon\u00e1s vagy az \u00e1ru id\u0151ben t\u00f6rt\u00e9n\u0151 elk\u00fcld\u00e9se. A visszavon\u00e1st a k\u00f6vetkez\u0151 c\u00edmre kell k\u00fcldeni:<\/p>\n<blockquote><p>SOLEUM GmbH<br \/>\nDipl. Bw., Ing. Thomas Kiesenebner, MBA<br \/>\nGutauerstrasse 42<br \/>\nA-4230 \u00d3voda<\/p><\/blockquote>\n<p><strong>A visszavon\u00e1s k\u00f6vetkezm\u00e9nyei<\/strong><\/p>\n<p>Hat\u00e1lyos visszavon\u00e1s eset\u00e9n mindk\u00e9t f\u00e9lnek vissza kell fizetnie a kapott szolg\u00e1ltat\u00e1sokat, \u00e9s le kell mondania a kapott el\u0151ny\u00f6kr\u0151l (pl. kamatok). Ha a kapott \u00e1rut r\u00e9szben vagy eg\u00e9szben nem, vagy csak megromlott \u00e1llapotban tudja visszak\u00fcldeni, akkor el\u0151fordulhat, hogy az \u00e9rt\u00e9kcs\u00f6kken\u00e9s\u00e9rt k\u00e1rt\u00e9r\u00edt\u00e9st kell fizetnie nek\u00fcnk. Ez nem vonatkozik arra az esetre, ha az \u00e1ru megrong\u00e1l\u00f3d\u00e1sa kiz\u00e1r\u00f3lag a vizsg\u00e1latnak tudhat\u00f3 be, mint ahogyan az \u00d6nnek p\u00e9ld\u00e1ul egy \u00fczletben lehets\u00e9ges lett volna. Ezen t\u00falmen\u0151en \u00d6n elker\u00fclheti a k\u00e1rt\u00e9r\u00edt\u00e9si k\u00f6telezetts\u00e9get, ha az \u00e1rut nem \u00fagy haszn\u00e1lja, mintha az az \u00d6n tulajdon\u00e1t k\u00e9pezn\u00e9, \u00e9s tart\u00f3zkodik minden olyan cselekm\u00e9nyt\u0151l, amely az \u00e1ru \u00e9rt\u00e9k\u00e9t cs\u00f6kkentheti. A csomagk\u00fcld\u00e9ssel feladhat\u00f3 t\u00e9teleket a mi felel\u0151ss\u00e9g\u00fcnkre kell visszak\u00fcldeni, a csomagk\u00fcld\u00e9ssel nem feladhat\u00f3 t\u00e9teleket \u00d6nt\u0151l kell \u00e1tvenni. A befizet\u00e9sek visszat\u00e9r\u00edt\u00e9s\u00e9re vonatkoz\u00f3 k\u00f6telezetts\u00e9g\u00e9nek a felmond\u00e1s elk\u00fcld\u00e9s\u00e9t\u0151l sz\u00e1m\u00edtott 30 napon bel\u00fcl kell eleget tennie.<\/p>\n<p>\u00d6nnek kell viselnie a visszak\u00fcld\u00e9s k\u00f6lts\u00e9geit, ha a lesz\u00e1ll\u00edtott \u00e1ru megfelel a megrendelt \u00e1runak, vagy ha az \u00e1ru magasabb \u00e1ra eset\u00e9n az ellen\u00e9rt\u00e9ket vagy a szerz\u0151d\u00e9sben meghat\u00e1rozott r\u00e9szfizet\u00e9st m\u00e9g nem teljes\u00edtette a visszavon\u00e1s id\u0151pontj\u00e1ban.<\/p>\n<p><strong>Az el\u00e1ll\u00e1si jog nem vonatkozik a k\u00f6vetkez\u0151kre<\/strong><\/p>\n<p>Olyan \u00e1ruk, amelyeket a v\u00e1s\u00e1rl\u00f3 specifik\u00e1ci\u00f3i szerint gy\u00e1rtottak, vagy egy\u00e9rtelm\u0171en szem\u00e9lyes ig\u00e9nyekre szabtak, vagy amelyek jelleg\u00fckn\u00e9l fogva nem alkalmasak a visszak\u00fcld\u00e9sre, vagy gyorsan megromolhatnak, vagy amelyek lej\u00e1rati ideje t\u00fall\u00e9pn\u00e9 a hat\u00e1rid\u0151t.<\/p>\n<p><strong>A lemond\u00e1si felt\u00e9telek v\u00e9ge<\/strong><\/p>\n<p><strong>J\u00f3t\u00e1ll\u00e1s \u00e9s \u00fcgyf\u00e9lszolg\u00e1lat<\/strong><\/p>\n<p>Az \u00fcgyf\u00e9lnek &#8211; saj\u00e1t \u00e9rdek\u00e9ben is &#8211; azonnal jeleznie kell a nyilv\u00e1nval\u00f3 hib\u00e1kat. K\u00fcl\u00f6n\u00f6sen a sz\u00e1ll\u00edt\u00e1si k\u00e1rokat kell azonnal jelenteni a k\u00e9zbes\u00edt\u0151 csomagk\u00fcld\u0151 szolg\u00e1latnak, a sz\u00e1ll\u00edtm\u00e1nyoz\u00f3nak vagy a SOLEUM GmbH-nak.<br \/>\nA j\u00f3t\u00e1ll\u00e1s a t\u00f6rv\u00e9nyi rendelkez\u00e9seknek megfelel\u0151en t\u00f6rt\u00e9nik, amelynek \u00e9rtelm\u00e9ben az \u00e1ru hib\u00e1ja eset\u00e9n jogosultak vagyunk az \u00d6n v\u00e1laszt\u00e1sa szerint ut\u00f3lagos sz\u00e1ll\u00edt\u00e1st v\u00e9gezni vagy a hib\u00e1t kijav\u00edtani. Ha a kijav\u00edt\u00e1s v\u00e9g\u00fcl sikertelen, vagy ha az ut\u00f3lagosan lesz\u00e1ll\u00edtott \u00e1ru is hib\u00e1s, \u00d6n k\u00e9rheti az \u00e1ru visszak\u00fcld\u00e9s\u00e9t a meg\u00e1llapod\u00e1s szerinti \u00e1r visszat\u00e9r\u00edt\u00e9se vagy a v\u00e9tel\u00e1r cs\u00f6kkent\u00e9se ellen\u00e9ben. A gy\u00e1rt\u00f3 garanci\u00e1ira vonatkoz\u00f3 inform\u00e1ci\u00f3k\u00e9rt k\u00e9rj\u00fck, olvassa el a term\u00e9k dokument\u00e1ci\u00f3j\u00e1t.<br \/>\nNem v\u00e1llalunk felel\u0151ss\u00e9get a helytelen kezel\u00e9s vagy k\u00fcls\u0151 behat\u00e1s k\u00f6vetkezt\u00e9ben keletkezett hib\u00e1k\u00e9rt. A l\u00e1that\u00f3 k\u00fcls\u0151 hib\u00e1k, amelyeket az \u00f6sszeszerel\u00e9s ut\u00e1n kifog\u00e1solnak, nem tartoznak a garanci\u00e1lis ig\u00e9nybev\u00e9tel k\u00f6r\u00e9be.<\/p>\n<p>Garant\u00e1ljuk, hogy alkatr\u00e9szeink a sz\u00e1ll\u00edt\u00e1s id\u0151pontj\u00e1ban nem hib\u00e1sak, ami semmis\u00edti meg vagy cs\u00f6kkenti az \u00e9rt\u00e9ket vagy a szok\u00e1sos vagy a szerz\u0151d\u00e9s szerint v\u00e1llalt haszn\u00e1latra val\u00f3 alkalmass\u00e1got.<\/p>\n<p>A sz\u00e1ll\u00edt\u00f3t halad\u00e9ktalanul \u00edr\u00e1sban \u00e9rtes\u00edteni kell a hiba felfedez\u00e9s\u00e9r\u0151l. A k\u00e9sz\u00fcl\u00e9k t\u00edpus\u00e1t \u00e9s sorozatsz\u00e1m\u00e1t fel kell t\u00fcntetni. A szerz\u0151d\u0151 felek m\u00e1r meg\u00e1llapodtak abban, hogy a kicser\u00e9lt alkatr\u00e9szek a sz\u00e1ll\u00edt\u00f3 tulajdon\u00e1ba ker\u00fclnek. A visszautas\u00edtott alkatr\u00e9szeket fuvard\u00edjjal kell visszak\u00fcldeni. Ha a sz\u00e1ll\u00edt\u00e1s, az \u00fczembe helyez\u00e9s n\u00e9lk\u00fcli telep\u00edt\u00e9s a sz\u00e1ll\u00edt\u00f3 hib\u00e1j\u00e1n k\u00edv\u00fcl k\u00e9sik, a felel\u0151ss\u00e9g legk\u00e9s\u0151bb 24 h\u00f3nappal a kock\u00e1zat\u00e1tad\u00e1st k\u00f6vet\u0151en megsz\u0171nik. Harmadik f\u00e9l term\u00e9kei eset\u00e9ben a Sz\u00e1ll\u00edt\u00f3 felel\u0151ss\u00e9ge a harmadik f\u00e9l term\u00e9k sz\u00e1ll\u00edt\u00f3j\u00e1val szemben \u0151t megillet\u0151 felel\u0151ss\u00e9gi ig\u00e9nyek engedm\u00e9nyez\u00e9s\u00e9re korl\u00e1toz\u00f3dik. Az al\u00e1bbi okok miatt bek\u00f6vetkezett k\u00e1rok\u00e9rt felel\u0151ss\u00e9get nem v\u00e1llalunk: Nem megfelel\u0151 vagy helytelen haszn\u00e1lat, hib\u00e1s \u00f6sszeszerel\u00e9s vagy \u00fczembe helyez\u00e9s a v\u00e1s\u00e1rl\u00f3 vagy harmadik f\u00e9l r\u00e9sz\u00e9r\u0151l. Term\u00e9szetes elhaszn\u00e1l\u00f3d\u00e1s (a g\u0151zhengeren), v\u00edzk\u0151 okozta k\u00e1rok vagy v\u00edzk\u0151probl\u00e9m\u00e1k, hib\u00e1s vagy hanyag kezel\u00e9s, nem megfelel\u0151 \u00fczemanyagok, valamint elektromos vagy elektrom\u00e1gneses hat\u00e1sok. A Vev\u0151 a Sz\u00e1ll\u00edt\u00f3val val\u00f3 konzult\u00e1ci\u00f3t k\u00f6vet\u0151en k\u00f6teles a Sz\u00e1ll\u00edt\u00f3nak a sz\u00fcks\u00e9ges id\u0151t \u00e9s lehet\u0151s\u00e9get biztos\u00edtani a Sz\u00e1ll\u00edt\u00f3 sz\u00e1m\u00e1ra \u00e9sszer\u0171 bel\u00e1t\u00e1sa szerint sz\u00fcks\u00e9gesnek t\u0171n\u0151 jav\u00edt\u00e1sok \u00e9s cseresz\u00e1ll\u00edt\u00e1sok elv\u00e9gz\u00e9s\u00e9re, ellenkez\u0151 esetben a Sz\u00e1ll\u00edt\u00f3 mentes\u00fcl a hib\u00e1k\u00e9rt val\u00f3 felel\u0151ss\u00e9g al\u00f3l. A megrendel\u0151 csak a sz\u00e1ll\u00edt\u00f3 \u00edr\u00e1sbeli hozz\u00e1j\u00e1rul\u00e1s\u00e1val jogosult a hib\u00e1t maga kijav\u00edtani vagy harmadik f\u00e9llel kijav\u00edttatni, \u00e9s a sz\u00fcks\u00e9ges k\u00f6lts\u00e9gek megt\u00e9r\u00edt\u00e9s\u00e9t k\u00f6vetelni a sz\u00e1ll\u00edt\u00f3t\u00f3l. A m\u00e1sodlagos vagy k\u00f6vetkezm\u00e9nyes k\u00f6lts\u00e9geket a Vev\u0151 viseli. A cserealkatr\u00e9szre \u00e9s a jav\u00edt\u00e1sra vonatkoz\u00f3 j\u00f3t\u00e1ll\u00e1si id\u0151 h\u00e1rom h\u00f3nap, de legal\u00e1bb a sz\u00e1ll\u00edtott term\u00e9k eredeti j\u00f3t\u00e1ll\u00e1si idej\u00e9nek lej\u00e1rt\u00e1ig tart. A Vev\u0151 vagy harmadik f\u00e9l \u00e1ltal a Sz\u00e1ll\u00edt\u00f3 el\u0151zetes beleegyez\u00e9se n\u00e9lk\u00fcl szab\u00e1lytalanul elv\u00e9gzett m\u00f3dos\u00edt\u00e1sok vagy jav\u00edt\u00e1si munk\u00e1k a Sz\u00e1ll\u00edt\u00f3 el\u0151zetes beleegyez\u00e9se n\u00e9lk\u00fcl \u00e9rv\u00e9nytelen\u00edtik az ebb\u0151l ered\u0151 k\u00f6vetkezm\u00e9nyek\u00e9rt val\u00f3 felel\u0151ss\u00e9get. A vev\u0151 tov\u00e1bbi k\u00f6vetel\u00e9sei, k\u00fcl\u00f6n\u00f6sen a nem a sz\u00e1ll\u00edtott term\u00e9kben keletkezett k\u00e1r megt\u00e9r\u00edt\u00e9s\u00e9re vonatkoz\u00f3 k\u00f6vetel\u00e9sek kiz\u00e1r\u00e1sra ker\u00fclnek. Felel\u0151ss\u00e9g\u00fcnk elvileg a hib\u00e1s alkatr\u00e9sz, vez\u00e9rl\u0151 cser\u00e9j\u00e9re korl\u00e1toz\u00f3dik, ha a garanci\u00e1lis esetet mi vagy a gy\u00e1rt\u00f3\u00fczem\u00fcnk elismerte. A garanci\u00e1lis ig\u00e9nyr\u0151l elvileg csak akkor d\u00f6nthet\u00fcnk, ha a hib\u00e1s alkatr\u00e9szt m\u00e1r fuvard\u00edjmentesen elk\u00fcldt\u00fck.<\/p>\n<p>Az \u00fcgyf\u00e9l k\u00f6teles \u00edr\u00e1sban \u00e9rtes\u00edteni minket a felmer\u00fcl\u0151 hib\u00e1kr\u00f3l. A t\u00f6rv\u00e9nyes j\u00f3t\u00e1ll\u00e1si id\u0151: az ingatlanok eset\u00e9ben h\u00e1rom \u00e9v, az ing\u00f3s\u00e1gok eset\u00e9ben k\u00e9t \u00e9v, az ing\u00f3 haszn\u00e1lt t\u00e1rgyak eset\u00e9ben pedig egy \u00e9v. A kop\u00f3 alkatr\u00e9szek, pl. szilikonk\u00f6t\u00e9sek norm\u00e1l elhaszn\u00e1l\u00f3d\u00e1s\u00e1ra vonatkoz\u00f3 garancia kiz\u00e1rt. Term\u00e9keink megfelel\u0151 m\u0171k\u00f6d\u00e9s\u00e9t \u00e9s kezel\u00e9s\u00e9t felt\u00e9telezz\u00fck.<\/p>\n<p>\u00dcgyf\u00e9lszolg\u00e1latunkat h\u00e9tk\u00f6znapokon <a href=\"https:\/\/www.dampfbad.at\/?page_id=256\">nyitvatart\u00e1si<\/a> id\u0151ben a +43 (0)7236-26200 telefonsz\u00e1mon vagy a info@soleum.at e-mail c\u00edmen \u00e9rheti el.<\/p>\n<p><strong>A joghat\u00f3s\u00e1g helye<\/strong><\/p>\n<p>Keresked\u0151kkel, k\u00f6zjogi jogi szem\u00e9lyekkel vagy k\u00f6zjogi k\u00fcl\u00f6nalapokkal k\u00f6t\u00f6tt szerz\u0151d\u00e9sek eset\u00e9n az \u00fczleti kapcsolatb\u00f3l ered\u0151 valamennyi jogvit\u00e1ra, bele\u00e9rtve a v\u00e1lt\u00f3- \u00e9s csekkpereket is, az A-Linzi Helyi B\u00edr\u00f3s\u00e1g kiz\u00e1r\u00f3lagos illet\u00e9kess\u00e9ge. Ugyanakkor jogosultak vagyunk a vev\u0151 sz\u00e9khely\u00e9n is keresetet ind\u00edtani. A teljes\u00edt\u00e9s helye a sz\u00e1ll\u00edt\u00e1s \u00e9s a fizet\u00e9s tekintet\u00e9ben Pregarten\/Ausztria.<br \/>\nA vev\u0151 csak akkor jogosult besz\u00e1m\u00edt\u00e1sra vagy cs\u00f6kkent\u00e9sre, ha saj\u00e1t k\u00f6vetel\u00e9seit joger\u0151sen meg\u00e1llap\u00edtott\u00e1k, vagy ha ezeket a k\u00f6vetel\u00e9seket \u00edr\u00e1sban elismert\u00fck. A visszatart\u00e1s csak annyiban megengedett, amennyiben a k\u00f6vetel\u00e9sek ugyanazon a szerz\u0151d\u00e9ses jogviszonyon alapulnak. Amennyiben a jelen felt\u00e9telek szerinti szerz\u0151d\u00e9s egy nem l\u00e9nyeges r\u00e9sze \u00e9rv\u00e9nytelen vagy \u00e9rv\u00e9nytelenn\u00e9 v\u00e1lik, ez nem \u00e9rinti a szerz\u0151d\u00e9s t\u00f6bbi r\u00e9sz\u00e9nek \u00e9rv\u00e9nyess\u00e9g\u00e9t.<\/p>\n<p><strong>Felel\u0151ss\u00e9gi nyilatkozat<\/strong><\/p>\n<p>Ezt az online katal\u00f3gust \u00e9s a benne tal\u00e1lhat\u00f3 le\u00edr\u00e1sokat \u00e9s \u00e1rinform\u00e1ci\u00f3kat a legnagyobb gondoss\u00e1ggal \u00e1ll\u00edtottuk \u00f6ssze. Ez\u00e9rt az esetleges g\u00e9pel\u00e9si hib\u00e1k\u00e9rt \u00e9s technikai v\u00e1ltoz\u00e1sok\u00e9rt csak sz\u00e1nd\u00e9koss\u00e1g \u00e9s s\u00falyos gondatlans\u00e1g eset\u00e9n tudunk felel\u0151ss\u00e9get v\u00e1llalni.<\/p>\n<p><strong>Adatv\u00e9delem<\/strong><\/p>\n<p>Az \u00f6sszegy\u0171jt\u00f6tt adatokat a SOLEUM GmbH csak annyiban dolgozza fel \u00e9s haszn\u00e1lja fel, amennyiben ez az \u00d6nnel k\u00f6t\u00f6tt \u00fczlet teljes\u00edt\u00e9s\u00e9hez \u00e9s az ebb\u0151l ered\u0151 \u00fcgyf\u00e9lkapcsolat fenntart\u00e1s\u00e1hoz sz\u00fcks\u00e9ges, jogilag megengedett \u00e9s az \u00d6n k\u00edv\u00e1ns\u00e1ga szerint.<br \/>\nHa megrendel\u00e9st ad le vagy egy\u00e9b szolg\u00e1ltat\u00e1sokat vesz ig\u00e9nybe, a SOLEUM GmbH-nak sz\u00fcks\u00e9ge van az \u00d6n c\u00edm\u00e9re \u00e9s adataira a fizet\u00e9s feldolgoz\u00e1s\u00e1hoz. Ezeket az adatokat a SOLEUM GmbH a megrendel\u00e9s megfelel\u0151 feldolgoz\u00e1s\u00e1hoz haszn\u00e1lja. Ebb\u0151l a c\u00e9lb\u00f3l a szolg\u00e1ltat\u00e1st\u00f3l f\u00fcgg\u0151en sz\u00fcks\u00e9ges lehet az adatok tov\u00e1bb\u00edt\u00e1sa a SOLEUM GmbH kereskedelmi vagy szolg\u00e1ltat\u00e1si partnereinek (pl. egy sz\u00e1ll\u00edtm\u00e1nyoz\u00e1si v\u00e1llalatnak, mint p\u00e9ld\u00e1ul a Deutsche Post AG vagy a DHL az \u00e1ruk k\u00e9zbes\u00edt\u00e9s\u00e9hez).<br \/>\n\u00d6n b\u00e1rmikor d\u00edjmentesen t\u00e1j\u00e9koztat\u00e1st k\u00e9rhet az \u00d6nr\u0151l t\u00e1rolt adatokr\u00f3l, illetve k\u00e9rheti azok helyesb\u00edt\u00e9s\u00e9t vagy t\u00f6rl\u00e9s\u00e9t.<\/p>\n","protected":false},"excerpt":{"rendered":"<p>Lemond\u00e1si szab\u00e1lyzat Kiz\u00e1r\u00f3lag a fogyaszt\u00f3kat a k\u00f6vetkez\u0151 t\u00f6rv\u00e9nyes el\u00e1ll\u00e1si jog illeti meg: \u00d6n \u00edr\u00e1sban (pl. lev\u00e9lben, faxon, e-mailben a info@soleum.at c\u00edmre) vagy az \u00e1ru k\u00e9t h\u00e9ten bel\u00fcli visszak\u00fcld\u00e9s\u00e9vel indokl\u00e1s n\u00e9lk\u00fcl visszavonhatja szerz\u0151d\u00e9ses nyilatkozat\u00e1t, kiv\u00e9ve, ha \u00d6n kereskedelmi vagy \u00f6n\u00e1ll\u00f3 szakmai tev\u00e9kenys\u00e9g\u00e9nek gyakorl\u00e1sa sor\u00e1n j\u00e1rt el (v\u00e1llalkoz\u00f3i megrendel\u00e9sek). Az id\u0151szak legkor\u00e1bban az \u00e1ru \u00e1tv\u00e9tel\u00e9vel \u00e9s a [&#8230;]\n","protected":false},"author":1,"featured_media":0,"parent":0,"menu_order":0,"comment_status":"closed","ping_status":"closed","template":"","meta":{"footnotes":""},"class_list":["post-21764","page","type-page","status-publish","hentry"],"_links":{"self":[{"href":"https:\/\/www.soleum.de\/hu\/wp-json\/wp\/v2\/pages\/21764","targetHints":{"allow":["GET"]}}],"collection":[{"href":"https:\/\/www.soleum.de\/hu\/wp-json\/wp\/v2\/pages"}],"about":[{"href":"https:\/\/www.soleum.de\/hu\/wp-json\/wp\/v2\/types\/page"}],"author":[{"embeddable":true,"href":"https:\/\/www.soleum.de\/hu\/wp-json\/wp\/v2\/users\/1"}],"replies":[{"embeddable":true,"href":"https:\/\/www.soleum.de\/hu\/wp-json\/wp\/v2\/comments?post=21764"}],"version-history":[{"count":0,"href":"https:\/\/www.soleum.de\/hu\/wp-json\/wp\/v2\/pages\/21764\/revisions"}],"wp:attachment":[{"href":"https:\/\/www.soleum.de\/hu\/wp-json\/wp\/v2\/media?parent=21764"}],"curies":[{"name":"wp","href":"https:\/\/api.w.org\/{rel}","templated":true}]}}