{"id":21833,"date":"2017-12-17T10:40:03","date_gmt":"2017-12-17T09:40:03","guid":{"rendered":"https:\/\/www.soleum.de\/uegyfelteruelet\/"},"modified":"2017-12-17T10:40:03","modified_gmt":"2017-12-17T09:40:03","slug":"uegyfelteruelet","status":"publish","type":"page","link":"https:\/\/www.soleum.de\/hu\/uegyfelteruelet\/","title":{"rendered":"\u00dcgyf\u00e9lter\u00fclet"},"content":{"rendered":"[customer-area \/]\n","protected":false},"excerpt":{"rendered":"[customer-area \/]\n","protected":false},"author":1,"featured_media":0,"parent":0,"menu_order":1,"comment_status":"closed","ping_status":"closed","template":"","meta":{"footnotes":""},"class_list":["post-21833","page","type-page","status-publish","hentry"],"_links":{"self":[{"href":"https:\/\/www.soleum.de\/hu\/wp-json\/wp\/v2\/pages\/21833","targetHints":{"allow":["GET"]}}],"collection":[{"href":"https:\/\/www.soleum.de\/hu\/wp-json\/wp\/v2\/pages"}],"about":[{"href":"https:\/\/www.soleum.de\/hu\/wp-json\/wp\/v2\/types\/page"}],"author":[{"embeddable":true,"href":"https:\/\/www.soleum.de\/hu\/wp-json\/wp\/v2\/users\/1"}],"replies":[{"embeddable":true,"href":"https:\/\/www.soleum.de\/hu\/wp-json\/wp\/v2\/comments?post=21833"}],"version-history":[{"count":0,"href":"https:\/\/www.soleum.de\/hu\/wp-json\/wp\/v2\/pages\/21833\/revisions"}],"wp:attachment":[{"href":"https:\/\/www.soleum.de\/hu\/wp-json\/wp\/v2\/media?parent=21833"}],"curies":[{"name":"wp","href":"https:\/\/api.w.org\/{rel}","templated":true}]}}