{"id":21970,"date":"2022-08-01T06:52:38","date_gmt":"2022-08-01T04:52:38","guid":{"rendered":"https:\/\/www.soleum.de\/a-minositesek-hitelessege\/"},"modified":"2022-08-01T06:52:38","modified_gmt":"2022-08-01T04:52:38","slug":"a-minositesek-hitelessege","status":"publish","type":"page","link":"https:\/\/www.soleum.de\/hu\/a-minositesek-hitelessege\/","title":{"rendered":"A min\u0151s\u00edt\u00e9sek hiteless\u00e9ge"},"content":{"rendered":"","protected":false},"excerpt":{"rendered":"","protected":false},"author":1,"featured_media":0,"parent":0,"menu_order":0,"comment_status":"closed","ping_status":"closed","template":"","meta":{"footnotes":""},"class_list":["post-21970","page","type-page","status-publish","hentry"],"_links":{"self":[{"href":"https:\/\/www.soleum.de\/hu\/wp-json\/wp\/v2\/pages\/21970","targetHints":{"allow":["GET"]}}],"collection":[{"href":"https:\/\/www.soleum.de\/hu\/wp-json\/wp\/v2\/pages"}],"about":[{"href":"https:\/\/www.soleum.de\/hu\/wp-json\/wp\/v2\/types\/page"}],"author":[{"embeddable":true,"href":"https:\/\/www.soleum.de\/hu\/wp-json\/wp\/v2\/users\/1"}],"replies":[{"embeddable":true,"href":"https:\/\/www.soleum.de\/hu\/wp-json\/wp\/v2\/comments?post=21970"}],"version-history":[{"count":0,"href":"https:\/\/www.soleum.de\/hu\/wp-json\/wp\/v2\/pages\/21970\/revisions"}],"wp:attachment":[{"href":"https:\/\/www.soleum.de\/hu\/wp-json\/wp\/v2\/media?parent=21970"}],"curies":[{"name":"wp","href":"https:\/\/api.w.org\/{rel}","templated":true}]}}