{"id":29308,"date":"2016-10-02T19:12:28","date_gmt":"2016-10-02T17:12:28","guid":{"rendered":"https:\/\/www.soleum.de\/shop\/nem-kategorizalt\/sos-para-koedkepzes-gozfuerdohoez\/"},"modified":"2024-02-23T16:31:29","modified_gmt":"2024-02-23T15:31:29","slug":"sos-para-koedkepzes-gozfuerdohoez","status":"publish","type":"product","link":"https:\/\/www.soleum.de\/hu\/shop\/gozfuerdo-technologia\/sos-para-koedkepzes-gozfuerdohoez\/","title":{"rendered":"S\u00f3s p\u00e1ra k\u00f6dk\u00e9pz\u00e9s g\u0151zf\u00fcrd\u0151h\u00f6z"},"content":{"rendered":"<section id=\"pd-left\">\n<figure id=\"pd-gallery-small\" class=\"smart-gallery\" data-id=\"76\">\n<div class=\"sg-image-wrapper\">\n<h1 class=\"sg-image\"><span id=\"product_name\">Szeretne venni egy s\u00f3oldatos k\u00f6dk\u00e9pz\u0151t g\u0151zf\u00fcrd\u0151h\u00f6z?  <\/span><\/h1>\n<div class=\"sg-image\"><span id=\"product_name\">Akkor van a megfelel\u0151 <span style=\"color: #0000ff;\">INTENZ\u00cdV term\u00e9k\u00fcnk<\/span> az \u00d6n sz\u00e1m\u00e1ra! <\/span><span id=\"product_name\">A mi s\u00f3let-k\u00f6d\u00f6s\u00edt\u0151 rendszer\u00fcnk nem csak s\u00f3letoldatot, hanem k\u00fcl\u00f6nb\u00f6z\u0151 teafajt\u00e1kat is k\u00f6d\u00f6s\u00edt!<\/span><\/div>\n<p><iframe loading=\"lazy\" src=\"https:\/\/www.youtube.com\/embed\/98aPwzbqq6Q?rel=0\" width=\"640\" height=\"360\" frameborder=\"0\" allowfullscreen=\"allowfullscreen\"><\/iframe><br \/>\n<iframe loading=\"lazy\" src=\"https:\/\/www.youtube.com\/embed\/JVefCVRF-X8?rel=0\" width=\"640\" height=\"360\" frameborder=\"0\" allowfullscreen=\"allowfullscreen\"><\/iframe><br \/>\nA k\u00f6vetkez\u0151 vide\u00f3n a SOLEUM GmbH intenz\u00edv s\u00f3oldat-k\u00f6dk\u00e9pz\u00e9s\u00e9t l\u00e1thatja. <span style=\"font-size: 160%;\">N\u00e9zze meg, milyen gyorsan (1 perct\u0151l!<\/span> ) alakul ki extr\u00e9m s\u00f3s p\u00e1ra az eg\u00e9sz g\u0151zf\u00fcrd\u0151ben.<\/p>\n<p><strong>K\u00f6r\u00fclbel\u00fcl 3 perc<\/strong> alatt az eg\u00e9sz g\u0151zf\u00fcrd\u0151t a legfinomabb s\u00f3s p\u00e1ra bor\u00edtja be. A rozsdamentes ac\u00e9ltart\u00e1lyba 1 liter s\u00f3s oldat (1-3%) vagy tea f\u00e9r. A s\u00f3t is hozz\u00e1adhatod a te\u00e1hoz, \u00e9s \u00edgy mindkett\u0151t elporlasztod!<br \/>\n<iframe loading=\"lazy\" src=\"https:\/\/www.youtube.com\/embed\/zGBd8YDn4jQ?rel=0\" width=\"640\" height=\"360\" frameborder=\"0\" allowfullscreen=\"allowfullscreen\"><\/iframe><\/p>\n<div class=\"sg-image\"><\/div>\n<\/div>\n<\/figure>\n<\/section>\n<section id=\"pd-right\">\n<h2 class=\"page-title al page-title-larger\"><span id=\"product_name\">Ez azt jelenti, hogy a g\u0151zf\u00fcrd\u0151kh\u00f6z haszn\u00e1lt s\u00f3sav-k\u00f6d\u00f6s\u00edt\u00e9s\u00fcnk g\u0151zf\u00fcrd\u0151 vagy g\u0151zf\u00fcrd\u0151 teainhal\u00e1ci\u00f3s technikak\u00e9nt is haszn\u00e1lhat\u00f3.<br \/>\n<\/span><\/h2>\n<h2><span style=\"font-size: large;\">M\u00e1r van g\u0151zf\u00fcrd\u0151je vagy g\u0151zf\u00fcrd\u0151je, \u00e9s nem szeretn\u00e9 kihagyni a s\u00f3s v\u00edzk\u00f6d el\u0151nyeit? Ezzel a nagy teljes\u00edtm\u00e9ny\u0171 porlaszt\u00f3val g\u0151zf\u00fcrd\u0151j\u00e9t &#8222;s\u00f3s g\u0151zf\u00fcrd\u0151v\u00e9&#8221; vagy SOLEUM-\u00e1 fejlesztheti &#8211; mindig olvas a s\u00f3s g\u0151zf\u00fcrd\u0151kr\u0151l, de term\u00e9szetesen a s\u00f3s g\u0151z nem sz\u00e1ll\u00edthat\u00f3 a g\u0151zzel, hanem csak &#8222;porlasztva&#8221; vagy &#8222;porlasztva&#8221;.<br \/>\n<\/span><\/h2>\n<p>Egyszer\u0171en rendelje meg itt a <b>SOLE nebuliz\u00e1ci\u00f3hoz val\u00f3 ut\u00f3lagos felszerel\u00e9si k\u00e9szlet\u00fcnket, \u00e9s tegyen valami j\u00f3t az eg\u00e9szs\u00e9g\u00e9\u00e9rt <\/b>!  <\/p>\n<p>Ha azonban van egy<b> <\/b><span id=\"product_name\">s\u00f3oldatos inhal\u00e1ci\u00f3s technik\u00e1t szeretne v\u00e1s\u00e1rolni Teh\u00e1t t\u00e1j\u00e9koz\u00f3djon j\u00f3l a technik\u00e1r\u00f3l. L\u00e9tezik s\u00f3oldatos k\u00f6dk\u00e9pz\u00e9s ultrahangos k\u00f6dk\u00e9pz\u0151vel (alacsony finoms\u00e1g\u00fa k\u00f6d, a k\u00f6dt\u00e1lhoz hasonl\u00f3 rendszer) vagy s\u0171r\u00edtett leveg\u0151vel m\u0171k\u00f6d\u0151 s\u00f3oldatos k\u00f6dk\u00e9pz\u0151 rendszer\u00fcnk (nagyon intenz\u00edv!!). Egy eg\u00e9sz liter k\u00f6d\u00f6s\u00edt kb. 20 perc alatt!!! \u00e9s m\u00e1r nem lehet belel\u00e1tni a g\u0151zf\u00fcrd\u0151be!!!).  <\/span><\/p>\n<p><span id=\"product_name\"><strong>Cs\u00edramentes rendszer\u00fcnk<\/strong> olyan intenz\u00edv, hogy NEM ALKALMAZHAT\u00d3 infrav\u00f6r\u00f6s kabinokba \u00e9s szaun\u00e1kba (erre nem v\u00e1llalunk garanci\u00e1t). HOGYAN, a mi s\u00f3let-inhal\u00e1ci\u00f3s technol\u00f3gi\u00e1nk ide\u00e1lisan alkalmas g\u0151zf\u00fcrd\u0151kh\u00f6z \u00e9s g\u0151zzuhanyokhoz.<br \/>\n<\/span><\/p>\n<h2 class=\"page-title al page-title-larger\"><span id=\"product_name\">S\u00f3sav-k\u00f6dk\u00e9pz\u00e9si technol\u00f3gia <\/span><b>v\u00e1s\u00e1rl\u00e1s: R\u00f6vid le\u00edr\u00e1s<br \/>\n<\/b><\/h2>\n<p>K\u00fcl\u00f6nlegess\u00e9ge a <u>s\u00f3s p\u00e1ra (vagy teap\u00e1ra<\/u>) el\u0151\u00e1ll\u00edt\u00e1sa. Alternat\u00edvak\u00e9nt a gy\u00f3gyszert\u00e1rb\u00f3l sz\u00e1rmaz\u00f3 gy\u00f3gyte\u00e1kat is el lehet porlasztani, ami a term\u00e9k \u00fajdons\u00e1g\u00e1t egy nagyon priv\u00e1t inhal\u00e1ci\u00f3s kabinett\u00e9 fejleszti.<br \/>\nA p\u00e1r\u00e1s s\u00f3s v\u00edz nem csak a l\u00e9gz\u00e9snek tesz j\u00f3t. A b\u0151r\u00f6n l\u00e9v\u0151 s\u00f3 fokozza az izzad\u00e1st \u00e9s a tisztul\u00e1st. A b\u0151r val\u00f3ban megtisztul a p\u00f3rusok m\u00e9ly\u00e9ig, \u00e1pol, \u00e9s a kicsap\u00f3dott s\u00f3 rendk\u00edv\u00fcl pozit\u00edv hat\u00e1ssal van a probl\u00e9m\u00e1s b\u0151rre.<br \/>\nUgyanakkor term\u00e9szetes v\u00e9delmet k\u00e9pez \u00e9s t\u00e1mogatja a b\u0151r savk\u00f6peny\u00e9t.<\/p>\n<p><strong><br \/>\n  <u>Sz\u00e1ll\u00edt\u00e1si terjedelem:<\/u><br \/>\n<\/strong> (s\u00f3oldatos k\u00f6dk\u00e9pz\u0151 g\u0151zf\u00fcrd\u0151h\u00f6z), k\u00f6dk\u00e9pz\u0151 f\u00fav\u00f3ka, 5 m-es k\u00e9k l\u00e9gt\u00f6ml\u0151, rozsdamentes ac\u00e9l tart\u00e1ly, vez\u00e9rl\u00e9s n\u00e9lk\u00fcl (pl. saj\u00e1t kapcsol\u00f3 haszn\u00e1lata).<\/p>\n<p>Az \u00f6sszeszerel\u00e9s egyszer\u0171! Elvileg egy &#8222;kapcsolt&#8221; aljzatot k\u00e9sz\u00edthet (pl. a kabin el\u0151tt l\u00e9v\u0151 villanykapcsol\u00f3n kereszt\u00fcl).<br \/>\nAz elektromos csatlakoztat\u00e1st enged\u00e9llyel rendelkez\u0151 villanyszerel\u0151nek kell elv\u00e9geznie.<\/p>\n<p>Ha k\u00e9s\u0151bb szeretn\u00e9 ut\u00f3lagosan felszerelni az inhal\u00e1ci\u00f3s technol\u00f3gi\u00e1t, ez nagyon egyszer\u0171! Ez csak n\u00e9h\u00e1ny l\u00e9p\u00e9s:<\/p>\n<p>Mind\u00f6ssze annyit kell tennie:<br \/>\n1.) F\u00farjon egy 25 mm-es lyukat a mennyezetbe (ide ker\u00fcl k\u00e9s\u0151bb a porlaszt\u00f3 f\u00fav\u00f3ka &#8211; l\u00e1sd az al\u00e1bbi k\u00e9pet).<br \/>\n2) Szerelje fel a falra a s\u00f3savtart\u00e1ly tart\u00f3elem\u00e9t (nem tartozik a sz\u00e1ll\u00edt\u00e1si terjedelemhez, pl. \u00fcveg talapzat).<br \/>\n4) Csatlakoztassa a k\u00f6dk\u00e9pz\u0151 egys\u00e9get a k\u00f6dk\u00e9pz\u0151 f\u00fav\u00f3k\u00e1hoz a mell\u00e9kelt l\u00e9gt\u00f6ml\u0151vel.<br \/>\n5.) Szilikonozza a f\u00fav\u00f3k\u00e1t a mennyezethez.<\/p>\n<p>A k\u00f6dkompresszor 10 m t\u00e1vols\u00e1gra is elhelyezhet\u0151. A mell\u00e9kelt l\u00e9gt\u00f6ml\u0151 hossza 5 m. Ha hosszabb sorra van sz\u00fcks\u00e9ge, k\u00e9rj\u00fck, rendel\u00e9skor jelezze nek\u00fcnk!<\/p>\n<p><strong>Ez vagy be- vagy kikapcsolhat\u00f3:<\/strong><\/p>\n<ul>\n<li style=\"list-style-type: none;\">\n<ul>\n<li>r\u00e1di\u00f3 csatlakoz\u00f3val<\/li>\n<li>norm\u00e1l be-\/kikapcsol\u00f3val a f\u00fclke el\u0151tt (nem tartoz\u00e9k)<\/li>\n<li>rozsdamentes ac\u00e9l kapcsol\u00f3val \u00e9s 12V-os rel\u00e9vel a kabinban (fel\u00e1r ellen\u00e9ben)<\/li>\n<\/ul>\n<\/li>\n<\/ul>\n<p>A kompresszort villanyszerel\u0151nek kell csatlakoztatnia.<\/p>\n<\/section>\n<h2>A s\u00f3oldat porlaszt\u00e1si technik\u00e1t csod\u00e1latosan lehet haszn\u00e1lni a lovak s\u00f3oldat inhal\u00e1l\u00e1s\u00e1ra is!<\/h2>\n\n  \n    <div class=\"row large-columns-2 medium-columns-1 small-columns-1 row-full-width\" >\n  <div class=\"col post-item\" >\n\t\t\t<div class=\"col-inner\">\n\t\t\t\t<div class=\"box box-normal box-text-bottom box-blog-post has-hover\">\n            \t\t\t\t\t<div class=\"box-image\" >\n  \t\t\t\t\t\t<div class=\"image-cover\" style=\"padding-top:56.25%;\">\n\t\t\t\t\t\t\t<a href=\"https:\/\/www.soleum.de\/hu\/sosav-belegzes-lo-lo-belegzes\/\" class=\"plain\" aria-label=\"S\u00f3sav bel\u00e9gz\u00e9s L\u00f3 &#8211; L\u00f3 bel\u00e9gz\u00e9s\">\n\t\t\t\t\t\t\t\t<img loading=\"lazy\" decoding=\"async\" width=\"298\" height=\"400\" src=\"https:\/\/www.soleum.de\/wp-content\/uploads\/2018\/07\/Sole-Inhalation-Pferd-298x400.jpg\" class=\"attachment-medium size-medium wp-post-image\" alt=\"\" srcset=\"https:\/\/www.soleum.de\/wp-content\/uploads\/2018\/07\/Sole-Inhalation-Pferd-298x400.jpg 298w, https:\/\/www.soleum.de\/wp-content\/uploads\/2018\/07\/Sole-Inhalation-Pferd-510x684.jpg 510w, https:\/\/www.soleum.de\/wp-content\/uploads\/2018\/07\/Sole-Inhalation-Pferd.jpg 594w\" sizes=\"auto, (max-width: 298px) 100vw, 298px\" \/>\t\t\t\t\t\t\t<\/a>\n  \t\t\t\t\t\t\t  \t\t\t\t\t\t\t  \t\t\t\t\t\t<\/div>\n  \t\t\t\t\t\t  \t\t\t\t\t<\/div>\n          \t\t\t\t\t<div class=\"box-text text-center\" >\n\t\t\t\t\t<div class=\"box-text-inner blog-post-inner\">\n\n\t\t\t\t\t\n\t\t\t\t\t\t\t\t\t\t<h5 class=\"post-title is-large \">\n\t\t\t\t\t\t<a href=\"https:\/\/www.soleum.de\/hu\/sosav-belegzes-lo-lo-belegzes\/\" class=\"plain\">S\u00f3sav bel\u00e9gz\u00e9s L\u00f3 &#8211; L\u00f3 bel\u00e9gz\u00e9s<\/a>\n\t\t\t\t\t<\/h5>\n\t\t\t\t\t\t\t\t\t\t<div class=\"is-divider\"><\/div>\n\t\t\t\t\t\t\t\t\t\t<p class=\"from_the_blog_excerpt \">\n\t\t\t\t\t\tS\u00f3sav inhal\u00e1ci\u00f3s l\u00f3 &#8211; a Soleum GmbH s\u00f3sav porlaszt\u00f3j\u00e1val L\u00f3 inhal\u00e1l\u00e1sa s\u00f3s l\u00e9vel l\u00e9gz\u0151szervi probl\u00e9m\u00e1kra [...]\t\t\t\t\t<\/p>\n\t\t\t\t\t                    \n\t\t\t\t\t\n\t\t\t\t\t\n\t\t\t\t\t<\/div>\n\t\t\t\t\t<\/div>\n\t\t\t\t\t\t\t\t\t\t\t\t\t\t\t\t<div class=\"badge absolute top post-date badge-outline\">\n\t\t\t\t\t\t\t<div class=\"badge-inner\">\n\t\t\t\t\t\t\t\t<span class=\"post-date-day\">31<\/span><br>\n\t\t\t\t\t\t\t\t<span class=\"post-date-month is-xsmall\">j\u00fal<\/span>\n\t\t\t\t\t\t\t<\/div>\n\t\t\t\t\t\t<\/div>\n\t\t\t\t\t\t\t\t\t<\/div>\n\t\t\t<\/div>\n\t\t<\/div><\/div>\n","protected":false},"excerpt":{"rendered":"<p><span id=\"product_name\">A g\u0151zf\u00fcrd\u0151kh\u00f6z \u00e9s g\u0151zzuhanyokhoz val\u00f3 s\u00f3oldat-k\u00f6d\u00f6s\u00edt\u0151 (inhal\u00e1ci\u00f3s) rendszer\u00fcnkkel s\u00f3oldatot \u00e9s k\u00fcl\u00f6nb\u00f6z\u0151 gy\u00f3gyte\u00e1kat is k\u00f6d\u00f6s\u00edthet. <\/span>Ez g\u0151zf\u00fcrd\u0151j\u00e9t vagy g\u0151zzuhany\u00e1t egy nagyon priv\u00e1t inhal\u00e1ci\u00f3s kabinra fejleszti &#8211; a mi\u00e9nk a leger\u0151sebb s\u00f3savk\u00f6d\u00f6s\u00edt\u0151 rendszer g\u0151zf\u00fcrd\u0151kh\u00f6z!<\/p>\n","protected":false},"featured_media":10480,"template":"","meta":[],"product_brand":[],"product_cat":[3587,3590],"product_tag":[3627,3594,3622,3629,3596,3597,3615,3636,3618,3619,3601,3603,3634,3607,3612,3609,3599,3605,3623,3621,3625,3620],"class_list":{"0":"post-29308","1":"product","2":"type-product","3":"status-publish","4":"has-post-thumbnail","6":"product_cat-gozfuerdo-technologia","7":"product_cat-sos-para-koedkepzodes","8":"product_tag-belegzes-lo","9":"product_tag-belelegezni","10":"product_tag-belelegezni-a-gozfuerdoben","11":"product_tag-lo-belelegzese","12":"product_tag-so-belelegzese","13":"product_tag-soinhalacios-technika","14":"product_tag-solegenerator-hu","15":"product_tag-solenebler-hu","16":"product_tag-sos-gozfuerdo","17":"product_tag-sos-gozfuerdok","18":"product_tag-sos-koedkepzodes","19":"product_tag-sos-lelegeztetesi-technika","20":"product_tag-sos-lugos-terapia","21":"product_tag-sos-para","22":"product_tag-sos-para-koedkepzes-gozfuerdohoez","23":"product_tag-sos-para-koedkepzodes","24":"product_tag-sos-permet","25":"product_tag-sosav-belelegzese","26":"product_tag-sosav-inhalalas-lovak-szamara","27":"product_tag-sosav-kompresszor","28":"product_tag-sosav-porlasztasi-technologia","29":"product_tag-sosfuerdo","30":"product_shipping_class-csomag-5-10kg","32":"first","33":"instock","34":"taxable","35":"shipping-taxable","36":"purchasable","37":"product-type-simple"},"_links":{"self":[{"href":"https:\/\/www.soleum.de\/hu\/wp-json\/wp\/v2\/product\/29308","targetHints":{"allow":["GET"]}}],"collection":[{"href":"https:\/\/www.soleum.de\/hu\/wp-json\/wp\/v2\/product"}],"about":[{"href":"https:\/\/www.soleum.de\/hu\/wp-json\/wp\/v2\/types\/product"}],"wp:featuredmedia":[{"embeddable":true,"href":"https:\/\/www.soleum.de\/hu\/wp-json\/wp\/v2\/media\/10480"}],"wp:attachment":[{"href":"https:\/\/www.soleum.de\/hu\/wp-json\/wp\/v2\/media?parent=29308"}],"wp:term":[{"taxonomy":"product_brand","embeddable":true,"href":"https:\/\/www.soleum.de\/hu\/wp-json\/wp\/v2\/product_brand?post=29308"},{"taxonomy":"product_cat","embeddable":true,"href":"https:\/\/www.soleum.de\/hu\/wp-json\/wp\/v2\/product_cat?post=29308"},{"taxonomy":"product_tag","embeddable":true,"href":"https:\/\/www.soleum.de\/hu\/wp-json\/wp\/v2\/product_tag?post=29308"}],"curies":[{"name":"wp","href":"https:\/\/api.w.org\/{rel}","templated":true}]}}