{"id":29325,"date":"2016-07-06T10:47:24","date_gmt":"2016-07-06T08:47:24","guid":{"rendered":"https:\/\/www.soleum.de\/shop\/nem-kategorizalt\/t-darab-illatanyag-befecskendezeshez\/"},"modified":"2024-02-23T16:31:55","modified_gmt":"2024-02-23T15:31:55","slug":"t-darab-illatszer-bevezetes-a-gozcsobe","status":"publish","type":"product","link":"https:\/\/www.soleum.de\/hu\/shop\/gozfuerdo-technologia\/t-darab-illatszer-bevezetes-a-gozcsobe\/","title":{"rendered":"T-darab illatanyag befecskendez\u00e9shez"},"content":{"rendered":"<p>T-darab illatanyag befecskendez\u00e9s\u00e9hez a <strong>g\u0151zvezet\u00e9kbe<\/strong>, illatanyag emulzi\u00f3k sz\u00e1ll\u00edt\u00e1s\u00e1ra. Ez a k\u00e9szlet alkalmas g\u0151zfejleszt\u0151inkhez, mivel k\u00f6zvetlen\u00fcl a g\u0151zhengerre szerelhet\u0151. \u00cdgy a g\u0151zt\u00f6ml\u0151ben \u00fcl, \u00e9s \u00f6sszeszerel\u00e9skor FELSZERELHETETLEN!<br \/>\nAz alkalmazott t\u00f6m\u00edt\u00e9sek 100 \u00b0C feletti h\u0151m\u00e9rs\u00e9kletet is kib\u00edrnak.<\/p>\n","protected":false},"excerpt":{"rendered":"<p>T-darab 3\/4&#8243; &#8211; 3\/4&#8243; , k\u00f6z\u00e9pen 1\/2&#8243; csatlakoz\u00e1ssal, m\u0171anyag mellbimb\u00f3val (1\/2&#8243; k\u00fcls\u0151 menet) az illatanyag g\u0151zvezet\u00e9kbe t\u00f6rt\u00e9n\u0151 bevezet\u00e9s\u00e9hez.<\/p>\n","protected":false},"featured_media":17809,"template":"","meta":[],"product_brand":[],"product_cat":[3587],"product_tag":[3689,3698,3695,3686,3692],"class_list":{"0":"post-29325","1":"product","2":"type-product","3":"status-publish","4":"has-post-thumbnail","6":"product_cat-gozfuerdo-technologia","7":"product_tag-csatlakozo-gozcsohoez","8":"product_tag-illat-beillesztes","9":"product_tag-illatanyag-injekcio","10":"product_tag-t-darab","11":"product_tag-t-darab-illatanyag-befecskendezeshez","13":"first","14":"instock","15":"sold-individually","16":"taxable","17":"shipping-taxable","18":"purchasable","19":"product-type-simple"},"_links":{"self":[{"href":"https:\/\/www.soleum.de\/hu\/wp-json\/wp\/v2\/product\/29325","targetHints":{"allow":["GET"]}}],"collection":[{"href":"https:\/\/www.soleum.de\/hu\/wp-json\/wp\/v2\/product"}],"about":[{"href":"https:\/\/www.soleum.de\/hu\/wp-json\/wp\/v2\/types\/product"}],"wp:featuredmedia":[{"embeddable":true,"href":"https:\/\/www.soleum.de\/hu\/wp-json\/wp\/v2\/media\/17809"}],"wp:attachment":[{"href":"https:\/\/www.soleum.de\/hu\/wp-json\/wp\/v2\/media?parent=29325"}],"wp:term":[{"taxonomy":"product_brand","embeddable":true,"href":"https:\/\/www.soleum.de\/hu\/wp-json\/wp\/v2\/product_brand?post=29325"},{"taxonomy":"product_cat","embeddable":true,"href":"https:\/\/www.soleum.de\/hu\/wp-json\/wp\/v2\/product_cat?post=29325"},{"taxonomy":"product_tag","embeddable":true,"href":"https:\/\/www.soleum.de\/hu\/wp-json\/wp\/v2\/product_tag?post=29325"}],"curies":[{"name":"wp","href":"https:\/\/api.w.org\/{rel}","templated":true}]}}