{"id":29352,"date":"2016-07-06T10:47:34","date_gmt":"2016-07-06T08:47:34","guid":{"rendered":"https:\/\/www.soleum.de\/shop\/nem-kategorizalt\/eps-bol-keszuelt-kerek-zuhany\/"},"modified":"2024-02-23T16:40:31","modified_gmt":"2024-02-23T15:40:31","slug":"round-shower-out-eps","status":"publish","type":"product","link":"https:\/\/www.soleum.de\/hu\/shop\/kerek-zuhanyzo\/round-shower-out-eps\/","title":{"rendered":"EPS-b\u0151l k\u00e9sz\u00fclt kerek zuhany"},"content":{"rendered":"<div class=\"module-wrapper no-cnt mod-product-longdesc\">\n<p>EPS-b\u0151l (nem XPS) k\u00e9sz\u00fclt kerek zuhanyz\u00f3, Ezekkel az EPS-b\u0151l k\u00e9sz\u00fclt \u00f6nt\u00f6tt alkatr\u00e9szekkel \u00d6n is \u00e9p\u00edthet mag\u00e1nak egy kerek zuhanyz\u00f3t!<br \/>\n\u00c1tm\u00e9r\u0151 = 100cm bel\u00fcl<\/p>\n<p>nyelv \u00e9s horony rendszerrel<br \/>\nFalvastags\u00e1g 10cm<\/p>\n<p>2 darab 240cm magass\u00e1gig<\/p>\n<\/div>\n","protected":false},"excerpt":{"rendered":"<p>EPS-b\u0151l k\u00e9sz\u00fclt kerek zuhany. \u00c1tm\u00e9r\u0151 = 100cm bel\u00fcl<\/p>\n<p>Ezt a kerek zuhanyk\u00e9szletet sz\u00e1ll\u00edtm\u00e1nyoz\u00f3val sz\u00e1ll\u00edtjuk!<\/p>\n","protected":false},"featured_media":10662,"template":"","meta":[],"product_brand":[],"product_cat":[3844],"product_tag":[3851,3848,3853,3846],"class_list":{"0":"post-29352","1":"product","2":"type-product","3":"status-publish","4":"has-post-thumbnail","6":"product_cat-kerek-zuhanyzo","7":"product_tag-epitse-meg-sajat-kerek-zuhanyzojat","8":"product_tag-eps-bol-keszuelt-kerek-zuhany","9":"product_tag-kerek-zuhanykeszlet","10":"product_tag-kerek-zuhanyzo","11":"product_shipping_class-oemlesztett-aruk","13":"first","14":"instock","15":"sold-individually","16":"purchasable","17":"product-type-simple"},"_links":{"self":[{"href":"https:\/\/www.soleum.de\/hu\/wp-json\/wp\/v2\/product\/29352","targetHints":{"allow":["GET"]}}],"collection":[{"href":"https:\/\/www.soleum.de\/hu\/wp-json\/wp\/v2\/product"}],"about":[{"href":"https:\/\/www.soleum.de\/hu\/wp-json\/wp\/v2\/types\/product"}],"wp:featuredmedia":[{"embeddable":true,"href":"https:\/\/www.soleum.de\/hu\/wp-json\/wp\/v2\/media\/10662"}],"wp:attachment":[{"href":"https:\/\/www.soleum.de\/hu\/wp-json\/wp\/v2\/media?parent=29352"}],"wp:term":[{"taxonomy":"product_brand","embeddable":true,"href":"https:\/\/www.soleum.de\/hu\/wp-json\/wp\/v2\/product_brand?post=29352"},{"taxonomy":"product_cat","embeddable":true,"href":"https:\/\/www.soleum.de\/hu\/wp-json\/wp\/v2\/product_cat?post=29352"},{"taxonomy":"product_tag","embeddable":true,"href":"https:\/\/www.soleum.de\/hu\/wp-json\/wp\/v2\/product_tag?post=29352"}],"curies":[{"name":"wp","href":"https:\/\/api.w.org\/{rel}","templated":true}]}}