{"id":29369,"date":"2016-07-06T10:47:43","date_gmt":"2016-07-06T08:47:43","guid":{"rendered":"https:\/\/www.soleum.de\/shop\/nem-kategorizalt\/epitsd-meg-a-sajat-csiga-zuhanyodat\/"},"modified":"2024-02-23T16:40:31","modified_gmt":"2024-02-23T15:40:31","slug":"csigas-zuhanyzo-epitsd-magad","status":"publish","type":"product","link":"https:\/\/www.soleum.de\/hu\/shop\/csiga-zuhany\/csigas-zuhanyzo-epitsd-magad\/","title":{"rendered":"\u00c9p\u00edtsd meg a saj\u00e1t csiga zuhanyodat"},"content":{"rendered":"<h1>A saj\u00e1t csigab\u00fara \u00e9p\u00edt\u00e9se nagyon egyszer\u0171!<\/h1>\n<p>A csig\u00e1s zuhanyk\u00e9szlet\u00fcnkkel ez gyorsan \u00e9s olcs\u00f3n megoldhat\u00f3!<\/p>\n<p>M\u00e9retek kb. 200\/200cm-ig, magass\u00e1g 240cm-ig &#8211; <strong>Ezen m\u00e9retekig<\/strong> b\u00e1rmilyen m\u00e9retet le tudunk gy\u00e1rtani <strong>ezen az \u00e1ron<\/strong>! K\u00fcldje el nek\u00fcnk terv\u00e9t \u00e9s k\u00edv\u00e1ns\u00e1gait itt.<\/p>\n<p>Egy k\u00e9szlet, amelyet nagyon k\u00f6nny\u0171 a helysz\u00ednen \u00f6sszeragasztani (a p\u00f3rusbetonb\u00f3l k\u00e9sz\u00fclt csavaros zuhanyz\u00f3hoz k\u00e9pest).<\/p>\n<p>A csig\u00e1s zuhanyz\u00f3t azonban minden m\u00e1s elk\u00e9pzelhet\u0151 v\u00e1ltozatban \u00e9s m\u00e9retben is gy\u00e1rtjuk &#8211; k\u00e9rj\u00fck, vegye fel vel\u00fcnk a kapcsolatot.<\/p>\n<p>Az anyag 10 cm vastag EPS, amelyet mindk\u00e9t oldalon h\u00e1l\u00f3val kell ell\u00e1tni.<\/p>\n","protected":false},"excerpt":{"rendered":"<p>EPS-b\u0151l k\u00e9sz\u00fclt csig\u00e1s zuhanyk\u00e9szlet kb. 200\/200cm-ig, magass\u00e1ga 240cm-ig,<\/p>\n<p>A k\u00e9szletet sz\u00e1ll\u00edtm\u00e1nyoz\u00f3val sz\u00e1ll\u00edtjuk!<\/p>\n","protected":false},"featured_media":10648,"template":"","meta":[],"product_brand":[],"product_cat":[3946],"product_tag":[3958,3948,3952,3963,3961,3955],"class_list":{"0":"post-29369","1":"product","2":"type-product","3":"status-publish","4":"has-post-thumbnail","6":"product_cat-csiga-zuhany","7":"product_tag-csavaros-zuhanyzo-porusbeton","8":"product_tag-csiga-kerek-zuhanyzo","9":"product_tag-csiga-zuhany","10":"product_tag-csiga-zuhany-keszlet","11":"product_tag-epitsd-meg-a-sajat-csiga-zuhanyodat","12":"product_tag-eps-csiga-zuhany","13":"product_shipping_class-oemlesztett-aruk","15":"first","16":"instock","17":"sold-individually","18":"purchasable","19":"product-type-simple"},"_links":{"self":[{"href":"https:\/\/www.soleum.de\/hu\/wp-json\/wp\/v2\/product\/29369","targetHints":{"allow":["GET"]}}],"collection":[{"href":"https:\/\/www.soleum.de\/hu\/wp-json\/wp\/v2\/product"}],"about":[{"href":"https:\/\/www.soleum.de\/hu\/wp-json\/wp\/v2\/types\/product"}],"wp:featuredmedia":[{"embeddable":true,"href":"https:\/\/www.soleum.de\/hu\/wp-json\/wp\/v2\/media\/10648"}],"wp:attachment":[{"href":"https:\/\/www.soleum.de\/hu\/wp-json\/wp\/v2\/media?parent=29369"}],"wp:term":[{"taxonomy":"product_brand","embeddable":true,"href":"https:\/\/www.soleum.de\/hu\/wp-json\/wp\/v2\/product_brand?post=29369"},{"taxonomy":"product_cat","embeddable":true,"href":"https:\/\/www.soleum.de\/hu\/wp-json\/wp\/v2\/product_cat?post=29369"},{"taxonomy":"product_tag","embeddable":true,"href":"https:\/\/www.soleum.de\/hu\/wp-json\/wp\/v2\/product_tag?post=29369"}],"curies":[{"name":"wp","href":"https:\/\/api.w.org\/{rel}","templated":true}]}}