{"id":29377,"date":"2016-07-06T10:47:43","date_gmt":"2016-07-06T08:47:43","guid":{"rendered":"https:\/\/www.soleum.de\/shop\/nem-kategorizalt\/gozfuerdo-fuelke\/"},"modified":"2024-02-23T16:40:25","modified_gmt":"2024-02-23T15:40:25","slug":"gozfuerdo-fuelke","status":"publish","type":"product","link":"https:\/\/www.soleum.de\/hu\/shop\/gozfuerdoben-oentoett-alkatreszek\/gozfuerdo-fuelke\/","title":{"rendered":"G\u0151zf\u00fcrd\u0151 f\u00fclke"},"content":{"rendered":"<p>G\u0151zf\u00fcrd\u0151 f\u00fclke g\u0151zf\u00fcrd\u0151h\u00f6z \u00e9s g\u0151zf\u00fcrd\u0151h\u00f6z, a bark\u00e1csol\u00f3k sz\u00e1m\u00e1ra, telep\u00edtse ezt az alkatr\u00e9szt a k\u00edv\u00e1nt magass\u00e1gba.<\/p>\n<p>Sz\u00edvesen seg\u00edt\u00fcnk tippekkel!<\/p>\n<p>&nbsp;<\/p>\n","protected":false},"excerpt":{"rendered":"<p>G\u0151zf\u00fcrd\u0151 \u00e9s g\u0151zf\u00fcrd\u0151, bark\u00e1csol\u00f3k sz\u00e1m\u00e1ra<\/p>\n","protected":false},"featured_media":10613,"template":"","meta":[],"product_brand":[],"product_cat":[4003,4004],"product_tag":[4007,4011,4005,4009],"class_list":{"0":"post-29377","1":"product","2":"type-product","3":"status-publish","4":"has-post-thumbnail","6":"product_cat-gozfuerdoben-oentoett-alkatreszek","7":"product_cat-specialis-formak-eps-bol","8":"product_tag-eps-res","9":"product_tag-eps-res-hu","10":"product_tag-gozfuerdo-fuelke","11":"product_tag-nische-hu","12":"product_shipping_class-csomag-5-10kg","14":"first","15":"instock","16":"sold-individually","17":"purchasable","18":"product-type-simple"},"_links":{"self":[{"href":"https:\/\/www.soleum.de\/hu\/wp-json\/wp\/v2\/product\/29377","targetHints":{"allow":["GET"]}}],"collection":[{"href":"https:\/\/www.soleum.de\/hu\/wp-json\/wp\/v2\/product"}],"about":[{"href":"https:\/\/www.soleum.de\/hu\/wp-json\/wp\/v2\/types\/product"}],"wp:featuredmedia":[{"embeddable":true,"href":"https:\/\/www.soleum.de\/hu\/wp-json\/wp\/v2\/media\/10613"}],"wp:attachment":[{"href":"https:\/\/www.soleum.de\/hu\/wp-json\/wp\/v2\/media?parent=29377"}],"wp:term":[{"taxonomy":"product_brand","embeddable":true,"href":"https:\/\/www.soleum.de\/hu\/wp-json\/wp\/v2\/product_brand?post=29377"},{"taxonomy":"product_cat","embeddable":true,"href":"https:\/\/www.soleum.de\/hu\/wp-json\/wp\/v2\/product_cat?post=29377"},{"taxonomy":"product_tag","embeddable":true,"href":"https:\/\/www.soleum.de\/hu\/wp-json\/wp\/v2\/product_tag?post=29377"}],"curies":[{"name":"wp","href":"https:\/\/api.w.org\/{rel}","templated":true}]}}