{"id":29382,"date":"2016-07-06T10:47:51","date_gmt":"2016-07-06T08:47:51","guid":{"rendered":"https:\/\/www.soleum.de\/shop\/nem-kategorizalt\/steam-platform\/"},"modified":"2024-02-23T16:44:20","modified_gmt":"2024-02-23T15:44:20","slug":"steam-platform","status":"publish","type":"product","link":"https:\/\/www.soleum.de\/hu\/shop\/gozfuerdoben-oentoett-alkatreszek\/steam-platform\/","title":{"rendered":"Steam platform"},"content":{"rendered":"<p>G\u0151zplatform k\u00e9t oldals\u00f3 r\u00e9sszel a h\u00e1moz\u00f3t\u00e1lak t\u00e1rol\u00e1s\u00e1ra szolg\u00e1l\u00f3 t\u00e1lakhoz<\/p>\n<div class=\"slider-wrapper relative\" id=\"slider-2097760686\" >\n    <div class=\"slider slider-nav-circle slider-nav-large slider-nav-light slider-style-normal\"\n        data-flickity-options='{\n            \"cellAlign\": \"center\",\n            \"imagesLoaded\": true,\n            \"lazyLoad\": 1,\n            \"freeScroll\": false,\n            \"wrapAround\": true,\n            \"autoPlay\": 6000,\n            \"pauseAutoPlayOnHover\" : true,\n            \"prevNextButtons\": true,\n            \"contain\" : true,\n            \"adaptiveHeight\" : true,\n            \"dragThreshold\" : 10,\n            \"percentPosition\": true,\n            \"pageDots\": true,\n            \"rightToLeft\": false,\n            \"draggable\": true,\n            \"selectedAttraction\": 0.1,\n            \"parallax\" : 0,\n            \"friction\": 0.6        }'\n        >\n        \n\n  <div class=\"banner has-hover\" id=\"banner-1870100583\">\n          <div class=\"banner-inner fill\">\n        <div class=\"banner-bg fill\" >\n            <img loading=\"lazy\" decoding=\"async\" width=\"800\" height=\"532\" src=\"https:\/\/www.soleum.de\/wp-content\/uploads\/2017\/02\/Dampfpodest-Dampfbad.jpg\" class=\"bg attachment-large size-large\" alt=\"\" \/>                        <div class=\"overlay\"><\/div>            \n                    <\/div>\n\t\t\n        <div class=\"banner-layers container\">\n            <div class=\"fill banner-link\"><\/div>            \n   <div id=\"text-box-1716418779\" class=\"text-box banner-layer x10 md-x10 lg-x10 y50 md-y50 lg-y50 res-text\">\n                                <div class=\"text-box-content text dark\">\n              \n              <div class=\"text-inner text-center\">\n                  \n<h3 class=\"uppercase\">K\u00e9sz g\u0151zplatform<\/h3>\n<p>A g\u0151z alul eltolva j\u00f6n ki, a dekor\u00e1ci\u00f3k fel\u00fcl haszn\u00e1lhat\u00f3k, \u00e9s az oldals\u00f3 r\u00e9szek alkalmasak a h\u00e1moz\u00f3 t\u00e1lakhoz.<\/p>\n              <\/div>\n           <\/div>\n                            \n<style>\n#text-box-1716418779 {\n  width: 60%;\n}\n#text-box-1716418779 .text-box-content {\n  font-size: 100%;\n}\n@media (min-width:550px) {\n  #text-box-1716418779 {\n    width: 40%;\n  }\n}\n<\/style>\n    <\/div>\n \n        <\/div>\n      <\/div>\n\n            \n<style>\n#banner-1870100583 {\n  padding-top: 500px;\n}\n#banner-1870100583 .overlay {\n  background-color: rgba(0, 0, 0, 0.31);\n}\n<\/style>\n  <\/div>\n\n\n     <\/div>\n\n     <div class=\"loading-spin dark large centered\"><\/div>\n\n\t<\/div>\n\n\n","protected":false},"excerpt":{"rendered":"<p>G\u0151zplatform g\u0151zf\u00fcrd\u0151h\u00f6z, g\u0151zkivezet\u0151 ny\u00edl\u00e1ssal (g\u0151zcs\u0151)<\/p>\n","protected":false},"featured_media":10585,"template":"","meta":[],"product_brand":[],"product_cat":[4003,4004],"product_tag":[4030,4034,4032],"class_list":{"0":"post-29382","1":"product","2":"type-product","3":"status-publish","4":"has-post-thumbnail","6":"product_cat-gozfuerdoben-oentoett-alkatreszek","7":"product_cat-specialis-formak-eps-bol","8":"product_tag-gozfuerdo-platform","9":"product_tag-gozoszlop","10":"product_tag-steam-platform","11":"product_shipping_class-csomag-10-31kg","13":"first","14":"instock","15":"sold-individually","16":"taxable","17":"shipping-taxable","18":"purchasable","19":"product-type-simple"},"_links":{"self":[{"href":"https:\/\/www.soleum.de\/hu\/wp-json\/wp\/v2\/product\/29382","targetHints":{"allow":["GET"]}}],"collection":[{"href":"https:\/\/www.soleum.de\/hu\/wp-json\/wp\/v2\/product"}],"about":[{"href":"https:\/\/www.soleum.de\/hu\/wp-json\/wp\/v2\/types\/product"}],"wp:featuredmedia":[{"embeddable":true,"href":"https:\/\/www.soleum.de\/hu\/wp-json\/wp\/v2\/media\/10585"}],"wp:attachment":[{"href":"https:\/\/www.soleum.de\/hu\/wp-json\/wp\/v2\/media?parent=29382"}],"wp:term":[{"taxonomy":"product_brand","embeddable":true,"href":"https:\/\/www.soleum.de\/hu\/wp-json\/wp\/v2\/product_brand?post=29382"},{"taxonomy":"product_cat","embeddable":true,"href":"https:\/\/www.soleum.de\/hu\/wp-json\/wp\/v2\/product_cat?post=29382"},{"taxonomy":"product_tag","embeddable":true,"href":"https:\/\/www.soleum.de\/hu\/wp-json\/wp\/v2\/product_tag?post=29382"}],"curies":[{"name":"wp","href":"https:\/\/api.w.org\/{rel}","templated":true}]}}