{"id":29400,"date":"2016-07-06T10:48:08","date_gmt":"2016-07-06T08:48:08","guid":{"rendered":"https:\/\/www.soleum.de\/shop\/nem-kategorizalt\/futoszonyeg-gozfuerdo-kanapehoz-swing\/"},"modified":"2016-07-06T10:48:08","modified_gmt":"2016-07-06T08:48:08","slug":"futoszonyeg-gozfuerdo-kanapehoz","status":"publish","type":"product","link":"https:\/\/www.soleum.de\/hu\/shop\/gozfuerdo-futoszonyegek\/futoszonyeg-gozfuerdo-kanapehoz\/","title":{"rendered":"F\u0171t\u0151sz\u0151nyeg g\u0151zf\u00fcrd\u0151 kanap\u00e9hoz SWING"},"content":{"rendered":"<p><b><i>M\u0171szaki adatok:  <\/i><\/b><\/p>\n<p>N\u00e9vleges h\u0151m\u00e9rs\u00e9klet: 150\u00b0C<br \/>\nV\u00e9d\u0151int\u00e9zked\u00e9s: RCD v\u00e9delmi \u00e1ramk\u00f6r 30mA-vel<br \/>\nFesz\u00fclts\u00e9g: 230V<br \/>\ntesztelt: VDE (h\u0151szigetel\u0151 s\u00e1v)<br \/>\n<i><b><\/b><\/i><\/p>\n<p><i><b>Kaltenden:<\/b><\/i><\/p>\n<p>Szerkezet f\u0171t\u0151vezet\u0151k\u00e9nt teflon szigetel\u00e9ssel 1,5 vagy 2,5 mm2<br \/>\nHossz: 4m \u00e9s 4m + sz\u0151nyeg hossza<\/p>\n<p><u><br \/>\n  <strong>K\u00f6telez\u0151<\/strong><br \/>\n<\/u> egy elektronikus h\u0151m\u00e9rs\u00e9klet-korl\u00e1toz\u00f3 (f\u0171t\u00e9sszab\u00e1lyoz\u00f3) \u00e9s egy \u00e9rz\u00e9kel\u0151v\u00e9d\u0151 cs\u0151. Ebben a boltban is kaphat\u00f3.<\/p>\n<p><a href=\"https:\/\/www.soleum.de\/?page_id=54\">G\u0151zf\u00fcrd\u0151 nyug\u00e1gy SWING<\/a><\/p>\n","protected":false},"excerpt":{"rendered":"<p>F\u0171t\u0151sz\u0151nyeg g\u0151zf\u00fcrd\u0151 kanap\u00e9hoz SWING 300W\/m2<\/p>\n","protected":false},"featured_media":10557,"template":"","meta":[],"product_brand":[],"product_cat":[3712],"product_tag":[4125,4126,4127,4124],"class_list":{"0":"post-29400","1":"product","2":"type-product","3":"status-publish","4":"has-post-thumbnail","6":"product_cat-gozfuerdo-futoszonyegek","7":"product_tag-futoszonyeg","8":"product_tag-futoszonyeg-gozfuerdo-futes-tepidarium-futes","9":"product_tag-futoszonyeg-gozfuerdo-kanapehoz","10":"product_tag-gozfuerdo-futoszonyeg","11":"product_shipping_class-csomag-5-10kg","13":"first","14":"instock","15":"sold-individually","16":"taxable","17":"shipping-taxable","18":"purchasable","19":"product-type-simple"},"_links":{"self":[{"href":"https:\/\/www.soleum.de\/hu\/wp-json\/wp\/v2\/product\/29400","targetHints":{"allow":["GET"]}}],"collection":[{"href":"https:\/\/www.soleum.de\/hu\/wp-json\/wp\/v2\/product"}],"about":[{"href":"https:\/\/www.soleum.de\/hu\/wp-json\/wp\/v2\/types\/product"}],"wp:featuredmedia":[{"embeddable":true,"href":"https:\/\/www.soleum.de\/hu\/wp-json\/wp\/v2\/media\/10557"}],"wp:attachment":[{"href":"https:\/\/www.soleum.de\/hu\/wp-json\/wp\/v2\/media?parent=29400"}],"wp:term":[{"taxonomy":"product_brand","embeddable":true,"href":"https:\/\/www.soleum.de\/hu\/wp-json\/wp\/v2\/product_brand?post=29400"},{"taxonomy":"product_cat","embeddable":true,"href":"https:\/\/www.soleum.de\/hu\/wp-json\/wp\/v2\/product_cat?post=29400"},{"taxonomy":"product_tag","embeddable":true,"href":"https:\/\/www.soleum.de\/hu\/wp-json\/wp\/v2\/product_tag?post=29400"}],"curies":[{"name":"wp","href":"https:\/\/api.w.org\/{rel}","templated":true}]}}