{"id":29416,"date":"2016-07-06T10:48:08","date_gmt":"2016-07-06T08:48:08","guid":{"rendered":"https:\/\/www.soleum.de\/shop\/nem-kategorizalt\/gozfuerdo-feny-led-meleg-feher\/"},"modified":"2024-02-23T16:41:47","modified_gmt":"2024-02-23T15:41:47","slug":"steam_bath_light_led_warm_feher","status":"publish","type":"product","link":"https:\/\/www.soleum.de\/hu\/shop\/led-lampak\/steam_bath_light_led_warm_feher\/","title":{"rendered":"G\u0151zf\u00fcrd\u0151 f\u00e9ny LED meleg feh\u00e9r"},"content":{"rendered":"<div class=\"module-wrapper no-cnt mod-product-longdesc\">\n<h1>G\u0151zf\u00fcrd\u0151 f\u00e9ny LED meleg feh\u00e9r<\/h1>\n<div>\n<p>G\u0151zf\u00fcrd\u0151 l\u00e1mpa meleg feh\u00e9r LED 1x3W, meleg feh\u00e9r, IP67, 12VDC\/24V DC<\/p>\n<p>&#8211; Alum\u00ednium tok<br \/>\n&#8211; Fed\u00e9l NIRO-b\u00f3l k\u00e9sz\u00fclt<br \/>\n&#8211; HI-Power LED<br \/>\n&#8211; 12 mm-es biztons\u00e1gi \u00fcveg<br \/>\n&#8211; Sug\u00e1rz\u00e1si sz\u00f6g 45<\/p>\n<\/div>\n<div>Energiafogyaszt\u00e1s: 3,3W<br \/>\nS\u00faly: 240g<\/div>\n<div><\/div>\n<div>stabiliz\u00e1lt LED transzform\u00e1tor , 24V DC el\u0151ny\u00f6s, sz\u00fcks\u00e9ges!<\/div>\n<div><\/div>\n<div>\u00c1tm\u00e9r\u0151 rozsdamentes ac\u00e9l ny\u00edl\u00e1s 58mm<\/div>\n<div>\u00c1tm\u00e9r\u0151 szerel\u0151h\u00fcvely 50mm<\/div>\n<div>Be\u00e9p\u00edt\u00e9si m\u00e9lys\u00e9g legal\u00e1bb 100 mm (k\u00e1bellel egy\u00fctt)<\/div>\n<div>Szerel\u0151h\u00fcvely 107mm<\/div>\n<\/div>\n<div><\/div>\n<div>A l\u00e1mpatestnek nincs t\u00f6m\u00edt\u0151gy\u0171r\u0171je, a g\u0151zzuhanyokba \u00e9s g\u0151zf\u00fcrd\u0151kbe mindig kiv\u00e1l\u00f3 min\u0151s\u00e9g\u0171 szilikonnal ragasztj\u00e1k be.<\/div>\n<div class=\"module-wrapper no-cnt mod-product-longdesc\"><\/div>\n","protected":false},"excerpt":{"rendered":"<h1>G\u0151zf\u00fcrd\u0151 f\u00e9ny LED meleg feh\u00e9r, 3W<\/h1>\n<p>1x3W, meleg feh\u00e9r, IP67, 12VDC\/24V DC<\/p>\n","protected":false},"featured_media":10501,"template":"","meta":[],"product_brand":[],"product_cat":[4198],"product_tag":[4200,4201,4205,4199,4204,4202,4203],"class_list":{"0":"post-29416","1":"product","2":"type-product","3":"status-publish","4":"has-post-thumbnail","6":"product_cat-led-lampak","7":"product_tag-gozfuerdo-feny","8":"product_tag-gozfuerdo-feny-hu","9":"product_tag-gozfuerdo-feny-led-meleg-feher","10":"product_tag-gozfuerdo-lampa","11":"product_tag-ip67-led-hu","12":"product_tag-nedvessegallo-lampa","13":"product_tag-nedvessegallo-lampatest","14":"product_shipping_class-csomag-5-10kg","16":"first","17":"instock","18":"sold-individually","19":"taxable","20":"shipping-taxable","21":"purchasable","22":"product-type-simple"},"_links":{"self":[{"href":"https:\/\/www.soleum.de\/hu\/wp-json\/wp\/v2\/product\/29416","targetHints":{"allow":["GET"]}}],"collection":[{"href":"https:\/\/www.soleum.de\/hu\/wp-json\/wp\/v2\/product"}],"about":[{"href":"https:\/\/www.soleum.de\/hu\/wp-json\/wp\/v2\/types\/product"}],"wp:featuredmedia":[{"embeddable":true,"href":"https:\/\/www.soleum.de\/hu\/wp-json\/wp\/v2\/media\/10501"}],"wp:attachment":[{"href":"https:\/\/www.soleum.de\/hu\/wp-json\/wp\/v2\/media?parent=29416"}],"wp:term":[{"taxonomy":"product_brand","embeddable":true,"href":"https:\/\/www.soleum.de\/hu\/wp-json\/wp\/v2\/product_brand?post=29416"},{"taxonomy":"product_cat","embeddable":true,"href":"https:\/\/www.soleum.de\/hu\/wp-json\/wp\/v2\/product_cat?post=29416"},{"taxonomy":"product_tag","embeddable":true,"href":"https:\/\/www.soleum.de\/hu\/wp-json\/wp\/v2\/product_tag?post=29416"}],"curies":[{"name":"wp","href":"https:\/\/api.w.org\/{rel}","templated":true}]}}