{"id":29425,"date":"2016-07-06T10:48:08","date_gmt":"2016-07-06T08:48:08","guid":{"rendered":"https:\/\/www.soleum.de\/shop\/nem-kategorizalt\/sarokueloke-zuhanyzohoz\/"},"modified":"2024-02-23T16:55:30","modified_gmt":"2024-02-23T15:55:30","slug":"sarokueloke-zuhanyzohoz","status":"publish","type":"product","link":"https:\/\/www.soleum.de\/hu\/shop\/gozfuerdo-padok\/sarokueloke-zuhanyzohoz\/","title":{"rendered":"Sarok\u00fcl\u0151ke zuhanyz\u00f3hoz"},"content":{"rendered":"<h1>Zuhanyz\u00f3s sarok\u00fcl\u0151ke &#8211; EPS-b\u0151l k\u00e9sz\u00fclt falakkal<\/h1>\n<p>R30080 EPS-b\u0151l k\u00e9sz\u00fclt h\u00e1ts\u00f3 falakkal, k\u00e9nyelmes R300 R300 sug\u00e1rral<\/p>\n<p>Javasoljuk, hogy ezeket a form\u00e1zott alkatr\u00e9szeket meleg\u00edtse fel! A <a href=\"http:\/\/www.dampfbad.at\/produkt\/heizmatte-fuer-ecksitz-rueckenteil-90cm-breite-rt100x100b90\/\">h\u00e1tt\u00e1ml\u00e1hoz <\/a>egy <a href=\"http:\/\/www.dampfbad.at\/produkt\/heizmatte-fuer-ecksitz-rueckenteil-90cm-breite-rt100x100b90\/\">speci\u00e1lis f\u0171t\u0151sz\u0151nyeg <\/a>\u00e9s egy <a href=\"http:\/\/www.dampfbad.at\/produkt\/heizmatte-fuer-ecksitz\/\">f\u0171t\u0151sz\u0151nyeg a sarok\u00fcl\u00e9shez <\/a>.  <\/p>\n<p>Az EPS-modulokat el\u0151zetesen be kell h\u00e1l\u00f3zni (textil\u00fcveg r\u00e1cs), le kell z\u00e1rni, majd csemp\u00e9zni kell,<\/p>\n<h2>M\u00e9retek:<\/h2>\n<p>\u00dcl\u00e9sm\u00e9lys\u00e9g kb40cm a h\u00e1tt\u00e1ml\u00e1ig, 300 cm-es sug\u00e1rral<\/p>\n<p>L\u00e1bhossz 80cm \/ 80cm<\/p>\n<p>\u00c1tl\u00f3s el\u00f6l 116cm<\/p>\n<p>&nbsp;<\/p>\n","protected":false},"excerpt":{"rendered":"<p>G\u0151zf\u00fcrd\u0151 pad &#8222;sarok\u00fcl\u00e9s&#8221; &#8211; EPS modulok kerek h\u00e1tt\u00e1ml\u00e1val \u00e9s sarok\u00fcl\u00e9ssel<\/p>\n","protected":false},"featured_media":10536,"template":"","meta":[],"product_brand":[],"product_cat":[3771,4003],"product_tag":[4250,4258,3776,4248,4255,4252,3777,3779],"class_list":{"0":"post-29425","1":"product","2":"type-product","3":"status-publish","4":"has-post-thumbnail","6":"product_cat-gozfuerdo-padok","7":"product_cat-gozfuerdoben-oentoett-alkatreszek","8":"product_tag-akadalymentes-zuhanyzo","9":"product_tag-eps-ueles","10":"product_tag-gozfuerdo-pad-hu","11":"product_tag-sarokueles","12":"product_tag-sarokueloke-zuhanyzohoz","13":"product_tag-zuhany-elemek","14":"product_tag-zuhanypad","15":"product_tag-zuhanyzoszek","16":"product_shipping_class-oemlesztett-aruk","18":"first","19":"instock","20":"sold-individually","21":"taxable","22":"shipping-taxable","23":"purchasable","24":"product-type-simple"},"_links":{"self":[{"href":"https:\/\/www.soleum.de\/hu\/wp-json\/wp\/v2\/product\/29425","targetHints":{"allow":["GET"]}}],"collection":[{"href":"https:\/\/www.soleum.de\/hu\/wp-json\/wp\/v2\/product"}],"about":[{"href":"https:\/\/www.soleum.de\/hu\/wp-json\/wp\/v2\/types\/product"}],"wp:featuredmedia":[{"embeddable":true,"href":"https:\/\/www.soleum.de\/hu\/wp-json\/wp\/v2\/media\/10536"}],"wp:attachment":[{"href":"https:\/\/www.soleum.de\/hu\/wp-json\/wp\/v2\/media?parent=29425"}],"wp:term":[{"taxonomy":"product_brand","embeddable":true,"href":"https:\/\/www.soleum.de\/hu\/wp-json\/wp\/v2\/product_brand?post=29425"},{"taxonomy":"product_cat","embeddable":true,"href":"https:\/\/www.soleum.de\/hu\/wp-json\/wp\/v2\/product_cat?post=29425"},{"taxonomy":"product_tag","embeddable":true,"href":"https:\/\/www.soleum.de\/hu\/wp-json\/wp\/v2\/product_tag?post=29425"}],"curies":[{"name":"wp","href":"https:\/\/api.w.org\/{rel}","templated":true}]}}