{"id":29441,"date":"2016-07-06T10:48:08","date_gmt":"2016-07-06T08:48:08","guid":{"rendered":"https:\/\/www.soleum.de\/shop\/nem-kategorizalt\/sarok-zuhanyzoszek\/"},"modified":"2024-02-23T16:41:45","modified_gmt":"2024-02-23T15:41:45","slug":"zuhanyzoueles-sarokueles","status":"publish","type":"product","link":"https:\/\/www.soleum.de\/hu\/shop\/gozfuerdo-padok\/zuhanyzoueles-sarokueles\/","title":{"rendered":"Sarok zuhanyz\u00f3sz\u00e9k"},"content":{"rendered":"<div>EPS &#8222;Corner seat&#8221; EPS &#8222;Corner seat&#8221; R300S80 sarokzuhanyz\u00f3 csemp\u00e9z\u00e9shez<\/div>\n<ul>\n<li>unnetted<\/li>\n<li>feloldva<\/li>\n<li>Sz\u00edn: sz\u00fcrke<\/li>\n<\/ul>\n<div>\n<div>\n<div><u>MEGJEGYZ\u00c9S:<\/u><\/div>\n<div>Javasoljuk, hogy <u>f\u0171tse<\/u> a zuhanyz\u00f3 \u00fcl\u0151k\u00e9j\u00e9t, \u00e9s \u00e1ltal\u00e1ban a fal azon r\u00e9szeit is, ahol t\u00e1maszkodik, valamint a padl\u00f3t!<\/div>\n<div>A <a href=\"http:\/\/www.dampfbad.at\/produkt\/heizmatte-fuer-ecksitz\/\">zuhany\u00fcl\u00e9shez<\/a> szem\u00e9lyre szabott <a href=\"http:\/\/www.dampfbad.at\/produkt\/heizmatte-fuer-ecksitz\/\">f\u0171t\u0151sz\u0151nyeg<\/a> is tartozik, amely pontosan illeszkedik az \u00fcl\u00e9smodulhoz.<\/div>\n<div><\/div>\n<div>Ezek a g\u0151zf\u00fcrd\u0151 \u00fcl\u0151keform\u00e1k t\u00f6k\u00e9letesek a csemp\u00e9z\u00e9sre szolg\u00e1l\u00f3 zuhany\u00fcl\u00e9sekhez. A hagyom\u00e1nyos filigr\u00e1n \u00f6sszecsukhat\u00f3 \u00fcl\u00e9sek helyett egy nagyon robusztus zuhanyz\u00f3\u00fcl\u00e9st kap, amelyet k\u00e9s\u0151bb felmeleg\u00edthet \u00e9s csemp\u00e9zhet. Ez a g\u0151zf\u00fcrd\u0151pad nem csak vizu\u00e1lisan emeli a zuhanyz\u00f3 vagy g\u0151zf\u00fcrd\u0151 l\u00e1tv\u00e1ny\u00e1t, de nagyon k\u00e9nyelmes is.<\/div>\n<\/div>\n<\/div>\n<p><strong>M\u00e9retek:<\/strong><\/p>\n<p>\u00dcl\u00e9sm\u00e9lys\u00e9g kb. 40 cm a h\u00e1tt\u00e1ml\u00e1ig<br \/>\n300mm sugar\u00fa<br \/>\nOldalhossz 80cm \/ 80cm (70x70cm-es m\u00e9retben is kaphat\u00f3),<br \/>\n\u00c1tl\u00f3s el\u00fcls\u0151 kb. 116cm<\/p>\n","protected":false},"excerpt":{"rendered":"<p>Zuhany\u00fcl\u00e9s &#8222;Sarok\u00fcl\u00e9s &#8222;R30080 csemp\u00e9z\u00e9shez, az \u00fcl\u00e9s m\u00e9lys\u00e9ge kb. 40cm a h\u00e1ts\u00f3 elemig, 300mm sug\u00e1rral, l\u00e1bhossz 80cm \/ 80cm (70x70cm m\u00e9retben is kaphat\u00f3), \u00e1tl\u00f3s el\u00fcls\u0151 kb. 116cm.<\/p>\n","protected":false},"featured_media":10529,"template":"","meta":[],"product_brand":[],"product_cat":[3771,4003],"product_tag":[4318,4258,4321,3775,4323,4248,3779],"class_list":{"0":"post-29441","1":"product","2":"type-product","3":"status-publish","4":"has-post-thumbnail","6":"product_cat-gozfuerdo-padok","7":"product_cat-gozfuerdoben-oentoett-alkatreszek","8":"product_tag-csempezheto-ueles","9":"product_tag-eps-ueles","10":"product_tag-futheto-zuhanyueles","11":"product_tag-gozfuerdo-ueles","12":"product_tag-sarokpad","13":"product_tag-sarokueles","14":"product_tag-zuhanyzoszek","15":"product_shipping_class-csomag-10-31kg","17":"first","18":"instock","19":"sold-individually","20":"taxable","21":"shipping-taxable","22":"purchasable","23":"product-type-simple"},"_links":{"self":[{"href":"https:\/\/www.soleum.de\/hu\/wp-json\/wp\/v2\/product\/29441","targetHints":{"allow":["GET"]}}],"collection":[{"href":"https:\/\/www.soleum.de\/hu\/wp-json\/wp\/v2\/product"}],"about":[{"href":"https:\/\/www.soleum.de\/hu\/wp-json\/wp\/v2\/types\/product"}],"wp:featuredmedia":[{"embeddable":true,"href":"https:\/\/www.soleum.de\/hu\/wp-json\/wp\/v2\/media\/10529"}],"wp:attachment":[{"href":"https:\/\/www.soleum.de\/hu\/wp-json\/wp\/v2\/media?parent=29441"}],"wp:term":[{"taxonomy":"product_brand","embeddable":true,"href":"https:\/\/www.soleum.de\/hu\/wp-json\/wp\/v2\/product_brand?post=29441"},{"taxonomy":"product_cat","embeddable":true,"href":"https:\/\/www.soleum.de\/hu\/wp-json\/wp\/v2\/product_cat?post=29441"},{"taxonomy":"product_tag","embeddable":true,"href":"https:\/\/www.soleum.de\/hu\/wp-json\/wp\/v2\/product_tag?post=29441"}],"curies":[{"name":"wp","href":"https:\/\/api.w.org\/{rel}","templated":true}]}}