{"id":29458,"date":"2016-07-06T10:48:08","date_gmt":"2016-07-06T08:48:08","guid":{"rendered":"https:\/\/www.soleum.de\/shop\/nem-kategorizalt\/futoszonyeg-a-sarokueles-hattamlajahoz-100cm-szelessegben\/"},"modified":"2016-07-06T10:48:08","modified_gmt":"2016-07-06T08:48:08","slug":"futoszonyeg-a-hatso-ueleshez-resz","status":"publish","type":"product","link":"https:\/\/www.soleum.de\/hu\/shop\/gozfuerdo-futoszonyegek\/futoszonyeg-a-hatso-ueleshez-resz\/","title":{"rendered":"F\u0171t\u0151sz\u0151nyeg a sarok\u00fcl\u00e9s h\u00e1tt\u00e1ml\u00e1j\u00e1hoz 100cm sz\u00e9less\u00e9gben"},"content":{"rendered":"<h2>F\u0171t\u0151sz\u0151nyeg a sarok\u00fcl\u00e9s h\u00e1tt\u00e1ml\u00e1j\u00e1hoz 100cm sz\u00e9les RT100x100B100<\/h2>\n<p>Speci\u00e1lis f\u0171t\u0151sz\u0151nyeg kb. 300W\/m2 a sarok\u00fcl\u00e9shez, 90 cm sz\u00e9less\u00e9gben (ha a szerelv\u00e9nyeket k\u00f6zelebb szerelik a sarokhoz).<\/p>\n<p><a href=\"http:\/\/www.dampfbad.at\/produkt\/eck-sitzbank-r300s80-mit-rueckenwaende-r300\/\">lekerek\u00edtett h\u00e1ts\u00f3 r\u00e9szre<\/a> illeszkedik, amely szint\u00e9n kaphat\u00f3 n\u00e1lunk.<\/p>\n<p>&nbsp;<\/p>\n","protected":false},"excerpt":{"rendered":"<p>Speci\u00e1lis f\u0171t\u0151sz\u0151nyeg kb. 300W\/m2 a sarok\u00fcl\u00e9shez, 90 cm sz\u00e9less\u00e9gben (ha a szerelv\u00e9nyeket k\u00f6zelebb szerelik a sarokhoz).<\/p>\n<p>lekerek\u00edtett h\u00e1ts\u00f3 r\u00e9szre illeszkedik, amely szint\u00e9n kaphat\u00f3 n\u00e1lunk.<\/p>\n","protected":false},"featured_media":10550,"template":"","meta":[],"product_brand":[],"product_cat":[3712],"product_tag":[4125,4124,4245,4246],"class_list":{"0":"post-29458","1":"product","2":"type-product","3":"status-publish","4":"has-post-thumbnail","6":"product_cat-gozfuerdo-futoszonyegek","7":"product_tag-futoszonyeg","8":"product_tag-gozfuerdo-futoszonyeg","9":"product_tag-specialis-futoszonyeg","10":"product_tag-tepidarium-futoszonyeg","11":"product_shipping_class-csomag-5-10kg","13":"first","14":"instock","15":"sold-individually","16":"taxable","17":"shipping-taxable","18":"purchasable","19":"product-type-simple"},"_links":{"self":[{"href":"https:\/\/www.soleum.de\/hu\/wp-json\/wp\/v2\/product\/29458","targetHints":{"allow":["GET"]}}],"collection":[{"href":"https:\/\/www.soleum.de\/hu\/wp-json\/wp\/v2\/product"}],"about":[{"href":"https:\/\/www.soleum.de\/hu\/wp-json\/wp\/v2\/types\/product"}],"wp:featuredmedia":[{"embeddable":true,"href":"https:\/\/www.soleum.de\/hu\/wp-json\/wp\/v2\/media\/10550"}],"wp:attachment":[{"href":"https:\/\/www.soleum.de\/hu\/wp-json\/wp\/v2\/media?parent=29458"}],"wp:term":[{"taxonomy":"product_brand","embeddable":true,"href":"https:\/\/www.soleum.de\/hu\/wp-json\/wp\/v2\/product_brand?post=29458"},{"taxonomy":"product_cat","embeddable":true,"href":"https:\/\/www.soleum.de\/hu\/wp-json\/wp\/v2\/product_cat?post=29458"},{"taxonomy":"product_tag","embeddable":true,"href":"https:\/\/www.soleum.de\/hu\/wp-json\/wp\/v2\/product_tag?post=29458"}],"curies":[{"name":"wp","href":"https:\/\/api.w.org\/{rel}","templated":true}]}}