{"id":29467,"date":"2016-07-06T10:48:08","date_gmt":"2016-07-06T08:48:08","guid":{"rendered":"https:\/\/www.soleum.de\/shop\/nem-kategorizalt\/futoszonyeg-a-sarokueles-hattamlajahoz-90cm-szeles-rt100x100b90\/"},"modified":"2016-07-06T10:48:08","modified_gmt":"2016-07-06T08:48:08","slug":"heating-mat-for-corner-seat-back-part-90cm-width-rt100x100b90","status":"publish","type":"product","link":"https:\/\/www.soleum.de\/hu\/shop\/gozfuerdo-futoszonyegek\/heating-mat-for-corner-seat-back-part-90cm-width-rt100x100b90\/","title":{"rendered":"F\u0171t\u0151sz\u0151nyeg a sarok\u00fcl\u00e9s h\u00e1tt\u00e1ml\u00e1j\u00e1hoz 90cm sz\u00e9les-RT100x100B90"},"content":{"rendered":"","protected":false},"excerpt":{"rendered":"<p>Speci\u00e1lis f\u0171t\u0151sz\u0151nyeg kb. 300W\/m2 a 90 cm sz\u00e9les sarok\u00fcl\u00e9shez (ha a szerelv\u00e9nyeket a sarokhoz k\u00f6zelebb szerelik).<\/p>\n","protected":false},"featured_media":10543,"template":"","meta":[],"product_brand":[],"product_cat":[3712],"product_tag":[],"class_list":{"0":"post-29467","1":"product","2":"type-product","3":"status-publish","4":"has-post-thumbnail","6":"product_cat-gozfuerdo-futoszonyegek","7":"product_shipping_class-csomag-5-10kg","9":"first","10":"instock","11":"sold-individually","12":"taxable","13":"shipping-taxable","14":"purchasable","15":"product-type-simple"},"_links":{"self":[{"href":"https:\/\/www.soleum.de\/hu\/wp-json\/wp\/v2\/product\/29467","targetHints":{"allow":["GET"]}}],"collection":[{"href":"https:\/\/www.soleum.de\/hu\/wp-json\/wp\/v2\/product"}],"about":[{"href":"https:\/\/www.soleum.de\/hu\/wp-json\/wp\/v2\/types\/product"}],"wp:featuredmedia":[{"embeddable":true,"href":"https:\/\/www.soleum.de\/hu\/wp-json\/wp\/v2\/media\/10543"}],"wp:attachment":[{"href":"https:\/\/www.soleum.de\/hu\/wp-json\/wp\/v2\/media?parent=29467"}],"wp:term":[{"taxonomy":"product_brand","embeddable":true,"href":"https:\/\/www.soleum.de\/hu\/wp-json\/wp\/v2\/product_brand?post=29467"},{"taxonomy":"product_cat","embeddable":true,"href":"https:\/\/www.soleum.de\/hu\/wp-json\/wp\/v2\/product_cat?post=29467"},{"taxonomy":"product_tag","embeddable":true,"href":"https:\/\/www.soleum.de\/hu\/wp-json\/wp\/v2\/product_tag?post=29467"}],"curies":[{"name":"wp","href":"https:\/\/api.w.org\/{rel}","templated":true}]}}