{"id":29558,"date":"2017-01-14T10:57:11","date_gmt":"2017-01-14T09:57:11","guid":{"rendered":"https:\/\/www.soleum.de\/shop\/nem-kategorizalt\/gozfuerdo-illatosito-brume-de-hammam\/"},"modified":"2024-04-09T09:16:33","modified_gmt":"2024-04-09T07:16:33","slug":"gozfuerdo-illata-brume-de-hammam","status":"publish","type":"product","link":"https:\/\/www.soleum.de\/hu\/shop\/gozfuerdo-technologia\/gozfuerdo-illata-brume-de-hammam\/","title":{"rendered":"G\u0151zf\u00fcrd\u0151 illatos\u00edt\u00f3 BRUME DE HAMMAM"},"content":{"rendered":"<h1>G\u0151zf\u00fcrd\u0151 illatos\u00edt\u00f3 &#8222;BRUME DE HAMMAM&#8221; &#8211; G\u0151zf\u00fcrd\u0151 emulzi\u00f3 vagy illatos\u00edt\u00f3 <a href=\"https:\/\/www.soleum.de\/shop\/dampfbadtechnik\/duftstoffpumpe-dosierpumpe\/\">illatszivatty\u00fahoz<\/a><\/h1>\n<p>A SOLEUM-n\u00e1l a Brume de Hammam g\u0151zf\u00fcrd\u0151 illat\u00e1t k\u00fcl\u00f6nb\u00f6z\u0151 illatokban \u00e9s tart\u00e1lyokban kaphatja meg. Kiv\u00e1l\u00f3 min\u0151s\u00e9g\u0171 \u00e9s term\u00e9szetesen tiszta ill\u00f3olajokb\u00f3l k\u00e9sz\u00fclt g\u0151zf\u00fcrd\u0151 emulzi\u00f3. V\u00e1lassza ki a tart\u00e1ly m\u00e9ret\u00e9t \u00e9s a k\u00edv\u00e1nt illatot az al\u00e1bbiakban.<\/p>\n<h1 class=\"page-title al page-title-larger\"><img loading=\"lazy\" decoding=\"async\" class=\"aligncenter size-full wp-image-5343\" src=\"https:\/\/www.dampfbad.at\/wp-content\/uploads\/Dampfbadduft.Brume-de-hammam-Dampfbademulsion.jpg\" alt=\"G\u0151zf\u00fcrd\u0151 illatos\u00edt\u00f3 BRUME DE HAMMAM G\u0151zf\u00fcrd\u0151 emulzi\u00f3\" width=\"889\" height=\"112\"><\/h1>\n","protected":false},"excerpt":{"rendered":"<p>&#8222;Brume de Hammam&#8221; g\u0151zf\u00fcrd\u0151 illat k\u00fcl\u00f6nb\u00f6z\u0151 illatv\u00e1ltozatokban. Kiv\u00e1l\u00f3 min\u0151s\u00e9g\u0171 \u00e9s term\u00e9szetesen tiszta ill\u00f3olajokb\u00f3l k\u00e9sz\u00fclt g\u0151zf\u00fcrd\u0151 emulzi\u00f3!<\/p>\n","protected":false},"featured_media":10361,"template":"","meta":[],"product_brand":[],"product_cat":[3587],"product_tag":[4417,4419,4418,4420,4422,4421],"class_list":{"0":"post-29558","1":"product","2":"type-product","3":"status-publish","4":"has-post-thumbnail","6":"product_cat-gozfuerdo-technologia","7":"product_tag-brume-de-hammam-hu","8":"product_tag-gozfuerdo-emulzio","9":"product_tag-gozfuerdo-illat","10":"product_tag-gozfuerdo-illat-hu","11":"product_tag-gozfuerdo-illatosito-brume-de-hammam","12":"product_tag-illatosito-gozfuerdohoez","13":"product_shipping_class-csomag-5-10kg","15":"first","16":"instock","17":"taxable","18":"shipping-taxable","19":"purchasable","20":"product-type-variable","21":"has-default-attributes"},"_links":{"self":[{"href":"https:\/\/www.soleum.de\/hu\/wp-json\/wp\/v2\/product\/29558","targetHints":{"allow":["GET"]}}],"collection":[{"href":"https:\/\/www.soleum.de\/hu\/wp-json\/wp\/v2\/product"}],"about":[{"href":"https:\/\/www.soleum.de\/hu\/wp-json\/wp\/v2\/types\/product"}],"wp:featuredmedia":[{"embeddable":true,"href":"https:\/\/www.soleum.de\/hu\/wp-json\/wp\/v2\/media\/10361"}],"wp:attachment":[{"href":"https:\/\/www.soleum.de\/hu\/wp-json\/wp\/v2\/media?parent=29558"}],"wp:term":[{"taxonomy":"product_brand","embeddable":true,"href":"https:\/\/www.soleum.de\/hu\/wp-json\/wp\/v2\/product_brand?post=29558"},{"taxonomy":"product_cat","embeddable":true,"href":"https:\/\/www.soleum.de\/hu\/wp-json\/wp\/v2\/product_cat?post=29558"},{"taxonomy":"product_tag","embeddable":true,"href":"https:\/\/www.soleum.de\/hu\/wp-json\/wp\/v2\/product_tag?post=29558"}],"curies":[{"name":"wp","href":"https:\/\/api.w.org\/{rel}","templated":true}]}}