{"id":29731,"date":"2017-01-19T12:30:43","date_gmt":"2017-01-19T11:30:43","guid":{"rendered":"https:\/\/www.soleum.de\/shop\/nem-kategorizalt\/gozfuerdo-kupola\/"},"modified":"2024-02-23T17:02:23","modified_gmt":"2024-02-23T16:02:23","slug":"gozfuerdo-kupola","status":"publish","type":"product","link":"https:\/\/www.soleum.de\/hu\/shop\/gozfuerdoben-oentoett-alkatreszek\/gozfuerdo-kupola\/","title":{"rendered":"G\u0151zf\u00fcrd\u0151 kupola"},"content":{"rendered":"<h1>M\u00e9retre gy\u00e1rtott g\u0151zf\u00fcrd\u0151 kupola &#8211; <em>8 cm<\/em> vastag EPS-b\u0151l<\/h1>\n<p>Az EPS g\u0151zf\u00fcrd\u0151 kupol\u00e1j\u00e1t az \u00d6n m\u00e9retei szerint gy\u00e1rtjuk. Adja meg a g\u0151zf\u00fcrd\u0151 sz\u00e9less\u00e9g\u00e9t \u00e9s hossz\u00e1t m\u00ednusz 1 cm mindk\u00e9t oldalon.<\/p>\n<p>A kupola t\u00f6bb r\u00e9szb\u0151l \u00e1ll, \u00e9s egy di\u00f3-rug\u00f3 kapcsolatb\u00f3l \u00e1ll.<\/p>\n<p><strong>A csomagban tal\u00e1lhat\u00f3<\/strong> egy sablon is, amivel k\u00f6nnyen elhelyezheti a kupol\u00e1t &#8211; ez sokat seg\u00edt az \u00f6sszeszerel\u00e9sben.<\/p>\n<p>Az egyes r\u00e9szeket a helysz\u00ednen ragasztj\u00e1k \u00f6ssze szerel\u0151habbal. A g\u0151zf\u00fcrd\u0151 falait \u00e1ltal\u00e1ban XPS-szigetel\u00e9ssel szigetelik. Ezek az XPS-panelek a kupola t\u00e1maszt\u00e9k\u00e1ul szolg\u00e1lnak. Itt sz\u00edvesen adunk \u00d6nnek tan\u00e1csot! Egyszer\u0171en k\u00fcldje el nek\u00fcnk a v\u00e1zlat\u00e1t <a href=\"https:\/\/www.soleum.de\/kontakt\/\">e-mailben <\/a>, \u00e9s adja meg a telefonsz\u00e1m\u00e1t, ha k\u00e9rd\u00e9sei vannak. Akkor a hozz\u00e1 ill\u0151 kupol\u00e1t is megkapja! Megrendel\u00e9s eset\u00e9n \u00d6n el\u0151zetesen egy m\u0171szaki rajzot is kap, amelyet ellen\u0151rizhet \u00e9s meger\u0151s\u00edthet.<\/p>\n<p>Ezeket a g\u0151zf\u00fcrd\u0151 kupol\u00e1kat sz\u00e1raz\u00e9p\u00edt\u00e9sben is haszn\u00e1lhatja, \u00e9s gy\u00f6ny\u00f6r\u0171 boltozatokat \u00e9s kupol\u00e1kat k\u00e9sz\u00edthet bel\u0151l\u00fck egy folyos\u00f3n!<\/p>\n<p>Ezek a kupol\u00e1k belt\u00e9ri haszn\u00e1latra \u00fasz\u00f3medenc\u00e9k burkolatak\u00e9nt is haszn\u00e1lhat\u00f3k. B\u00e1rmilyen m\u00e1s form\u00e1j\u00fa g\u0151zf\u00fcrd\u0151 kupol\u00e1t is gy\u00e1rtunk &#8211; ak\u00e1r hord\u00f3 boltozat, ak\u00e1r teljesen kerek g\u0151zf\u00fcrd\u0151 boltozat (f\u00e9lk\u00f6r).<\/p>\n<h2>A g\u0151zf\u00fcrd\u0151 kupola f\u0151 felhaszn\u00e1l\u00e1si ter\u00fclete: <span class=\"fancy-underline\">g\u0151zf\u00fcrd\u0151<\/span>, hamam, tepid\u00e1rium, caldarium<\/h2>\n<p>&nbsp;<\/p>\n","protected":false},"excerpt":{"rendered":"<h2>M\u00e9retre gy\u00e1rtott g\u0151zf\u00fcrd\u0151 kupola &#8211; <em>8 cm<\/em> vastag EPS-b\u0151l<\/h2>\n<p>Az \u00d6n m\u00e9reteinek megfelel\u0151en gy\u00e1rtjuk le az \u00d6n egyedi EPS g\u0151zf\u00fcrd\u0151 kupol\u00e1j\u00e1t. Adja meg a g\u0151zf\u00fcrd\u0151 sz\u00e9less\u00e9g\u00e9t \u00e9s hossz\u00e1t m\u00ednusz 1 cm mindk\u00e9t oldalon.<\/p>\n","protected":false},"featured_media":10284,"template":"","meta":[],"product_brand":[],"product_cat":[4003,4004],"product_tag":[4591,4575,4580,4587,4584,4576,4578,4593,4595,4598,4589],"class_list":{"0":"post-29731","1":"product","2":"type-product","3":"status-publish","4":"has-post-thumbnail","6":"product_cat-gozfuerdoben-oentoett-alkatreszek","7":"product_cat-specialis-formak-eps-bol","8":"product_tag-boltozatos-teto","9":"product_tag-gozfuerdo-kupola","10":"product_tag-gozfuerdo-kupola-hu","11":"product_tag-gozfuerdo-kupola-hu-2","12":"product_tag-gozfuerdo-kupolak","13":"product_tag-gozfuerdo-teto","14":"product_tag-gozfuerdo-teto-boltozat","15":"product_tag-kupola-gozfuerdohoez","16":"product_tag-uszoda-kupola","17":"product_tag-uszomedence-burkolat","18":"product_tag-vault","19":"product_shipping_class-oemlesztett-aruk","21":"first","22":"instock","23":"taxable","24":"shipping-taxable","25":"purchasable","26":"product-type-simple"},"_links":{"self":[{"href":"https:\/\/www.soleum.de\/hu\/wp-json\/wp\/v2\/product\/29731","targetHints":{"allow":["GET"]}}],"collection":[{"href":"https:\/\/www.soleum.de\/hu\/wp-json\/wp\/v2\/product"}],"about":[{"href":"https:\/\/www.soleum.de\/hu\/wp-json\/wp\/v2\/types\/product"}],"wp:featuredmedia":[{"embeddable":true,"href":"https:\/\/www.soleum.de\/hu\/wp-json\/wp\/v2\/media\/10284"}],"wp:attachment":[{"href":"https:\/\/www.soleum.de\/hu\/wp-json\/wp\/v2\/media?parent=29731"}],"wp:term":[{"taxonomy":"product_brand","embeddable":true,"href":"https:\/\/www.soleum.de\/hu\/wp-json\/wp\/v2\/product_brand?post=29731"},{"taxonomy":"product_cat","embeddable":true,"href":"https:\/\/www.soleum.de\/hu\/wp-json\/wp\/v2\/product_cat?post=29731"},{"taxonomy":"product_tag","embeddable":true,"href":"https:\/\/www.soleum.de\/hu\/wp-json\/wp\/v2\/product_tag?post=29731"}],"curies":[{"name":"wp","href":"https:\/\/api.w.org\/{rel}","templated":true}]}}