{"id":29747,"date":"2017-01-20T11:20:46","date_gmt":"2017-01-20T10:20:46","guid":{"rendered":"https:\/\/www.soleum.de\/shop\/nem-kategorizalt\/bt-b-gk-gozfuerdopad-hattamla-nelkuel\/"},"modified":"2024-02-23T17:02:24","modified_gmt":"2024-02-23T16:02:24","slug":"gozfuerdopad-b-gk-pihenovel-masolattal","status":"publish","type":"product","link":"https:\/\/www.soleum.de\/hu\/shop\/gozfuerdo-padok\/gozfuerdopad-b-gk-pihenovel-masolattal\/","title":{"rendered":"BT.B-GK g\u0151zf\u00fcrd\u0151pad h\u00e1tt\u00e1mla n\u00e9lk\u00fcl"},"content":{"rendered":"<h1>BT.B-GK g\u0151zf\u00fcrd\u0151pad h\u00e1tt\u00e1mla n\u00e9lk\u00fcl<\/h1>\n<h2>EPS-alaplap csemp\u00e9z\u00e9shez ( <strong>ellenkont\u00farral<\/strong> a T60, T65, T75, T85, T95, T102 \u00fcl\u00e9sekhez \u00e9s a Swing kanap\u00e9hoz)<\/h2>\n<ul>\n<li>unnetted<\/li>\n<li>feloldva<\/li>\n<li>Sz\u00edn: sz\u00fcrke<\/li>\n<\/ul>\n<p><strong>MEGJEGYZ\u00c9S:<\/strong><br \/>\nJavasoljuk a g\u0151zf\u00fcrd\u0151 BT.B \u00fcl\u0151k\u00e9j\u00e9nek (\u00e9s \u00e1ltal\u00e1ban a fal azon r\u00e9szeinek is, amelyeknek nekit\u00e1maszkodik!) f\u0171t\u00e9s\u00e9t.<\/p>\n<p>Ezek az \u00fcl\u0151keform\u00e1k t\u00f6k\u00e9letesek zuhanyz\u00f3\u00fcl\u00e9sekk\u00e9nt a csemp\u00e9z\u00e9shez. A hagyom\u00e1nyos filigr\u00e1n helyett<br \/>\n\u00d6sszecsukhat\u00f3 \u00fcl\u00e9sek itt van egy k\u00e9s\u0151bbi nagyon robusztus g\u0151zf\u00fcrd\u0151 \u00fcl\u00e9s, hogy lehet f\u0171teni \u00e9s csempe.<br \/>\nEz a g\u0151zf\u00fcrd\u0151pad nem csak vizu\u00e1lisan emeli a zuhanyz\u00f3 vagy g\u0151zf\u00fcrd\u0151 l\u00e1tv\u00e1ny\u00e1t,<br \/>\nde nagyon k\u00e9nyelmes is.<\/p>\n<div>Ez a g\u0151zf\u00fcrd\u0151pad k\u00fcl\u00f6nb\u00f6z\u0151 hossz\u00fas\u00e1gban, m\u00e9lys\u00e9gben \u00e9s magass\u00e1gban kaphat\u00f3. K\u00e9rj\u00fck, adja meg a k\u00edv\u00e1nt m\u00e9retet &#8222;cm&#8221;-ben fentebb.<\/div>\n<div><\/div>\n<div>A k\u00edv\u00e1nt hossz\u00fas\u00e1gt\u00f3l f\u00fcgg\u0151en a form\u00e1zott alkatr\u00e9szek <strong>t\u00f6bb r\u00e9szb\u0151l<\/strong> \u00e1llhatnak. <strong><br \/>\n<\/strong><\/div>\n<div>Ha az \u00d6n g\u0151zf\u00fcrd\u0151je pl. 130 cm, akkor mindig v\u00e1lasszon kb. 2 cm-rel kisebb g\u0151zf\u00fcrd\u0151\u00fcl\u00e9st!<\/div>\n<div>\n<div>K\u00e9rd\u00e9seivel kapcsolatban a &gt;<a href=\"http:\/\/www.dampfbad.at\/kontakt\/\">c\u00edmen forduljon<\/a> a&lt; c\u00edmre!<\/div>\n<\/div>\n<div><\/div>\n<div><div class=\"is-divider divider clearfix\" style=\"max-width:1000px;background-color:rgb(38, 0, 172);\"><\/div>\n<h2 class=\"uppercase\">Rendelje meg a k\u00f6vetkez\u0151 tartoz\u00e9kokat<\/h2>\n<h3 class=\"thin-font\">F\u0171t\u0151sz\u0151nyeg SPA modulokhoz \u00e9s vez\u00e9rl\u0151 a kellemes meleghez<\/h3>\nMinden SPA modul eset\u00e9ben a f\u0171t\u0151vezet\u00e9kek ir\u00e1ny\u00e1t ennek megfelel\u0151en \u00e1ll\u00edtjuk be, hogy a f\u0171t\u0151sz\u0151nyeg k\u00f6nnyen felhelyezhet\u0151 legyen.\n\n&nbsp;\n<blockquote>Van egy nagyobb \u00e9p\u00edt\u00e9si projektje k\u00fcl\u00f6nb\u00f6z\u0151 SPA modulokkal?<\/blockquote>\nK\u00e9rj\u00fck, vegye fel vel\u00fcnk a kapcsolatot e-mailben! K\u00e9rj\u00fck, k\u00fcldje el nek\u00fcnk a tervet (alaprajzot) a m\u00e9retekkel egy\u00fctt. M\u0171szaki oszt\u00e1lyunk megvizsg\u00e1lja projektj\u00e9t, \u00e9s megfelel\u0151 aj\u00e1nlatot ad \u00d6nnek.\n\nTudta, hogy terv szerint <a href=\"https:\/\/www.soleum.de\/hu\/elore-gyartott-gozkabin-keszlet\/\">k\u00e9sz k\u00e9szleteket<\/a> k\u00edn\u00e1lunk? A k\u00e9szletek \u00e1rai a m\u00e9retkateg\u00f3ri\u00e1knak megfelel\u0151en r\u00f6gz\u00edtettek. Sz\u00edvesen k\u00fcld\u00fcnk \u00d6nnek tov\u00e1bbi inform\u00e1ci\u00f3kat.\n\n<ul class=\"ux-products-list product_list_widget\">\n\t\t\t\t\t<li>\n\t<a href=\"https:\/\/www.soleum.de\/hu\/shop\/gozfuerdo-futoszonyegek\/gozfuerdo-futoszonyegek-meretre-horizontalis\/\" title=\"M\u00e9retre gy\u00e1rtott g\u0151zf\u00fcrd\u0151 f\u0171t\u0151sz\u0151nyegek-300W\/m2\">\n\t\t<img loading=\"lazy\" decoding=\"async\" width=\"100\" height=\"100\" src=\"https:\/\/www.soleum.de\/wp-content\/uploads\/2017\/01\/horizontale-Dampfbadheizmatte-100x100.jpg\" class=\"attachment-woocommerce_gallery_thumbnail size-woocommerce_gallery_thumbnail\" alt=\"G\u0151zf\u00fcrd\u0151 f\u0171t\u0151sz\u0151nyegek\" srcset=\"https:\/\/www.soleum.de\/wp-content\/uploads\/2017\/01\/horizontale-Dampfbadheizmatte-100x100.jpg 100w, https:\/\/www.soleum.de\/wp-content\/uploads\/2017\/01\/horizontale-Dampfbadheizmatte-280x280.jpg 280w\" sizes=\"auto, (max-width: 100px) 100vw, 100px\" \/>\t\t<span class=\"product-title\">M\u00e9retre gy\u00e1rtott g\u0151zf\u00fcrd\u0151 f\u0171t\u0151sz\u0151nyegek-300W\/m2<\/span>\n\t<\/a>\n\t\t<span class=\"woocommerce-Price-amount amount\"><bdi>270,00&nbsp;<span class=\"woocommerce-Price-currencySymbol\">&euro;<\/span><\/bdi><\/span> <small class=\"woocommerce-price-suffix\">inkl. MWSt.<\/small><\/li>\n\t\t\t\t\t<li>\n\t<a href=\"https:\/\/www.soleum.de\/hu\/shop\/gozfuerdo-futoszonyegek\/switch-recessed-thermostat-for-heating-mats\/\" title=\"Kapcsol\u00f3 be\u00e9p\u00edtett termoszt\u00e1t a f\u0171t\u0151sz\u0151nyegek sz\u00e1m\u00e1ra\">\n\t\t<img loading=\"lazy\" decoding=\"async\" width=\"100\" height=\"100\" src=\"https:\/\/www.soleum.de\/wp-content\/uploads\/2018\/09\/Schaltereinbauthermostat_Heizmatten-100x100.jpg\" class=\"attachment-woocommerce_gallery_thumbnail size-woocommerce_gallery_thumbnail\" alt=\"Kapcsol\u00f3 be\u00e9p\u00edtett termoszt\u00e1t a f\u0171t\u0151sz\u0151nyegek sz\u00e1m\u00e1ra\" srcset=\"https:\/\/www.soleum.de\/wp-content\/uploads\/2018\/09\/Schaltereinbauthermostat_Heizmatten-100x100.jpg 100w, https:\/\/www.soleum.de\/wp-content\/uploads\/2018\/09\/Schaltereinbauthermostat_Heizmatten-280x280.jpg 280w\" sizes=\"auto, (max-width: 100px) 100vw, 100px\" \/>\t\t<span class=\"product-title\">Kapcsol\u00f3 be\u00e9p\u00edtett termoszt\u00e1t a f\u0171t\u0151sz\u0151nyegek sz\u00e1m\u00e1ra<\/span>\n\t<\/a>\n\t\t<span class=\"woocommerce-Price-amount amount\"><bdi>149,00&nbsp;<span class=\"woocommerce-Price-currencySymbol\">&euro;<\/span><\/bdi><\/span> <small class=\"woocommerce-price-suffix\">inkl. MWSt.<\/small><\/li>\n\t\t\n\t\t<\/ul>\n\n<div class=\"is-divider divider clearfix\" style=\"max-width:1000px;background-color:rgb(38, 0, 172);\"><\/div><\/div>\n<p><!--more--><\/p>\n","protected":false},"excerpt":{"rendered":"<p>BT.B-GK g\u0151zf\u00fcrd\u0151pad h\u00e1tt\u00e1mla n\u00e9lk\u00fcl (kont\u00farral)<\/p>\n","protected":false},"featured_media":17032,"template":"","meta":[],"product_brand":[],"product_cat":[3771],"product_tag":[3782,4647,5737,5738,5739,4354,5736,3774,3775,4646,4644,5740,3786,3784,4645,3777,3779],"class_list":{"0":"post-29747","1":"product","2":"type-product","3":"status-publish","4":"has-post-thumbnail","6":"product_cat-gozfuerdo-padok","7":"product_tag-bank-az-eps-bol","8":"product_tag-bt-b-gk-gozfuerdopad-hattamla-nelkuel","9":"product_tag-diy-gozfuerdo-epitese","10":"product_tag-epitse-meg-sajat-gozfuerdojet","11":"product_tag-epitsen-sajat-hammamot","12":"product_tag-eps-pad","13":"product_tag-eps-ueles-eps-zuhanyzoueles","14":"product_tag-gozfuerdo-pad","15":"product_tag-gozfuerdo-ueles","16":"product_tag-gozfuerdopad-hattamla-nelkuel","17":"product_tag-polisztirol-pad","18":"product_tag-spa-modulok","19":"product_tag-styrodur-pad","20":"product_tag-styrodur-ueles","21":"product_tag-styropor-ueles-hu","22":"product_tag-zuhanypad","23":"product_tag-zuhanyzoszek","24":"product_shipping_class-zuhanyzoszek","26":"first","27":"instock","28":"taxable","29":"shipping-taxable","30":"purchasable","31":"product-type-simple"},"_links":{"self":[{"href":"https:\/\/www.soleum.de\/hu\/wp-json\/wp\/v2\/product\/29747","targetHints":{"allow":["GET"]}}],"collection":[{"href":"https:\/\/www.soleum.de\/hu\/wp-json\/wp\/v2\/product"}],"about":[{"href":"https:\/\/www.soleum.de\/hu\/wp-json\/wp\/v2\/types\/product"}],"wp:featuredmedia":[{"embeddable":true,"href":"https:\/\/www.soleum.de\/hu\/wp-json\/wp\/v2\/media\/17032"}],"wp:attachment":[{"href":"https:\/\/www.soleum.de\/hu\/wp-json\/wp\/v2\/media?parent=29747"}],"wp:term":[{"taxonomy":"product_brand","embeddable":true,"href":"https:\/\/www.soleum.de\/hu\/wp-json\/wp\/v2\/product_brand?post=29747"},{"taxonomy":"product_cat","embeddable":true,"href":"https:\/\/www.soleum.de\/hu\/wp-json\/wp\/v2\/product_cat?post=29747"},{"taxonomy":"product_tag","embeddable":true,"href":"https:\/\/www.soleum.de\/hu\/wp-json\/wp\/v2\/product_tag?post=29747"}],"curies":[{"name":"wp","href":"https:\/\/api.w.org\/{rel}","templated":true}]}}