{"id":29757,"date":"2017-01-24T09:19:42","date_gmt":"2017-01-24T08:19:42","guid":{"rendered":"https:\/\/www.soleum.de\/shop\/nem-kategorizalt\/gozfuerdo-technologiai-doboz\/"},"modified":"2024-02-23T17:03:34","modified_gmt":"2024-02-23T16:03:34","slug":"gozfuerdo-technologiai-doboz","status":"publish","type":"product","link":"https:\/\/www.soleum.de\/hu\/shop\/gozfuerdo-technologia\/gozfuerdo-technologiai-doboz\/","title":{"rendered":"G\u0151zf\u00fcrd\u0151 technol\u00f3giai doboz"},"content":{"rendered":"<h1>G\u0151zf\u00fcrd\u0151 m\u0171szaki doboz a SOLEUM-t\u00f3l<\/h1>\n<p>M\u00e9ret: kb. 500 x 250 x 120mm<\/p>\n<p>\u00daj, csatlakoztat\u00e1sra k\u00e9sz g\u0151zf\u00fcrd\u0151-technol\u00f3giai dobozunkkal k\u00f6nnyed\u00e9n csatlakoztathatja g\u0151zf\u00fcrd\u0151-\u00f6sszetev\u0151inket.<\/p>\n<p>Bel\u00fcl teljesen el\u0151re be van k\u00e1belezve, \u00e9s nincs sz\u00fcks\u00e9g arra, hogy &#8222;csavarozgasson&#8221; az \u00e9l\u0151 alkatr\u00e9szekkel. Minden &#8222;PLUG and PLAY&#8221; &#8211; k\u00e9szen \u00e1ll a csatlakoztat\u00e1sra:<\/p>\n<h2>TULAJDONS\u00c1GOK G\u0151zf\u00fcrd\u0151 technol\u00f3giai doboz:<\/h2>\n<ul>\n<li>Minden f\u0171t\u0151k\u00f6rh\u00f6z <strong>k\u00fcl\u00f6n t\u00e1pvezet\u00e9k<\/strong> rendelhet\u0151 (a kimenetet is megosztja).<\/li>\n<li>Mindk\u00e9t f\u0171t\u00e9si \u00e1ramk\u00f6r <strong>k\u00fcl\u00f6n-k\u00fcl\u00f6n biztos\u00edtva<\/strong> van<\/li>\n<li>Be\u00e9p\u00edtett f\u0171t\u00e9sszab\u00e1lyoz\u00f3 2 k\u00fcl\u00f6n\u00e1ll\u00f3 f\u0171t\u0151k\u00f6rh\u00f6z (0-60\u00b0C k\u00f6z\u00f6tti h\u0151m\u00e9rs\u00e9klet-be\u00e1ll\u00edt\u00e1si tartom\u00e1ny)<\/li>\n<li><strong>K\u00fcl\u00f6n h\u0151m\u00e9rs\u00e9klet<\/strong> be\u00e1ll\u00edt\u00e1sa (a falak = az 1. f\u0171t\u0151k\u00f6r &#8222;forr\u00f3bb\u00e1&#8221; tehet\u0151, a padok\/fotelek\/padl\u00f3 = a 2. f\u0171t\u0151k\u00f6r \u00e1ltal\u00e1ban enyh\u00e9bb, kb. 38\u00b0C-ra).<\/li>\n<li>F\u0171t\u0151k\u00f6r\u00f6nk\u00e9nt legfeljebb 7 f\u0171t\u0151sz\u0151nyeg csatlakoztathat\u00f3<\/li>\n<li>K\u00e9szen \u00e1ll a csatlakoztat\u00e1sra &#8211; minim\u00e1lis csatlakoz\u00e1si er\u0151fesz\u00edt\u00e9s!<\/li>\n<li><a href=\"https:\/\/www.soleum.de\/shop\/dampfbadtechnik\/duftstoffpumpe-dosierpumpe\/\">Illatszivatty\u00fa<\/a> csatlakoztat\u00e1sa<\/li>\n<li>Csatlakoz\u00e1s a SOLE kompresszorhoz (ut\u00f3lagos felszerel\u00e9shez is, ha a kapcsol\u00f3t a g\u0151zf\u00fcrd\u0151n bel\u00fcl vagy k\u00edv\u00fcl is elhelyezik).<\/li>\n<li>24V DC t\u00e1pell\u00e1t\u00e1s a sz\u00ednes LED-vez\u00e9rl\u00e9shez<\/li>\n<li>12V DC aljzat<\/li>\n<li>K\u00e9t k\u00fcl\u00f6n\u00e1ll\u00f3 feh\u00e9r f\u00e9ny\u0171 LED \u00e1ramk\u00f6r (pl. 1. mennyezeti l\u00e1mpa 2. vil\u00e1g\u00edt\u00f3 f\u00fclke)<\/li>\n<\/ul>\n<p>B\u00e1r a m\u0171szaki doboz nagyon k\u00f6nnyen csatlakoztathat\u00f3 saj\u00e1t maga, javasoljuk, hogy a g\u0151zf\u00fcrd\u0151 m\u0171szaki doboz\u00e1t hiteles\u00edtett villanyszerel\u0151vel csatlakoztassa. Munk\u00e1ja azonban l\u00e9nyeg\u00e9ben a megfelel\u0151 <a href=\"https:\/\/www.soleum.de\/shop\/dampfbadheizmatten\/dampfbadheizmatten-auf-mass\/\">f\u0171t\u0151sz\u0151nyegekhez<\/a>, <a href=\"https:\/\/www.soleum.de\/shop\/dampfbadtechnik\/dampfbad-led\/\">LED-l\u00e1mp\u00e1khoz<\/a>, t\u00e1pvezet\u00e9kekhez stb. val\u00f3 csatlakoz\u00f3k felszerel\u00e9s\u00e9re korl\u00e1toz\u00f3dik.<\/p>\n<p>A g\u0151zf\u00fcrd\u0151-technol\u00f3giai doboz megv\u00e1s\u00e1rl\u00e1sakor term\u00e9szetesen mell\u00e9kelj\u00fck az \u00e1ramk\u00f6ri rajzot\/csatlakoz\u00e1si rajzot!<\/p><\/p>\n","protected":false},"excerpt":{"rendered":"<p>\u00daj, csatlakoztat\u00e1sra k\u00e9sz g\u0151zf\u00fcrd\u0151-technol\u00f3giai dobozunkkal k\u00f6nnyed\u00e9n csatlakoztathatja g\u0151zf\u00fcrd\u0151-\u00f6sszetev\u0151inket. El\u0151re bek\u00f6tve \u00e9s csatlakoztat\u00e1sra k\u00e9szen.<\/p>\n","protected":false},"featured_media":10256,"template":"","meta":[],"product_brand":[],"product_cat":[3587],"product_tag":[3704,4666,4668,4669],"class_list":{"0":"post-29757","1":"product","2":"type-product","3":"status-publish","4":"has-post-thumbnail","6":"product_cat-gozfuerdo-technologia","7":"product_tag-gozfuerdo-technologia","8":"product_tag-gozfuerdo-technologiai-doboz","9":"product_tag-muszaki-doboz","10":"product_tag-soleum-technologiai-doboz","11":"product_shipping_class-paket-5-10kg-hu","13":"first","14":"outofstock","15":"taxable","16":"shipping-taxable","17":"purchasable","18":"product-type-simple"},"_links":{"self":[{"href":"https:\/\/www.soleum.de\/hu\/wp-json\/wp\/v2\/product\/29757","targetHints":{"allow":["GET"]}}],"collection":[{"href":"https:\/\/www.soleum.de\/hu\/wp-json\/wp\/v2\/product"}],"about":[{"href":"https:\/\/www.soleum.de\/hu\/wp-json\/wp\/v2\/types\/product"}],"wp:featuredmedia":[{"embeddable":true,"href":"https:\/\/www.soleum.de\/hu\/wp-json\/wp\/v2\/media\/10256"}],"wp:attachment":[{"href":"https:\/\/www.soleum.de\/hu\/wp-json\/wp\/v2\/media?parent=29757"}],"wp:term":[{"taxonomy":"product_brand","embeddable":true,"href":"https:\/\/www.soleum.de\/hu\/wp-json\/wp\/v2\/product_brand?post=29757"},{"taxonomy":"product_cat","embeddable":true,"href":"https:\/\/www.soleum.de\/hu\/wp-json\/wp\/v2\/product_cat?post=29757"},{"taxonomy":"product_tag","embeddable":true,"href":"https:\/\/www.soleum.de\/hu\/wp-json\/wp\/v2\/product_tag?post=29757"}],"curies":[{"name":"wp","href":"https:\/\/api.w.org\/{rel}","templated":true}]}}