{"id":29783,"date":"2020-07-18T11:12:47","date_gmt":"2020-07-18T09:12:47","guid":{"rendered":"https:\/\/www.soleum.de\/shop\/nem-kategorizalt\/rozsdamentes-acel-kezi-zuhany-soleum-tree-inox\/"},"modified":"2024-02-23T17:07:26","modified_gmt":"2024-02-23T16:07:26","slug":"rozsdamentes-acel-kezi-zuhanyzo-szoleum-fa-box","status":"publish","type":"product","link":"https:\/\/www.soleum.de\/hu\/shop\/kezi-zuhany-szerelvenyek\/rozsdamentes-acel-kezi-zuhanyzo-szoleum-fa-box\/","title":{"rendered":"Rozsdamentes ac\u00e9l k\u00e9zi zuhany SOLEUM-TREE-INOX"},"content":{"rendered":"<p>Rozsdamentes ac\u00e9l k\u00e9zi zuhany SOLEUM-TREE-INOX SET (olasz tervez\u00e9s\u0171), amely a k\u00f6vetkez\u0151kb\u0151l \u00e1ll<\/p>\n<ol>\n<li>Vakolat n\u00e9lk\u00fcli test, mind\u00f6ssze 50 mm be\u00e9p\u00edt\u00e9si m\u00e9lys\u00e9ggel<\/li>\n<li>Zuhanycs\u0151 fonott L=150cm rozsdamentes ac\u00e9l matt<\/li>\n<li>  Zuhanycs\u0151 fali kifoly\u00f3cs\u0151 G1\/2 konzollal<\/li>\n<li>Hidegv\u00edz szab\u00e1lyoz\u00f3<\/li>\n<\/ol>\n","protected":false},"excerpt":{"rendered":"<p>Rozsdamentes ac\u00e9l k\u00e9zi zuhany SOLEUM-TREE-INOX Kneipp-t\u00f6ml\u0151, rejtett szerelv\u00e9ny, matt csiszolt.<br \/>\nModell: SOLEUM-TREE-INOX<\/p>\n","protected":false},"featured_media":17865,"template":"","meta":[],"product_brand":[],"product_cat":[4745],"product_tag":[4753,4746,4756,4758,4755,4750,4748,4752],"class_list":{"0":"post-29783","1":"product","2":"type-product","3":"status-publish","4":"has-post-thumbnail","6":"product_cat-kezi-zuhany-szerelvenyek","7":"product_tag-hideg-vizes-zuhany","8":"product_tag-kezi-zuhany","9":"product_tag-kezi-zuhany-a-sos-gozfuerdohoez","10":"product_tag-kezi-zuhany-gozfuerdohoez","11":"product_tag-kezi-zuhany-solemina-v4a","12":"product_tag-rozsdamentes-acel-kneipp-toemlo","13":"product_tag-rozsdamentes-kezi-zuhany","14":"product_tag-tisztitotoemlo-gozfuerdo","16":"first","17":"instock","18":"taxable","19":"shipping-taxable","20":"purchasable","21":"product-type-simple"},"_links":{"self":[{"href":"https:\/\/www.soleum.de\/hu\/wp-json\/wp\/v2\/product\/29783","targetHints":{"allow":["GET"]}}],"collection":[{"href":"https:\/\/www.soleum.de\/hu\/wp-json\/wp\/v2\/product"}],"about":[{"href":"https:\/\/www.soleum.de\/hu\/wp-json\/wp\/v2\/types\/product"}],"wp:featuredmedia":[{"embeddable":true,"href":"https:\/\/www.soleum.de\/hu\/wp-json\/wp\/v2\/media\/17865"}],"wp:attachment":[{"href":"https:\/\/www.soleum.de\/hu\/wp-json\/wp\/v2\/media?parent=29783"}],"wp:term":[{"taxonomy":"product_brand","embeddable":true,"href":"https:\/\/www.soleum.de\/hu\/wp-json\/wp\/v2\/product_brand?post=29783"},{"taxonomy":"product_cat","embeddable":true,"href":"https:\/\/www.soleum.de\/hu\/wp-json\/wp\/v2\/product_cat?post=29783"},{"taxonomy":"product_tag","embeddable":true,"href":"https:\/\/www.soleum.de\/hu\/wp-json\/wp\/v2\/product_tag?post=29783"}],"curies":[{"name":"wp","href":"https:\/\/api.w.org\/{rel}","templated":true}]}}