{"id":29788,"date":"2020-07-21T08:11:34","date_gmt":"2020-07-21T06:11:34","guid":{"rendered":"https:\/\/www.soleum.de\/shop\/nem-kategorizalt\/textilueveg-halo-uevegszalas-halo\/"},"modified":"2024-02-23T17:07:22","modified_gmt":"2024-02-23T16:07:22","slug":"textilueveg-ueveghalo-uevegszalas-halo","status":"publish","type":"product","link":"https:\/\/www.soleum.de\/hu\/shop\/zuhanyzoszek\/textilueveg-ueveghalo-uevegszalas-halo\/","title":{"rendered":"Textil\u00fcveg h\u00e1l\u00f3, \u00fcvegsz\u00e1las h\u00e1l\u00f3"},"content":{"rendered":"<h1>Textil\u00fcvegh\u00e1l\u00f3, \u00fcvegsz\u00e1las h\u00e1l\u00f3 a zuhanyz\u00f3 \u00fcl\u0151k\u00e9re val\u00f3 felragaszt\u00e1shoz<\/h1>\n<p>Alkalmas a BT.A \u00e9s BT.B zuhany\u00fcl\u00e9shez<br \/>\nItt lev\u00e1gjuk a<strong> sz\u00fcks\u00e9ges mennyis\u00e9get<\/strong> (a k\u00e9p jelk\u00e9pes!), \u00e9s ezt adjuk hozz\u00e1 a padhoz.<\/p>\n","protected":false},"excerpt":{"rendered":"<p>Textil\u00fcvegh\u00e1l\u00f3, \u00fcvegsz\u00e1las h\u00e1l\u00f3 a zuhanyz\u00f3 \u00fcl\u0151k\u00e9re val\u00f3 felragaszt\u00e1shoz Alkalmas a BT.A \u00e9s BT.B zuhany\u00fcl\u00e9shez Itt lev\u00e1gjuk a sz\u00fcks\u00e9ges mennyis\u00e9get (a k\u00e9p jelk\u00e9pes!), \u00e9s ezt adjuk hozz\u00e1 a padhoz.<\/p>\n","protected":false},"featured_media":17970,"template":"","meta":[],"product_brand":[],"product_cat":[3772],"product_tag":[4775,4772],"class_list":{"0":"post-29788","1":"product","2":"type-product","3":"status-publish","4":"has-post-thumbnail","6":"product_cat-zuhanyzoszek","7":"product_tag-szaloptikai-halozat","8":"product_tag-textil-ueveg-racs","10":"first","11":"instock","12":"taxable","13":"shipping-taxable","14":"purchasable","15":"product-type-simple"},"_links":{"self":[{"href":"https:\/\/www.soleum.de\/hu\/wp-json\/wp\/v2\/product\/29788","targetHints":{"allow":["GET"]}}],"collection":[{"href":"https:\/\/www.soleum.de\/hu\/wp-json\/wp\/v2\/product"}],"about":[{"href":"https:\/\/www.soleum.de\/hu\/wp-json\/wp\/v2\/types\/product"}],"wp:featuredmedia":[{"embeddable":true,"href":"https:\/\/www.soleum.de\/hu\/wp-json\/wp\/v2\/media\/17970"}],"wp:attachment":[{"href":"https:\/\/www.soleum.de\/hu\/wp-json\/wp\/v2\/media?parent=29788"}],"wp:term":[{"taxonomy":"product_brand","embeddable":true,"href":"https:\/\/www.soleum.de\/hu\/wp-json\/wp\/v2\/product_brand?post=29788"},{"taxonomy":"product_cat","embeddable":true,"href":"https:\/\/www.soleum.de\/hu\/wp-json\/wp\/v2\/product_cat?post=29788"},{"taxonomy":"product_tag","embeddable":true,"href":"https:\/\/www.soleum.de\/hu\/wp-json\/wp\/v2\/product_tag?post=29788"}],"curies":[{"name":"wp","href":"https:\/\/api.w.org\/{rel}","templated":true}]}}