{"id":29812,"date":"2023-05-17T10:57:35","date_gmt":"2023-05-17T08:57:35","guid":{"rendered":"https:\/\/www.soleum.de\/shop\/nem-kategorizalt\/spa-futoett-nyugagy-szallodak-es-maganhasznalatra\/"},"modified":"2024-02-23T17:08:40","modified_gmt":"2024-02-23T16:08:40","slug":"spa-futoett-nyugagy-szallodak-es-maganhasznalatra","status":"publish","type":"product","link":"https:\/\/www.soleum.de\/hu\/shop\/off-sale-ajanlatok-alkuk\/spa-futoett-nyugagy-szallodak-es-maganhasznalatra\/","title":{"rendered":"SPA f\u0171t\u00f6tt nyug\u00e1gy sz\u00e1llod\u00e1k \u00e9s mag\u00e1nhaszn\u00e1latra"},"content":{"rendered":"<div class=\"wpb_text_column wpb_content_element \">\n<div class=\"wpb_wrapper\">\n<h1 class=\"entry-title\">Luxus SPA f\u0171t\u00f6tt nyug\u00e1gy SICIS \u00fcvegmozaikkal<\/h1>\n<h2>SPA nyug\u00e1gyak sz\u00e1llod\u00e1k, wellness r\u00e9szlegek \u00e9s priv\u00e1t szaun\u00e1k sz\u00e1m\u00e1ra<\/h2>\n<p>Az enyhe sug\u00e1rz\u00f3 h\u0151 a csemp\u00e9n kereszt\u00fcl egyed\u00fcl\u00e1ll\u00f3an j\u00f3t\u00e9kony hat\u00e1ssal van a k\u00f6z\u00e9rzet\u00fcnkre. T\u00f6k\u00e9letes form\u00e1j\u00fa pihen\u00e9s egy luxusoszt\u00e1ly\u00fa nyug\u00e1gyban. Id\u0151tlen diz\u00e1jn, ergonomikus forma, k\u00f6nnyen \u00e1polhat\u00f3 tart\u00f3ss\u00e1g &#8211; ezek a f\u0171t\u00f6tt nyug\u00e1gyak igazi m\u0171alkot\u00e1sok, amelyek t\u00f6k\u00e9letesen kieg\u00e9sz\u00edtik a priv\u00e1t spa o\u00e1zisokat vagy az el\u0151kel\u0151 sz\u00e1llod\u00e1k SPA r\u00e9szleg\u00e9t.<\/p>\n<p><strong>SICIS\u00ae<\/strong>: A nemes, k\u00e9zzel k\u00e9sz\u00edtett olasz \u00fcvegmozaiknak k\u00f6sz\u00f6nhet\u0151en a nyug\u00e1gy<strong> minden n\u00e9z\u00e9si ir\u00e1nyb\u00f3l<\/strong> k\u00fcl\u00f6nleges f\u00e9nyben ragyog.<\/p>\n<p>A <strong>mikrocement<\/strong> bevonat, amely k\u00fcl\u00f6nleges \u00e9rzetet ad a nyug\u00e1gynak, szint\u00e9n k\u00e9zzel k\u00e9sz\u00fclt. N\u00e9gy tov\u00e1bbi mikrocement bor\u00edt\u00e1s d\u00edsz\u00edti ezt az exkluz\u00edv wellness nyug\u00e1gyat.<\/p>\n<p>Sicis Mozaik: <strong>Colibri kollekci\u00f3 SWAMI 3<\/strong><br \/>\nA csempefel\u00fcletnek megfelel\u0151en kiv\u00e1lasztott speci\u00e1lis epoxi habarcs a lehet\u0151 legjobb m\u00f3don<br \/>\nF\u0171t\u00e9si teljes\u00edtm\u00e9ny: <strong>459W,<\/strong> 230V<br \/>\nH\u0151m\u00e9rs\u00e9klet szabadon \u00e1ll\u00edthat\u00f3<\/p>\n<p>LED vil\u00e1g\u00edt\u00e1ssal az alap k\u00f6r\u00fcl \u00e9s k\u00e9zzel k\u00e9sz\u00edtett mikrocement bevonattal antracit\/fekete sz\u00ednben.<\/p>\n<p>M\u00e9retek: Sz\u00e9less\u00e9g <strong>81 cm<\/strong> <strong>, <\/strong>magass\u00e1g <strong>106 cm<\/strong>.<br \/>\nS\u00faly: csak <strong>80kg<\/strong><\/p>\n<p>Cikksz\u00e1m: 4301001000<\/p>\n<\/div>\n<\/div>\n\t<div class=\"img has-hover x md-x lg-x y md-y lg-y\" id=\"image_1383174606\">\n\t\t\t\t\t\t\t\t<div class=\"img-inner dark\" >\n\t\t\t<img loading=\"lazy\" decoding=\"async\" width=\"913\" height=\"800\" src=\"https:\/\/www.soleum.de\/wp-content\/uploads\/2023\/05\/SOLEUM_SICIS-SPA-Waermeliege_1000-913x800.jpg\" class=\"attachment-large size-large\" alt=\"\" srcset=\"https:\/\/www.soleum.de\/wp-content\/uploads\/2023\/05\/SOLEUM_SICIS-SPA-Waermeliege_1000-913x800.jpg 913w, https:\/\/www.soleum.de\/wp-content\/uploads\/2023\/05\/SOLEUM_SICIS-SPA-Waermeliege_1000-457x400.jpg 457w, https:\/\/www.soleum.de\/wp-content\/uploads\/2023\/05\/SOLEUM_SICIS-SPA-Waermeliege_1000-768x673.jpg 768w, https:\/\/www.soleum.de\/wp-content\/uploads\/2023\/05\/SOLEUM_SICIS-SPA-Waermeliege_1000-510x447.jpg 510w, https:\/\/www.soleum.de\/wp-content\/uploads\/2023\/05\/SOLEUM_SICIS-SPA-Waermeliege_1000.jpg 1000w\" sizes=\"auto, (max-width: 913px) 100vw, 913px\" \/>\t\t\t\t\t\t\n\t\t\t\t\t<\/div>\n\t\t\t\t\t\t\t\t\n<style>\n#image_1383174606 {\n  width: 100%;\n}\n<\/style>\n\t<\/div>\n\t\n<div class=\"text-center\"><div class=\"is-divider divider clearfix\" style=\"max-width:754px;background-color:rgb(2, 0, 104);\"><\/div><\/div>\n\t<div class=\"img has-hover x md-x lg-x y md-y lg-y\" id=\"image_979445876\">\n\t\t\t\t\t\t\t\t<div class=\"img-inner dark\" >\n\t\t\t<img loading=\"lazy\" decoding=\"async\" width=\"1000\" height=\"346\" src=\"https:\/\/www.soleum.de\/wp-content\/uploads\/2023\/05\/Luxus-SPA-Liege-Abmessungen.jpg\" class=\"attachment-large size-large\" alt=\"\" srcset=\"https:\/\/www.soleum.de\/wp-content\/uploads\/2023\/05\/Luxus-SPA-Liege-Abmessungen.jpg 1000w, https:\/\/www.soleum.de\/wp-content\/uploads\/2023\/05\/Luxus-SPA-Liege-Abmessungen-800x277.jpg 800w, https:\/\/www.soleum.de\/wp-content\/uploads\/2023\/05\/Luxus-SPA-Liege-Abmessungen-768x266.jpg 768w, https:\/\/www.soleum.de\/wp-content\/uploads\/2023\/05\/Luxus-SPA-Liege-Abmessungen-510x176.jpg 510w\" sizes=\"auto, (max-width: 1000px) 100vw, 1000px\" \/>\t\t\t\t\t\t\n\t\t\t\t\t<\/div>\n\t\t\t\t\t\t\t\t\n<style>\n#image_979445876 {\n  width: 100%;\n}\n<\/style>\n\t<\/div>\n\t\n<div class=\"text-center\"><div class=\"is-divider divider clearfix\" style=\"max-width:754px;background-color:rgb(2, 0, 104);\"><\/div><\/div>\n\t<div class=\"box has-hover   has-hover box-text-bottom\" >\n\n\t\t<div class=\"box-image\" style=\"width:25%;\">\n\t\t\t<a href=\"https:\/\/www.soleum.de\/wp-content\/uploads\/2023\/05\/SICIS-SPA-Liege.pdf\" target=\"_blank\" rel=\"noopener\" >\t\t\t<div class=\"\" >\n\t\t\t\t<img loading=\"lazy\" decoding=\"async\" width=\"214\" height=\"300\" src=\"https:\/\/www.soleum.de\/wp-content\/uploads\/2023\/05\/SICIS-SPA-Liege_Preisliste.jpg\" class=\"attachment- size-\" alt=\"\" \/>\t\t\t\t\t\t\t\t\t\t\t<\/div>\n\t\t\t<\/a>\t\t<\/div>\n\n\t\t<div class=\"box-text text-center\" >\n\t\t\t<div class=\"box-text-inner\">\n\t\t\t\t\n<h4><a href=\"https:\/\/www.soleum.de\/wp-content\/uploads\/2023\/05\/SICIS-SPA-Liege.pdf\">Let\u00f6lt\u00e9s SICIS SPA HEAT LIE PDF f\u00e1jl (3MB)<\/a><\/h4>\n<p>T\u00f6ltse le a f\u00e1jlt megtekint\u00e9shez.<\/p>\n\t\t\t<\/div>\n\t\t<\/div>\n\t<\/div>\n\t\n<h2>K\u00e9zzel k\u00e9sz\u00edtett mikrocement bevonat<\/h2>\n<p>A mikrocement k\u00e9tkomponens\u0171, polimerekb\u0151l \u00e9s cementb\u0151l \u00e1ll\u00f3 rendszer. A fel\u00fcletet k\u00fcl\u00f6nb\u00f6z\u0151 sz\u00ednekben v\u00e1laszthatja.<\/p>\n<p>A mikrocementet k\u00e9zzel hordj\u00e1k fel. Ez\u00e9rt az \u00fcgyf\u00e9lnek el kell fogadnia, hogy a m\u0171anyaggal val\u00f3 munka sor\u00e1n el\u0151fordulhatnak kisebb szab\u00e1lytalans\u00e1gok \u00e9s minim\u00e1lis hib\u00e1k. A mikrocement egy k\u00e9zzel k\u00e9sz\u00edtett term\u00e9k, amely egyed\u00fcl\u00e1ll\u00f3an<br \/>\ngy\u00e1rtott \u00e9s nem t\u00f6meggy\u00e1rtott. A sz\u00edn\u00e1rnyalatokban \u00e9s\/vagy a sz\u00ednkoncentr\u00e1ci\u00f3ban mutatkoz\u00f3 k\u00fcl\u00f6nbs\u00e9geket a m\u0171 \u00e9rt\u00e9kes elemeinek kell tekinteni &#8211; nem pedig hib\u00e1knak.<br \/>\nAz \u00e9les vagy hegyes terhel\u00e9seknek (sz\u00e9kek, b\u00fatorok, magas sark\u00fa cip\u0151k stb.) kitett mikrocement fel\u00fcletek kilyukadhatnak vagy megkarcol\u00f3dhatnak. B\u00e1r a mikrocement fel\u00fclete kiv\u00e1l\u00f3 ellen\u00e1ll\u00f3 k\u00e9pess\u00e9ggel rendelkezik, a fapadl\u00f3hoz hasonl\u00f3 tulajdons\u00e1gokkal rendelkezik, \u00e9s ennek megfelel\u0151en kell kezelni.<\/p>\n<p>A mikrocement bevonaton karcol\u00e1sok keletkezhetnek. Min\u00e9l sim\u00e1bb \u00e9s egyenletesebb a fel\u00fclet, ann\u00e1l val\u00f3sz\u00edn\u0171bb, hogy a haszn\u00e1lat sor\u00e1n karcol\u00e1sok keletkeznek rajta. Ezek a probl\u00e9m\u00e1k<br \/>\n\u00e9s hi\u00e1nyoss\u00e1gok k\u00f6nnyen megker\u00fclhet\u0151k a sz\u00ednv\u00e1laszt\u00e1ssal \u00e9s a k\u00f6vetkezetlen, egyenetlen fel\u00fcletv\u00e1laszt\u00e1ssal &#8211; de megfelel\u0151, megfelel\u0151 \u00e1pol\u00e1ssal is.<\/p>\n<p>B\u00e1r a t\u00f6m\u00edt\u0151anyaggal t\u00f6rt\u00e9n\u0151 kezel\u00e9s megv\u00e9di a padl\u00f3t a v\u00e9letlen\u00fcl ki\u00f6ml\u0151 folyad\u00e9kok gyors behatol\u00e1s\u00e1t\u00f3l, nem szabad elfelejteni, hogy minden folyad\u00e9kot,<br \/>\nk\u00fcl\u00f6n\u00f6sen a h\u00e1ztart\u00e1sban gyakran haszn\u00e1lt folyad\u00e9kokat, mint p\u00e9ld\u00e1ul a bor, az olaj, az ecet vagy a k\u00e1v\u00e9, a lehet\u0151 leggyorsabban el kell t\u00e1vol\u00edtani minden fel\u00fcletr\u0151l, hogy azok semmilyen k\u00f6r\u00fclm\u00e9nyek k\u00f6z\u00f6tt ne tudjanak behatolni a fel\u00fcletre.<\/p>\n<p><strong>CARE<\/strong><br \/>\nAj\u00e1nl\u00e1sok \u00e9s javaslatok a mikrocement fel\u00fclet tiszt\u00e1n \u00e9s sz\u00e9pen tart\u00e1s\u00e1ra:<br \/>\n&#8211; A mikrocement burkolat tiszt\u00edt\u00e1sa egyszer\u0171: elegend\u0151 a fel\u00fcletet nedves ruh\u00e1val, kev\u00e9s semleges, habmentes tiszt\u00edt\u00f3szerrel \u00e1tt\u00f6r\u00f6lni.<br \/>\n&#8211; C\u00e9lszer\u0171 a fel\u00fcletet rendszeresen kezelni v\u00edzben l\u00e9v\u0151 \u00f6nf\u00e9nyez\u0151 viaszokon alapul\u00f3 v\u00e9d\u0151szerekkel (p\u00e9ld\u00e1ul Ideal Cera).  <strong>Szappan-, sav-, amm\u00f3nia-, kl\u00f3r- vagy m\u00e1s szappan alap\u00fa \u00e1pol\u00f3szerek.<\/strong><br \/>\nmar\u00f3 hat\u00e1s\u00fa <strong>anyagokon alapul\u00f3 kezel\u00e9sek szigor\u00faan tilosak<\/strong>. Csak UNAGGRESSZ\u00cdV, pH-semleges \u00e1pol\u00f3szereket haszn\u00e1ljon.<\/p>\n\t<div class=\"img has-hover x md-x lg-x y md-y lg-y\" id=\"image_666256069\">\n\t\t\t\t\t\t\t\t<div class=\"img-inner dark\" >\n\t\t\t<img loading=\"lazy\" decoding=\"async\" width=\"1000\" height=\"529\" src=\"https:\/\/www.soleum.de\/wp-content\/uploads\/2023\/05\/Overlay_Mikrozement.jpg\" class=\"attachment-large size-large\" alt=\"\" srcset=\"https:\/\/www.soleum.de\/wp-content\/uploads\/2023\/05\/Overlay_Mikrozement.jpg 1000w, https:\/\/www.soleum.de\/wp-content\/uploads\/2023\/05\/Overlay_Mikrozement-756x400.jpg 756w, https:\/\/www.soleum.de\/wp-content\/uploads\/2023\/05\/Overlay_Mikrozement-768x406.jpg 768w, https:\/\/www.soleum.de\/wp-content\/uploads\/2023\/05\/Overlay_Mikrozement-510x270.jpg 510w\" sizes=\"auto, (max-width: 1000px) 100vw, 1000px\" \/>\t\t\t\t\t\t\n\t\t\t\t\t<\/div>\n\t\t\t\t\t\t\t\t\n<style>\n#image_666256069 {\n  width: 100%;\n}\n<\/style>\n\t<\/div>\n\t\n\t<div id=\"gap-785320865\" class=\"gap-element clearfix\" style=\"display:block; height:auto;\">\n\t\t\n<style>\n#gap-785320865 {\n  padding-top: 100px;\n}\n<\/style>\n\t<\/div>\n\t\n<p>Az \u00e1rak a k\u00f6vetkez\u0151kkel egy\u00fctt \u00e9rtend\u0151k. H\u00c9A \u00e9s ex works Pregarten<\/p>\n","protected":false},"excerpt":{"rendered":"<p>Luxus SPA f\u0171t\u00f6tt nyug\u00e1gy SICIS \u00fcvegmozaikkal exkluz\u00edv wellness r\u00e9szlegek \u00e9s priv\u00e1t szaunavil\u00e1gok sz\u00e1m\u00e1ra. Az oldalfalak finom antracit mikrocementb\u0151l k\u00e9sz\u00fclnek. T\u00f6k\u00e9letes form\u00e1j\u00fa pihen\u00e9s egy luxusoszt\u00e1ly\u00fa nyug\u00e1gyban.<\/p>\n","protected":false},"featured_media":20791,"template":"","meta":[],"product_brand":[],"product_cat":[4796,4883],"product_tag":[4890,4888,4889,4895,4894,4891,4892,4893,4896,4899,4898,4897,4918,4900,4902,4904,4906,4912,4915,4910,4908,4922,4885,4886,4887,4115,4920],"class_list":{"0":"post-29812","1":"product","2":"type-product","3":"status-publish","4":"has-post-thumbnail","6":"product_cat-off-sale-ajanlatok-alkuk","7":"product_cat-spa-futoett-nyugagyak","8":"product_tag-arany-bevonat","9":"product_tag-csempezett-infravoeroes-kanape","10":"product_tag-csempezett-melegito-kanape","11":"product_tag-fotel-a-wellness-reszleghez","12":"product_tag-fotel-epiteszek-szamara","13":"product_tag-hotel-kanape","14":"product_tag-infravoeroes-fotel-tarsalgo","15":"product_tag-infravoeroes-relaxacios-nyugagy","16":"product_tag-luxus-nyugagy","17":"product_tag-luxus-nyugagy-hu","18":"product_tag-luxus-spa-hu","19":"product_tag-luxus-spa-nyugagy","20":"product_tag-melegito-kanape-spa-letesitmenyekhez","21":"product_tag-mikrocement-hu","22":"product_tag-mikrocement-bevonat","23":"product_tag-sicis-nyugagy","24":"product_tag-soleum-nyugagy","25":"product_tag-spa-nyugagy","26":"product_tag-spa-nyugagyak-szalloda-szamara","27":"product_tag-spa-oetletek","28":"product_tag-spa-tervezo","29":"product_tag-tartozekok-wellness-reszlegekhez","30":"product_tag-tervezo-spa-nyugagy","31":"product_tag-valodi-fem","32":"product_tag-valodi-fem-bevonat","33":"product_tag-wellness-nyugagy","34":"product_tag-wellness-nyugagyak-a-szaunahoz","36":"first","37":"instock","38":"sale","39":"taxable","40":"shipping-taxable","41":"purchasable","42":"product-type-simple"},"_links":{"self":[{"href":"https:\/\/www.soleum.de\/hu\/wp-json\/wp\/v2\/product\/29812","targetHints":{"allow":["GET"]}}],"collection":[{"href":"https:\/\/www.soleum.de\/hu\/wp-json\/wp\/v2\/product"}],"about":[{"href":"https:\/\/www.soleum.de\/hu\/wp-json\/wp\/v2\/types\/product"}],"wp:featuredmedia":[{"embeddable":true,"href":"https:\/\/www.soleum.de\/hu\/wp-json\/wp\/v2\/media\/20791"}],"wp:attachment":[{"href":"https:\/\/www.soleum.de\/hu\/wp-json\/wp\/v2\/media?parent=29812"}],"wp:term":[{"taxonomy":"product_brand","embeddable":true,"href":"https:\/\/www.soleum.de\/hu\/wp-json\/wp\/v2\/product_brand?post=29812"},{"taxonomy":"product_cat","embeddable":true,"href":"https:\/\/www.soleum.de\/hu\/wp-json\/wp\/v2\/product_cat?post=29812"},{"taxonomy":"product_tag","embeddable":true,"href":"https:\/\/www.soleum.de\/hu\/wp-json\/wp\/v2\/product_tag?post=29812"}],"curies":[{"name":"wp","href":"https:\/\/api.w.org\/{rel}","templated":true}]}}