{"id":29833,"date":"2023-06-13T12:24:22","date_gmt":"2023-06-13T10:24:22","guid":{"rendered":"https:\/\/www.soleum.de\/shop\/nem-kategorizalt\/homerseklet-erzekelo-tf-104\/"},"modified":"2024-09-06T07:32:29","modified_gmt":"2024-09-06T05:32:29","slug":"homerseklet-erzekelo-tf-104","status":"publish","type":"product","link":"https:\/\/www.soleum.de\/hu\/shop\/gozfejlesztok\/homerseklet-erzekelo-tf-104\/","title":{"rendered":"H\u0151m\u00e9rs\u00e9klet-\u00e9rz\u00e9kel\u0151 TF 104"},"content":{"rendered":"<p>TF 104 h\u0151m\u00e9rs\u00e9klet-\u00e9rz\u00e9kel\u0151 FLEXLINE \u00e9s STANDARDLINE g\u0151zfejleszt\u0151kh\u00f6z rendel\u00e9si k\u00f3d:B-0605227 NTC 10 m hossz\u00fa k\u00e1bel, inkl. Tart\u00f3 az \u00e9rz\u00e9kel\u0151h\u00f6z V\u00e9delmi oszt\u00e1ly IP 65 A h\u0151m\u00e9rs\u00e9klet m\u00e9r\u00e9s\u00e9hez a g\u0151zf\u00fcrd\u0151ben, a g\u0151zf\u00fcrd\u0151 h\u0151m\u00e9rs\u00e9klet\u00e9nek szab\u00e1lyoz\u00e1s\u00e1hoz.  &nbsp;<\/p>\n","protected":false},"excerpt":{"rendered":"<p>TF 104 h\u0151m\u00e9rs\u00e9klet-\u00e9rz\u00e9kel\u0151 FLEXLINE \u00e9s STANDARDLINE g\u0151zfejleszt\u0151kh\u00f6z rendel\u00e9si k\u00f3d:B-0605227 NTC 10 m hossz\u00fa k\u00e1bel, inkl. Tart\u00f3 az \u00e9rz\u00e9kel\u0151h\u00f6z V\u00e9delmi oszt\u00e1ly IP 65 A h\u0151m\u00e9rs\u00e9klet m\u00e9r\u00e9s\u00e9hez a g\u0151zf\u00fcrd\u0151ben, a g\u0151zf\u00fcrd\u0151 h\u0151m\u00e9rs\u00e9klet\u00e9nek szab\u00e1lyoz\u00e1s\u00e1hoz. &nbsp;<\/p>\n","protected":false},"featured_media":20546,"template":"","meta":[],"product_brand":[],"product_cat":[3674],"product_tag":[5089,5087,5092],"class_list":{"0":"post-29833","1":"product","2":"type-product","3":"status-publish","4":"has-post-thumbnail","6":"product_cat-gozfejlesztok","7":"product_tag-gozfuerdo-homerseklete","8":"product_tag-homerseklet-erzekelo","9":"product_tag-homersekletszabalyozo-gozfuerdo","10":"product_shipping_class-paket-5-10kg-hu","12":"first","13":"outofstock","14":"taxable","15":"shipping-taxable","16":"purchasable","17":"product-type-simple"},"_links":{"self":[{"href":"https:\/\/www.soleum.de\/hu\/wp-json\/wp\/v2\/product\/29833","targetHints":{"allow":["GET"]}}],"collection":[{"href":"https:\/\/www.soleum.de\/hu\/wp-json\/wp\/v2\/product"}],"about":[{"href":"https:\/\/www.soleum.de\/hu\/wp-json\/wp\/v2\/types\/product"}],"wp:featuredmedia":[{"embeddable":true,"href":"https:\/\/www.soleum.de\/hu\/wp-json\/wp\/v2\/media\/20546"}],"wp:attachment":[{"href":"https:\/\/www.soleum.de\/hu\/wp-json\/wp\/v2\/media?parent=29833"}],"wp:term":[{"taxonomy":"product_brand","embeddable":true,"href":"https:\/\/www.soleum.de\/hu\/wp-json\/wp\/v2\/product_brand?post=29833"},{"taxonomy":"product_cat","embeddable":true,"href":"https:\/\/www.soleum.de\/hu\/wp-json\/wp\/v2\/product_cat?post=29833"},{"taxonomy":"product_tag","embeddable":true,"href":"https:\/\/www.soleum.de\/hu\/wp-json\/wp\/v2\/product_tag?post=29833"}],"curies":[{"name":"wp","href":"https:\/\/api.w.org\/{rel}","templated":true}]}}