{"id":29918,"date":"2017-12-16T15:16:43","date_gmt":"2017-12-16T14:16:43","guid":{"rendered":"https:\/\/www.soleum.de\/shop\/nem-kategorizalt\/gozhenger-potalkatresz\/"},"modified":"2024-02-23T17:04:58","modified_gmt":"2024-02-23T16:04:58","slug":"gozhenger-potalkatresz","status":"publish","type":"product","link":"https:\/\/www.soleum.de\/hu\/shop\/potalkatreszek\/gozhenger-potalkatresz\/","title":{"rendered":"G\u0151zhenger p\u00f3talkatr\u00e9sz"},"content":{"rendered":"<h1>G\u0151zhenger p\u00f3talkatr\u00e9sz alacsony vagy k\u00f6zepes vezet\u0151k\u00e9pess\u00e9ghez<\/h1>\n<h2>SOL-Steam g\u0151zfejleszt\u0151kh\u00f6z SOL-005, SOL-008, SOL-010, SOL-015, SOL-018<\/h2>\n<div><span style=\"font-size: 120%;\">G\u0151zhenger p\u00f3talkatr\u00e9sz alacsony v\u00edzvezet\u0151 k\u00e9pess\u00e9ghez: <strong>75-350 \u00b5S\/cm<\/strong><\/span><\/div>\n<div>\n<div><span style=\"font-size: 120%;\">G\u0151zhenger p\u00f3talkatr\u00e9sz k\u00f6zepes v\u00edzvezet\u0151k\u00e9pess\u00e9g\u0171 v\u00edzhez: <strong>350-1250 \u00b5S\/cm (standard henger)<\/strong><\/span><\/div>\n<\/div>\n\t<div id=\"gap-1828014743\" class=\"gap-element clearfix\" style=\"display:block; height:auto;\">\n\t\t\n<style>\n#gap-1828014743 {\n  padding-top: 30px;\n}\n<\/style>\n\t<\/div>\n\t\n<div>Az \u00e1r m\u00e1r tartalmazza az elektr\u00f3dak\u00e9szletet!<\/div>\n\t<div id=\"gap-994532023\" class=\"gap-element clearfix\" style=\"display:block; height:auto;\">\n\t\t\n<style>\n#gap-994532023 {\n  padding-top: 30px;\n}\n<\/style>\n\t<\/div>\n\t\n<div>A k\u00f6vetkez\u0151 vide\u00f3n l\u00e1thatja, hogy a g\u0151zhenger cser\u00e9je nagyon egyszer\u0171:<\/div>\n<p><iframe loading=\"lazy\" src=\"https:\/\/www.youtube.com\/embed\/kRphlMnuBQY?rel=0\" width=\"560\" height=\"315\" frameborder=\"0\" allowfullscreen=\"allowfullscreen\"><\/iframe><\/p>\n<div>\n<h2>V\u00edzmin\u0151s\u00e9g \u00e9s g\u0151zhenger &#8211; \u00e9lettartam<\/h2>\n<p>A v\u00edzkem\u00e9nys\u00e9g \u00e9s a henger \u00e9lettartama k\u00f6z\u00f6tti kapcsolat nem line\u00e1ris, \u00e9s nem sz\u00e1m\u00edthat\u00f3 ki. A v\u00edzkem\u00e9nys\u00e9g, \u00b0dH = n\u00e9met kem\u00e9nys\u00e9gi fok, csak a v\u00edzben oldott m\u00e9sz (kalcium \u00e9s ionok) ar\u00e1ny\u00e1ra utal. A vezet\u0151k\u00e9pess\u00e9get az oldott s\u00f3k \u00e9s f\u00e9mek mennyis\u00e9ge hat\u00e1rozza meg. A vizek \u00f6sszet\u00e9tele \u00e9s az oldott anyagok egym\u00e1shoz viszony\u00edtott ar\u00e1nya nagyon elt\u00e9r\u0151, \u00edgy a mai napig senki sem tudja pontosan megmondani, hogy az elektr\u00f3d\u00e1s p\u00e1r\u00e1s\u00edt\u00f3k mi\u00e9rt m\u0171k\u00f6dnek tov\u00e1bb az egyik v\u00edzzel, mint a m\u00e1sikkal, b\u00e1r mindkett\u0151 &#8222;j\u00f3 iv\u00f3v\u00edzmin\u0151s\u00e9g\u0171&#8221;. Az al\u00e1bbi \u00e9rt\u00e9keket egy \u00e1llami v\u00edz\u00fcgyi hat\u00f3s\u00e1g hat\u00e1rozta meg v\u00edzelemz\u00e9sekkel, ahol az \u00fczem\u00f3r\u00e1k csak a kem\u00e9nys\u00e9gre vonatkoznak! Nem veszik figyelembe az olyan oldott anyagokat, mint az \u00e1sv\u00e1nyok, s\u00f3k \u00e9s f\u00e9mek, valamint az elektromos vezet\u0151k\u00e9pess\u00e9get.<\/p>\n<p><img loading=\"lazy\" decoding=\"async\" class=\"aligncenter size-full wp-image-7752\" src=\"https:\/\/www.soleum.de\/wp-content\/uploads\/2017\/12\/dampfzylinder_wasserhaerte.jpg\" alt=\"G\u0151zpalack v\u00edzkem\u00e9nys\u00e9gt\u00e1bl\u00e1zata\" width=\"676\" height=\"227\" srcset=\"https:\/\/www.soleum.de\/wp-content\/uploads\/2017\/12\/dampfzylinder_wasserhaerte.jpg 676w, https:\/\/www.soleum.de\/wp-content\/uploads\/2017\/12\/dampfzylinder_wasserhaerte-510x171.jpg 510w\" sizes=\"auto, (max-width: 676px) 100vw, 676px\" \/><\/p>\n<p>A megfelel\u0151 l\u00e1gy\u00edt\u00f3rendszer n\u00f6velheti a hengerek \u00e9lettartam\u00e1t. Az ioncser\u00e9l\u0151kben a kem\u00e9nys\u00e9gkomponenseket (m\u00e9sz) n\u00e1triumra (s\u00f3) cser\u00e9lik. A l\u00e1gy\u00edtott v\u00edzben ekkor kevesebb a m\u00e9sz, de t\u00f6bb a s\u00f3 = nagyobb a vezet\u0151k\u00e9pess\u00e9g = nagyobb az agresszivit\u00e1s.<\/p>\n<p>A 75\u00b5S\/cm-n\u00e9l kisebb \u00e9s 1500\u00b5S\/cm-n\u00e9l nagyobb v\u00edz nem alkalmas az elektr\u00f3d\u00e1s p\u00e1r\u00e1s\u00edt\u00f3khoz!<\/p>\n<\/div>\n\t<div id=\"gap-1887380986\" class=\"gap-element clearfix\" style=\"display:block; height:auto;\">\n\t\t\n<style>\n#gap-1887380986 {\n  padding-top: 30px;\n}\n<\/style>\n\t<\/div>\n\t\n","protected":false},"excerpt":{"rendered":"<p>\u00daj cserehenger a SOL-Steam elektr\u00f3dag\u0151zfejleszt\u0151h\u00f6z<\/p>\n<p>K\u00c9RJ\u00dcK, V\u00c1LASSZA KI A K\u00c9SZ\u00dcL\u00c9KET \u00c9S A K\u00cdV\u00c1NT VEZET\u0150K\u00c9PESS\u00c9GET AZ AL\u00c1BBI KIV\u00c1LASZT\u00c1SI MEZ\u0150BEN!<\/p>\n","protected":false},"featured_media":15226,"template":"","meta":[],"product_brand":[],"product_cat":[5295],"product_tag":[5300,5301,5298,5016,5299,5296,5297],"class_list":{"0":"post-29918","1":"product","2":"type-product","3":"status-publish","4":"has-post-thumbnail","6":"product_cat-potalkatreszek","7":"product_tag-alacsony-vezetokepesseg","8":"product_tag-atlagos-vezetokepesseg","9":"product_tag-cserealkatresz-gozfejleszto","10":"product_tag-gozhenger","11":"product_tag-goztartaly-potalkatresz","12":"product_tag-potalkatresz","13":"product_tag-potalkatresz-hu","14":"product_shipping_class-paket-5-10kg-hu","16":"first","17":"instock","18":"taxable","19":"shipping-taxable","20":"purchasable","21":"product-type-variable"},"_links":{"self":[{"href":"https:\/\/www.soleum.de\/hu\/wp-json\/wp\/v2\/product\/29918","targetHints":{"allow":["GET"]}}],"collection":[{"href":"https:\/\/www.soleum.de\/hu\/wp-json\/wp\/v2\/product"}],"about":[{"href":"https:\/\/www.soleum.de\/hu\/wp-json\/wp\/v2\/types\/product"}],"wp:featuredmedia":[{"embeddable":true,"href":"https:\/\/www.soleum.de\/hu\/wp-json\/wp\/v2\/media\/15226"}],"wp:attachment":[{"href":"https:\/\/www.soleum.de\/hu\/wp-json\/wp\/v2\/media?parent=29918"}],"wp:term":[{"taxonomy":"product_brand","embeddable":true,"href":"https:\/\/www.soleum.de\/hu\/wp-json\/wp\/v2\/product_brand?post=29918"},{"taxonomy":"product_cat","embeddable":true,"href":"https:\/\/www.soleum.de\/hu\/wp-json\/wp\/v2\/product_cat?post=29918"},{"taxonomy":"product_tag","embeddable":true,"href":"https:\/\/www.soleum.de\/hu\/wp-json\/wp\/v2\/product_tag?post=29918"}],"curies":[{"name":"wp","href":"https:\/\/api.w.org\/{rel}","templated":true}]}}